{"id":243704,"date":"2026-01-19T19:03:25","date_gmt":"2026-01-19T16:03:25","guid":{"rendered":"https:\/\/vbd.dev.sumena.ee\/?post_type=product&#038;p=243704"},"modified":"2026-02-11T10:12:32","modified_gmt":"2026-02-11T07:12:32","slug":"kalkuniliha-pulgad-ternespiimaga-kutsikatele-dog-fest-45g","status":"publish","type":"product","link":"https:\/\/vbd.dev.sumena.ee\/lv\/products-2\/kalkuniliha-pulgad-ternespiimaga-kutsikatele-dog-fest-45g\/","title":{"rendered":"T\u012btara ga\u013cas n\u016bji\u0146as ar piena serumu, kuc\u0113niem, Dog Fest, 45 g"},"content":{"rendered":"<p>Pienespiems ir paz\u012bstams ar vesel\u012bbai labv\u0113l\u012bgaj\u0101m \u012bpa\u0161\u012bb\u0101m, tas satur daudz vitam\u012bnu, kas kuc\u0113nam nepiecie\u0161ami stiprai im\u016bnsist\u0113mai un norm\u0101lai att\u012bst\u012bbai.<br \/>\n<strong>Sast\u0101vs<\/strong>: vistas ga\u013ca, t\u012btara ga\u013ca, augu izcelsmes subprodukti, liellopa piena serums, miner\u0101lvielas.<br \/>\n<strong>Anal\u012btisk\u0101s vielas<\/strong>: olbaltumvielas 40%, tauki 4%, \u0161\u0137iedras 3%, pelni 8%, mitrums 23%.<br \/>\n<strong>Lieto\u0161ana<\/strong>: pied\u0101v\u0101jiet k\u0101 na\u0161\u0137i dienas laik\u0101.<\/p>","protected":false},"excerpt":{"rendered":"<p>Ternespiim on tuntud tervisele kasulike omaduste poolest, see sisaldab rikkalikult vitamiine, mida kutsikas tugeva immuuns\u00fcsteemi ja normaalse arengu jaoks vajab. Koostis: kanaliha, kalkuniliha, taimsed subproduktid, lehma ternespiim, mineraalained. Anal\u00fc\u00fctilised koostisosad: toorvalk 40%, toorrasv 4%, toorkiud 3%, toortuhk 8%, niiskus 23%. Kasutamine: pakkuge p\u00e4eva jooksul maiuspalana.<\/p>","protected":false},"featured_media":243707,"comment_status":"open","ping_status":"closed","template":"","meta":{"_acf_changed":false},"product_brand":[],"product_cat":[91],"product_tag":[],"class_list":{"0":"post-243704","1":"product","2":"type-product","3":"status-publish","4":"has-post-thumbnail","6":"product_cat-loomatoit","8":"first","9":"instock","10":"sale","11":"taxable","12":"shipping-taxable","13":"purchasable","14":"product-type-simple"},"supplier_id":null,"supplier_sku":"","barcode":null,"atum_controlled":true,"out_stock_date":null,"out_stock_threshold":null,"inheritable":false,"inbound_stock":0,"stock_on_hold":0,"sold_today":0,"sales_last_days":8,"reserved_stock":0,"customer_returns":0,"warehouse_damage":0,"lost_in_post":0,"other_logs":0,"out_stock_days":0,"lost_sales":0,"has_location":false,"update_date":"2026-02-12T10:32:00","atum_locations":[],"atum_stock_status":"instock","restock_status":false,"low_stock_amount":"","sales_update_date":"2026-02-12T10:31:50","calc_backorders":null,"acf":[],"_links":{"self":[{"href":"https:\/\/vbd.dev.sumena.ee\/lv\/wp-json\/wp\/v2\/product\/243704","targetHints":{"allow":["GET"]}}],"collection":[{"href":"https:\/\/vbd.dev.sumena.ee\/lv\/wp-json\/wp\/v2\/product"}],"about":[{"href":"https:\/\/vbd.dev.sumena.ee\/lv\/wp-json\/wp\/v2\/types\/product"}],"replies":[{"embeddable":true,"href":"https:\/\/vbd.dev.sumena.ee\/lv\/wp-json\/wp\/v2\/comments?post=243704"}],"wp:featuredmedia":[{"embeddable":true,"href":"https:\/\/vbd.dev.sumena.ee\/lv\/wp-json\/wp\/v2\/media\/243707"}],"wp:attachment":[{"href":"https:\/\/vbd.dev.sumena.ee\/lv\/wp-json\/wp\/v2\/media?parent=243704"}],"wp:term":[{"taxonomy":"product_brand","embeddable":true,"href":"https:\/\/vbd.dev.sumena.ee\/lv\/wp-json\/wp\/v2\/product_brand?post=243704"},{"taxonomy":"product_cat","embeddable":true,"href":"https:\/\/vbd.dev.sumena.ee\/lv\/wp-json\/wp\/v2\/product_cat?post=243704"},{"taxonomy":"product_tag","embeddable":true,"href":"https:\/\/vbd.dev.sumena.ee\/lv\/wp-json\/wp\/v2\/product_tag?post=243704"}],"curies":[{"name":"wp","href":"https:\/\/api.w.org\/{rel}","templated":true}]}}