{"id":240225,"date":"2025-05-07T11:38:35","date_gmt":"2025-05-07T08:38:35","guid":{"rendered":"https:\/\/vbd.dev.sumena.ee\/?post_type=product&#038;p=240225"},"modified":"2026-02-12T13:08:08","modified_gmt":"2026-02-12T10:08:08","slug":"tumendavad-tilgad-bell-hypoallergenic-8ml","status":"publish","type":"product","link":"https:\/\/vbd.dev.sumena.ee\/lv\/products-2\/tumendavad-tilgad-bell-hypoallergenic-8ml\/","title":{"rendered":"Tum\u0161in\u0101\u0161anas pilieni, Bell HYPOAllergenic 8ml"},"content":{"rendered":"<p>Pievienojiet pilienus, lai tum\u0161in\u0101tu sejas kr\u0113ma vai ton\u0101l\u0101 kr\u0113ma toni, neietekm\u0113jot produkta segumu, notur\u012bbu vai galaproduktu. Tum\u0161uma pak\u0101pi var regul\u0113t atbilsto\u0161i \u0101das tonim, un \u0113rt\u0101 iepakojuma d\u0113\u013c var pievienot pareizu daudzumu. Veg\u0101nisks sast\u0101vs satur saulespu\u0137u e\u013c\u013cu un labv\u0113l\u012bgus arb\u016bza, gran\u0101t\u0101bolu un li\u010diju ekstraktus.<\/p>\n<p>Piem\u0113rots veg\u0101niem, sast\u0101vs atbilst Clean Beauty principiem. PETA sertific\u0113ts. Nesatur mikroplastmasu. Test\u0113ts dermatologa uzraudz\u012bb\u0101.<\/p>\n<p>Lieto\u0161ana: pievienojiet p\u0101ris pilienus grima b\u0101zei un sajauciet, lai ieg\u016btu piem\u0113rotu tum\u0161\u0101ku toni.<\/p>\n<p>&nbsp;<\/p>","protected":false},"excerpt":{"rendered":"<p>Best-before: 01.06.2025<\/p>","protected":false},"featured_media":240226,"comment_status":"open","ping_status":"closed","template":"","meta":{"_acf_changed":false},"product_brand":[],"product_cat":[156,104],"product_tag":[],"class_list":{"0":"post-240225","1":"product","2":"type-product","3":"status-publish","4":"has-post-thumbnail","6":"product_cat-naohooldus","7":"product_cat-enesehooldus","9":"first","10":"instock","11":"sale","12":"taxable","13":"shipping-taxable","14":"purchasable","15":"product-type-simple"},"supplier_id":null,"supplier_sku":"","barcode":null,"atum_controlled":true,"out_stock_date":null,"out_stock_threshold":null,"inheritable":false,"inbound_stock":0,"stock_on_hold":1,"sold_today":1,"sales_last_days":5,"reserved_stock":0,"customer_returns":0,"warehouse_damage":0,"lost_in_post":0,"other_logs":0,"out_stock_days":0,"lost_sales":0,"has_location":false,"update_date":"2026-02-12T15:22:55","atum_locations":[],"atum_stock_status":"instock","restock_status":false,"low_stock_amount":"","sales_update_date":"2026-02-12T15:22:46","calc_backorders":null,"acf":[],"_links":{"self":[{"href":"https:\/\/vbd.dev.sumena.ee\/lv\/wp-json\/wp\/v2\/product\/240225","targetHints":{"allow":["GET"]}}],"collection":[{"href":"https:\/\/vbd.dev.sumena.ee\/lv\/wp-json\/wp\/v2\/product"}],"about":[{"href":"https:\/\/vbd.dev.sumena.ee\/lv\/wp-json\/wp\/v2\/types\/product"}],"replies":[{"embeddable":true,"href":"https:\/\/vbd.dev.sumena.ee\/lv\/wp-json\/wp\/v2\/comments?post=240225"}],"wp:featuredmedia":[{"embeddable":true,"href":"https:\/\/vbd.dev.sumena.ee\/lv\/wp-json\/wp\/v2\/media\/240226"}],"wp:attachment":[{"href":"https:\/\/vbd.dev.sumena.ee\/lv\/wp-json\/wp\/v2\/media?parent=240225"}],"wp:term":[{"taxonomy":"product_brand","embeddable":true,"href":"https:\/\/vbd.dev.sumena.ee\/lv\/wp-json\/wp\/v2\/product_brand?post=240225"},{"taxonomy":"product_cat","embeddable":true,"href":"https:\/\/vbd.dev.sumena.ee\/lv\/wp-json\/wp\/v2\/product_cat?post=240225"},{"taxonomy":"product_tag","embeddable":true,"href":"https:\/\/vbd.dev.sumena.ee\/lv\/wp-json\/wp\/v2\/product_tag?post=240225"}],"curies":[{"name":"wp","href":"https:\/\/api.w.org\/{rel}","templated":true}]}}