{"id":240202,"date":"2026-02-12T11:06:54","date_gmt":"2026-02-12T08:06:54","guid":{"rendered":"https:\/\/vbd.dev.sumena.ee\/?post_type=product&#038;p=240202"},"modified":"2026-02-12T18:08:27","modified_gmt":"2026-02-12T15:08:27","slug":"unelm-kinkekomplekt-dushigeel-250mlkehalohnastaja-150ml-tahiti","status":"publish","type":"product","link":"https:\/\/vbd.dev.sumena.ee\/lv\/products-2\/unelm-kinkekomplekt-dushigeel-250mlkehalohnastaja-150ml-tahiti\/","title":{"rendered":"Unelm d\u0101vanu komplekts du\u0161as \u017eeleja 250 ml + \u0137erme\u0146a smar\u017eviela 150 ml, TAHITI"},"content":{"rendered":"<div class=\"classic-editor\">\n<p>Tahiti Dream d\u0101vanu komplekts, kur\u0101 ietilpst aromatiz\u0113ts du\u0161as \u017eelejs 250 ml + \u0137erme\u0146a smar\u017eviela 150 ml. Du\u0161as \u017eeleja \u2013 bur\u0101jiet sap\u0146u j\u016br\u0101, uzkl\u0101jiet savai \u0101dai svaiguma eleganci! \u0160\u012bs du\u0161as \u017eelejas nomierino\u0161\u0101 sast\u0101va maig\u0101 att\u012bra, kam\u0113r alvejas ekstrakts baro, nomierina un mitrina \u0101du. \u0136erme\u0146a smar\u017eviela \u2013 bur\u0101jiet sap\u0146u j\u016br\u0101, uzkl\u0101jiet savai \u0101dai svaiguma eleganci! Satur vair\u0101k nek\u0101 95% dab\u012bgu sast\u0101vda\u013cu, alkohols ir 100% augu izcelsmes. Produkts bez kr\u0101sviel\u0101m. \u013boti viegli uzliesmojo\u0161a \u0161\u0137idruma un tvaiku. Glab\u0101t<\/p>\n<\/div>\n<div class=\"classic-editor\">\n<p><strong>\u0136erme\u0146a sprejs<\/strong> Aqua, Alcohol Denat., Parfum, Propylene Glycol, PEG-40 Hydrogenated Castor Oil, Benzyl Salicylate, Citronellol, Coumarin, Linalool, Alpha-Isomethyl Ionone, Limonene, Cinnamyl Alcohol, Geraniol, Butylphenyl Methylpropional.<\/p>\n<p class=\"LC20lb MBeuO DKV0Md\"><strong>Du\u0161as \u017eeleja<\/strong> Aqua, Sodium Laureth Sulfate, Cocamidopropyl Betaine, Aloe Barbadensis Leaf Juice, Glycerin, Glycereth-7 Caprylate\/Caprate, Sodium Chloride, Coco-Glucoside, Glyceryl Oleate, Parfum, Methylchloroisothiazolinone, Methylisothiazolinone, Disodium EDTA, Citric Acid.<\/p>\n<\/div>","protected":false},"excerpt":{"rendered":"<p>Best-before: 01.06.2025<\/p>","protected":false},"featured_media":240203,"comment_status":"open","ping_status":"closed","template":"","meta":{"_acf_changed":false},"product_brand":[],"product_cat":[158,104],"product_tag":[],"class_list":{"0":"post-240202","1":"product","2":"type-product","3":"status-publish","4":"has-post-thumbnail","6":"product_cat-kehahooldus","7":"product_cat-enesehooldus","9":"first","10":"instock","11":"sale","12":"taxable","13":"shipping-taxable","14":"purchasable","15":"product-type-simple"},"supplier_id":null,"supplier_sku":"","barcode":null,"atum_controlled":true,"out_stock_date":null,"out_stock_threshold":null,"inheritable":false,"inbound_stock":0,"stock_on_hold":13,"sold_today":13,"sales_last_days":13,"reserved_stock":0,"customer_returns":0,"warehouse_damage":0,"lost_in_post":0,"other_logs":0,"out_stock_days":0,"lost_sales":0,"has_location":false,"update_date":"2026-02-12T15:08:42","atum_locations":[],"atum_stock_status":"instock","restock_status":false,"low_stock_amount":"","sales_update_date":"2026-02-12T15:08:32","calc_backorders":null,"acf":[],"_links":{"self":[{"href":"https:\/\/vbd.dev.sumena.ee\/lv\/wp-json\/wp\/v2\/product\/240202","targetHints":{"allow":["GET"]}}],"collection":[{"href":"https:\/\/vbd.dev.sumena.ee\/lv\/wp-json\/wp\/v2\/product"}],"about":[{"href":"https:\/\/vbd.dev.sumena.ee\/lv\/wp-json\/wp\/v2\/types\/product"}],"replies":[{"embeddable":true,"href":"https:\/\/vbd.dev.sumena.ee\/lv\/wp-json\/wp\/v2\/comments?post=240202"}],"wp:featuredmedia":[{"embeddable":true,"href":"https:\/\/vbd.dev.sumena.ee\/lv\/wp-json\/wp\/v2\/media\/240203"}],"wp:attachment":[{"href":"https:\/\/vbd.dev.sumena.ee\/lv\/wp-json\/wp\/v2\/media?parent=240202"}],"wp:term":[{"taxonomy":"product_brand","embeddable":true,"href":"https:\/\/vbd.dev.sumena.ee\/lv\/wp-json\/wp\/v2\/product_brand?post=240202"},{"taxonomy":"product_cat","embeddable":true,"href":"https:\/\/vbd.dev.sumena.ee\/lv\/wp-json\/wp\/v2\/product_cat?post=240202"},{"taxonomy":"product_tag","embeddable":true,"href":"https:\/\/vbd.dev.sumena.ee\/lv\/wp-json\/wp\/v2\/product_tag?post=240202"}],"curies":[{"name":"wp","href":"https:\/\/api.w.org\/{rel}","templated":true}]}}