{"id":240189,"date":"2025-05-07T10:47:24","date_gmt":"2025-05-07T07:47:24","guid":{"rendered":"https:\/\/vbd.dev.sumena.ee\/?post_type=product&#038;p=240189"},"modified":"2026-02-11T02:25:45","modified_gmt":"2026-02-10T23:25:45","slug":"orgaaniline-kanepiseemneoli-seerum-biovegane-30ml","status":"publish","type":"product","link":"https:\/\/vbd.dev.sumena.ee\/lv\/products-2\/orgaaniline-kanepiseemneoli-seerum-biovegane-30ml\/","title":{"rendered":"Organiska Ka\u0146epes S\u0113klu E\u013c\u013cas Serums, BioVegane, 30ml"},"content":{"rendered":"<p>Viegls e\u013c\u013cas serums ar super\u0113diena ekstraktu no biolo\u0123iskas ka\u0146epe\u013c\u013cas, aloja vera un \u201c\u201dantistresa kompleksu\u201d\u201d apvieno seruma efektivit\u0101ti ar e\u013c\u013cas re\u0123ener\u0113jo\u0161o sp\u0113ku un piem\u0113rots visiem \u0101das tipiem. Tekst\u016bra bag\u0101tin\u0101ta ar omega tauksk\u0101b\u0113m, \u0101tri uzs\u016bcas un aizsarg\u0101 \u0101du no mitruma zuduma un \u00b4\u0101das stresa\u00b4. \u0100das aizsargbarjera nostiprin\u0101s un l\u012bdzsvarojas. Lai visp\u0101r\u0113jas relaks\u0113tas \u0101das saj\u016btai.<br \/>\nLieto\u0161ana: Uzkl\u0101j uz \u0101das no r\u012bta un vakar p\u0113c att\u012br\u012b\u0161anas. \u013bauj ies\u016bkties un turpini ar kop\u0161anas l\u012bdzekli.<\/p>\n<p><strong>SAST\u0100VDA\u013bAS:<\/strong><\/p>\n<p>GLYCINE SOJA (SOYBEAN) E\u013b\u013bA* \u2022 COCO-CAPRYLATE \u2022 CANNABIS SATIVA (HEMP) S\u0112KLU E\u013b\u013bA* \u2022 PRUNUS AMYGDALUS DULCIS (SWEET ALMOND) E\u013b\u013bA* \u2022 SIMMONDSIA CHINENSIS (JOJOBA) S\u0112KLU E\u013b\u013bA* \u2022 HELIANTHUS ANNUUS (SAULESPU\u0136U) S\u0112KLU E\u013b\u013bA \u2022 TOKOFEROLS \u2022 BRASSICA CAMPESTRIS (RAPESEED) STEROLI \u2022 ALOE BARBADENSIS LAPU EKSTRAKTS \u2022 CETEARYL ALKOHOOLS \u2022 PARFUM (SMAR\u017dVIELA) \u2022 LIMON\u0112NS** \u2022 LINALOLS** \u2022 GER<\/p>","protected":false},"excerpt":{"rendered":"<p>Par der\u012bguma: 09.08.2025<\/p>","protected":false},"featured_media":240191,"comment_status":"open","ping_status":"closed","template":"","meta":{"_acf_changed":false},"product_brand":[],"product_cat":[156,104],"product_tag":[],"class_list":{"0":"post-240189","1":"product","2":"type-product","3":"status-publish","4":"has-post-thumbnail","6":"product_cat-naohooldus","7":"product_cat-enesehooldus","9":"first","10":"instock","11":"sale","12":"taxable","13":"shipping-taxable","14":"purchasable","15":"product-type-simple"},"supplier_id":null,"supplier_sku":"","barcode":null,"atum_controlled":true,"out_stock_date":null,"out_stock_threshold":null,"inheritable":false,"inbound_stock":0,"stock_on_hold":1,"sold_today":1,"sales_last_days":5,"reserved_stock":0,"customer_returns":0,"warehouse_damage":0,"lost_in_post":0,"other_logs":0,"out_stock_days":0,"lost_sales":0,"has_location":false,"update_date":"2026-02-11T07:50:58","atum_locations":[],"atum_stock_status":"instock","restock_status":false,"low_stock_amount":"","sales_update_date":"2026-02-11T07:50:49","calc_backorders":null,"acf":[],"_links":{"self":[{"href":"https:\/\/vbd.dev.sumena.ee\/lv\/wp-json\/wp\/v2\/product\/240189","targetHints":{"allow":["GET"]}}],"collection":[{"href":"https:\/\/vbd.dev.sumena.ee\/lv\/wp-json\/wp\/v2\/product"}],"about":[{"href":"https:\/\/vbd.dev.sumena.ee\/lv\/wp-json\/wp\/v2\/types\/product"}],"replies":[{"embeddable":true,"href":"https:\/\/vbd.dev.sumena.ee\/lv\/wp-json\/wp\/v2\/comments?post=240189"}],"wp:featuredmedia":[{"embeddable":true,"href":"https:\/\/vbd.dev.sumena.ee\/lv\/wp-json\/wp\/v2\/media\/240191"}],"wp:attachment":[{"href":"https:\/\/vbd.dev.sumena.ee\/lv\/wp-json\/wp\/v2\/media?parent=240189"}],"wp:term":[{"taxonomy":"product_brand","embeddable":true,"href":"https:\/\/vbd.dev.sumena.ee\/lv\/wp-json\/wp\/v2\/product_brand?post=240189"},{"taxonomy":"product_cat","embeddable":true,"href":"https:\/\/vbd.dev.sumena.ee\/lv\/wp-json\/wp\/v2\/product_cat?post=240189"},{"taxonomy":"product_tag","embeddable":true,"href":"https:\/\/vbd.dev.sumena.ee\/lv\/wp-json\/wp\/v2\/product_tag?post=240189"}],"curies":[{"name":"wp","href":"https:\/\/api.w.org\/{rel}","templated":true}]}}