{"id":240186,"date":"2025-05-07T10:45:03","date_gmt":"2025-05-07T07:45:03","guid":{"rendered":"https:\/\/vbd.dev.sumena.ee\/?post_type=product&#038;p=240186"},"modified":"2026-02-09T17:45:16","modified_gmt":"2026-02-09T14:45:16","slug":"24h-kreem-orgaaniline-kanep-biovegane-50ml","status":"publish","type":"product","link":"https:\/\/vbd.dev.sumena.ee\/lv\/products-2\/24h-kreem-orgaaniline-kanep-biovegane-50ml\/","title":{"rendered":"24h Kreem Orgaaniline Kanep, BioVegane, 50ml"},"content":{"rendered":"<p>24-tunnine hooldus supertoidu-ekstraktiga \u00f6koloogilise kanepiseemne\u00f5liga on rikas omega-rasvhapete poolest ning kaitseb k\u00f5iki nahat\u00fc\u00fcpe negatiivsete keskkonnam\u00f5jude ja niiskuse kadumise poolt tekitatava stressi eest. See optimeerib naha niiskustaset ning rahustab \u00e4rritunud piirkondi. Kerge mandli- ja jojoba\u00f5li suurendavad naha elastsust ilma seda rasvaseks muutmata. Sinu nahk tundub t\u00e4ielikult l\u00f5dvestunud.<br \/>\nKasutamine: Kasuta hommikuti ja \u00f5htuti peale naha puhastamist ja seerumi kasutamist. Masseeri kergelt sisse.<\/p>\n<p><strong>SAST\u0100VDA\u013bAS:<\/strong><\/p>\n<p>AQUA (WATER) \u2022 PENTYLENE GLYCOL \u2022 COCO-CAPRYLATE \u2022 CANNABIS SATIVA (HEMP) SEED OIL* \u2022 PRUNUS AMYGDALUS DULCIS (SWEET ALMOND) OIL* \u2022 SIMMONDSIA CHINENSIS (JOJOBA) SEED OIL* \u2022 CETEARYL<br \/>\nOLIVATE \u2022 CETYL ALCOHOL \u2022 SORBITAN OLIVATE \u2022 HYDROGENATED OLIVE OIL \u2022 OLEA EUROPAEA (OLIVE) FRUIT OIL \u2022 OLEA EUROPAEA (OLIVE) OIL UNSAPONIFIABLES \u2022 HELIANTHUS ANNUUS (SUNFLOWER) SEED OIL \u2022 TOCOPHEROL \u2022 SCLEROTIUM GUM \u2022 GELLAN GUM \u2022 ALOE BARBADENSIS LEAF JUICE POWDER* \u2022 BIOSACCHARIDE GUM-1 \u2022 GLYCERIN \u2022 GLYCERYL CAPRYLATE \u2022 PARFUM (FRAGRANCE) \u2022 LIMONENE** \u2022 LINALOOL** \u2022 GERANIOL** \u2022 CITRAL** \u2022 BENZYL ALCOHOL \u2022 CITRIC ACID \u2022 SODIUM LEVULINATE \u2022 SODIUM ANISATE<\/p>","protected":false},"excerpt":{"rendered":"<p>Best-before: 01.08.2025<\/p>","protected":false},"featured_media":240188,"comment_status":"open","ping_status":"closed","template":"","meta":{"_acf_changed":false},"product_brand":[],"product_cat":[156,104],"product_tag":[],"class_list":{"0":"post-240186","1":"product","2":"type-product","3":"status-publish","4":"has-post-thumbnail","6":"product_cat-naohooldus","7":"product_cat-enesehooldus","9":"first","10":"instock","11":"sale","12":"taxable","13":"shipping-taxable","14":"purchasable","15":"product-type-simple"},"supplier_id":null,"supplier_sku":"","barcode":null,"atum_controlled":true,"out_stock_date":null,"out_stock_threshold":null,"inheritable":false,"inbound_stock":0,"stock_on_hold":0,"sold_today":0,"sales_last_days":8,"reserved_stock":0,"customer_returns":0,"warehouse_damage":0,"lost_in_post":0,"other_logs":0,"out_stock_days":0,"lost_sales":0,"has_location":false,"update_date":"2026-02-10T11:30:27","atum_locations":[],"atum_stock_status":"instock","restock_status":false,"low_stock_amount":"","sales_update_date":"2026-02-10T11:30:10","calc_backorders":null,"acf":[],"_links":{"self":[{"href":"https:\/\/vbd.dev.sumena.ee\/lv\/wp-json\/wp\/v2\/product\/240186","targetHints":{"allow":["GET"]}}],"collection":[{"href":"https:\/\/vbd.dev.sumena.ee\/lv\/wp-json\/wp\/v2\/product"}],"about":[{"href":"https:\/\/vbd.dev.sumena.ee\/lv\/wp-json\/wp\/v2\/types\/product"}],"replies":[{"embeddable":true,"href":"https:\/\/vbd.dev.sumena.ee\/lv\/wp-json\/wp\/v2\/comments?post=240186"}],"wp:featuredmedia":[{"embeddable":true,"href":"https:\/\/vbd.dev.sumena.ee\/lv\/wp-json\/wp\/v2\/media\/240188"}],"wp:attachment":[{"href":"https:\/\/vbd.dev.sumena.ee\/lv\/wp-json\/wp\/v2\/media?parent=240186"}],"wp:term":[{"taxonomy":"product_brand","embeddable":true,"href":"https:\/\/vbd.dev.sumena.ee\/lv\/wp-json\/wp\/v2\/product_brand?post=240186"},{"taxonomy":"product_cat","embeddable":true,"href":"https:\/\/vbd.dev.sumena.ee\/lv\/wp-json\/wp\/v2\/product_cat?post=240186"},{"taxonomy":"product_tag","embeddable":true,"href":"https:\/\/vbd.dev.sumena.ee\/lv\/wp-json\/wp\/v2\/product_tag?post=240186"}],"curies":[{"name":"wp","href":"https:\/\/api.w.org\/{rel}","templated":true}]}}