{"id":240162,"date":"2025-05-07T10:26:23","date_gmt":"2025-05-07T07:26:23","guid":{"rendered":"https:\/\/vbd.dev.sumena.ee\/?post_type=product&#038;p=240162"},"modified":"2026-02-10T22:47:16","modified_gmt":"2026-02-10T19:47:16","slug":"aha-naotoonik-orgaaniline-papaia-biovegane-150ml","status":"publish","type":"product","link":"https:\/\/vbd.dev.sumena.ee\/lv\/products-2\/aha-naotoonik-orgaaniline-papaia-biovegane-150ml\/","title":{"rendered":"AHA sejas toniks Organiska Papaija, BioVegane, 150ml"},"content":{"rendered":"<p>Atjaunojo\u0161s AHA toniks ar super\u0113dienu ekstraktu no biolo\u0123isk\u0101s papajas m\u012bkstina \u0101das strukt\u016bru, samazina poru izm\u0113ru un atjauno \u0101das dabisko l\u012bdzsvaru. Efekt\u012bv\u0101s dab\u012bg\u0101s AHA sk\u0101bes no\u0146em sausas \u0101das \u0161\u016bnas un veicina \u0101das atjauno\u0161an\u0101s procesu. Aloe vera, ginko ekstrakta un hialuronsk\u0101bes mais\u012bjums nomierina, kopj un mitrina \u0101du.<br \/>\nLieto\u0161ana: Uzkl\u0101t no r\u012bta un vakar uz att\u012br\u012btas \u0101das ar kokvilnas spilventi\u0146u. P\u0113c tam uzkl\u0101t mitrin\u0101t\u0101ju. Izvair\u012bties no tie\u0161as saskares ar ac\u012bm un muti. Aizsarg\u0101t \u0101du no saules gaismas visas dienas garum\u0101.<\/p>\n<p><strong>SAST\u0100VDA\u013bAS:<\/strong><\/p>\n<p>AQUA (WATER) \u2022 GLYCERIN \u2022 LAKT\u012ansk\u0101be \u2022 CAPRYLYL\/CAPRYL GLUCOSIDE \u2022 PROPANEDIOL \u2022 CITRONSK\u0100BE \u2022 V\u012aNZ\u0100\u013bU SK\u0100BE (TARTARIC ACID) \u2022 GLUKONSK\u0100BE \u2022 SODIJA HIALURON\u0100TS \u2022 CARICA PAPAYA FRUIT EXTRACT* \u2022 ALOE BARBADENSIS LEAF JUICE POWDER* \u2022 GINKGO BILOBA LEAF EXTRACT* \u2022 SODIJA HIDROKS\u012aDS \u2022 SODIUM COCOYL GLUTAMATE \u2022 POLYGLYCERYL-6 OLEATE \u2022 PARFUM (FRAGRANCE) \u2022 LINALOOL** \u2022 LIMONENE** \u2022 GERANIOL** \u2022 K\u0100LIJA SORB\u0100TS \u2022 GLYCERYL CAPRYLATE \u2022 SODIUM SURFACTIN<\/p>","protected":false},"excerpt":{"rendered":"<p>Best-before: 01.08.2025<\/p>","protected":false},"featured_media":240166,"comment_status":"open","ping_status":"closed","template":"","meta":{"_acf_changed":false},"product_brand":[],"product_cat":[156,104],"product_tag":[],"class_list":{"0":"post-240162","1":"product","2":"type-product","3":"status-publish","4":"has-post-thumbnail","6":"product_cat-naohooldus","7":"product_cat-enesehooldus","9":"first","10":"instock","11":"sale","12":"taxable","13":"shipping-taxable","14":"purchasable","15":"product-type-simple"},"supplier_id":null,"supplier_sku":"","barcode":null,"atum_controlled":true,"out_stock_date":null,"out_stock_threshold":null,"inheritable":false,"inbound_stock":0,"stock_on_hold":0,"sold_today":0,"sales_last_days":2,"reserved_stock":0,"customer_returns":0,"warehouse_damage":0,"lost_in_post":0,"other_logs":0,"out_stock_days":0,"lost_sales":0,"has_location":false,"update_date":"2026-02-12T15:29:46","atum_locations":[],"atum_stock_status":"instock","restock_status":false,"low_stock_amount":"","sales_update_date":"2026-02-12T15:29:37","calc_backorders":null,"acf":[],"_links":{"self":[{"href":"https:\/\/vbd.dev.sumena.ee\/lv\/wp-json\/wp\/v2\/product\/240162","targetHints":{"allow":["GET"]}}],"collection":[{"href":"https:\/\/vbd.dev.sumena.ee\/lv\/wp-json\/wp\/v2\/product"}],"about":[{"href":"https:\/\/vbd.dev.sumena.ee\/lv\/wp-json\/wp\/v2\/types\/product"}],"replies":[{"embeddable":true,"href":"https:\/\/vbd.dev.sumena.ee\/lv\/wp-json\/wp\/v2\/comments?post=240162"}],"wp:featuredmedia":[{"embeddable":true,"href":"https:\/\/vbd.dev.sumena.ee\/lv\/wp-json\/wp\/v2\/media\/240166"}],"wp:attachment":[{"href":"https:\/\/vbd.dev.sumena.ee\/lv\/wp-json\/wp\/v2\/media?parent=240162"}],"wp:term":[{"taxonomy":"product_brand","embeddable":true,"href":"https:\/\/vbd.dev.sumena.ee\/lv\/wp-json\/wp\/v2\/product_brand?post=240162"},{"taxonomy":"product_cat","embeddable":true,"href":"https:\/\/vbd.dev.sumena.ee\/lv\/wp-json\/wp\/v2\/product_cat?post=240162"},{"taxonomy":"product_tag","embeddable":true,"href":"https:\/\/vbd.dev.sumena.ee\/lv\/wp-json\/wp\/v2\/product_tag?post=240162"}],"curies":[{"name":"wp","href":"https:\/\/api.w.org\/{rel}","templated":true}]}}