{"id":240153,"date":"2025-05-07T10:23:47","date_gmt":"2025-05-07T07:23:47","guid":{"rendered":"https:\/\/vbd.dev.sumena.ee\/?post_type=product&#038;p=240153"},"modified":"2026-02-10T22:47:16","modified_gmt":"2026-02-10T19:47:16","slug":"24h-aha-kreem-orgaaniline-papaia-biovegane-50ml","status":"publish","type":"product","link":"https:\/\/vbd.dev.sumena.ee\/lv\/products-2\/24h-aha-kreem-orgaaniline-papaia-biovegane-50ml\/","title":{"rendered":"24H AHA kr\u0113ms Organisk\u0101 papaija, BioVegane, 50ml"},"content":{"rendered":"<p>AHA kr\u0113ms ar super\u0113d\u0101ju ekstraktu no biolo\u0123isk\u0101s papajas izl\u012bdzina \u0101du un atjauno t\u0101s dabisko l\u012bdzsvaru. Maigas dab\u012bg\u0101s AHA sk\u0101bes veicina \u0101das atjauno\u0161an\u0101s procesu. Par mirdzo\u0161u un svaigu sejas toni.<br \/>\nLieto\u0161ana: Uzkl\u0101t no r\u012bta un vakar\u0101 p\u0113c att\u012br\u012b\u0161anas, iemas\u0113t. Neliela \u2018k\u0101m\u0113\u0161an\u0101s\u2019 saj\u016bta lieto\u0161anas laik\u0101 ir norm\u0101la. Izvair\u012bties no tie\u0161as saskares ar ac\u012bm un muti. Aizsarg\u0101t \u0101du no saules gaismas.<\/p>\n<p><strong>SAST\u0100VDA\u013bAS:<\/strong><\/p>\n<p>SAST\u0100VS: AQUA (WATER) \u2022 SIMMONDSIA CHINENSIS (JOJOBA) SEED OIL* \u2022 PRUNUS ARMENIACA (APRICOT) KERNEL OIL* \u2022 PENTYLENE GLYCOL \u2022 CETEARYL OLIVATE \u2022 SQUALANE \u2022 COCOS NUCIFERA (COCONUT) OIL* \u2022 CETYL ALCOHOL \u2022 COCONUT ALKANES \u2022 SORBITAN OLIVATE \u2022 GLYCERIN \u2022 LACTIC ACID \u2022 PLUKENETIA VOLUBILIS (INCA INCHI) SEED OIL* \u2022 HYDROGENATED OLIVE OIL \u2022 OLEA EUROPAEA (OLIVE) FRUIT OIL \u2022 SODIUM HYALURONATE \u2022 ALOE BARBADENSIS LEAF JUICE POWDER* \u2022 OLEA EUROPAEA (OLIVE) OIL UNSAPONIFIABLES<\/p>","protected":false},"excerpt":{"rendered":"<p>Best-before: 01.08.2025<\/p>","protected":false},"featured_media":240155,"comment_status":"open","ping_status":"closed","template":"","meta":{"_acf_changed":false},"product_brand":[],"product_cat":[156,104],"product_tag":[],"class_list":{"0":"post-240153","1":"product","2":"type-product","3":"status-publish","4":"has-post-thumbnail","6":"product_cat-naohooldus","7":"product_cat-enesehooldus","9":"first","10":"instock","11":"sale","12":"taxable","13":"shipping-taxable","14":"purchasable","15":"product-type-simple"},"supplier_id":null,"supplier_sku":"","barcode":null,"atum_controlled":true,"out_stock_date":null,"out_stock_threshold":null,"inheritable":false,"inbound_stock":0,"stock_on_hold":0,"sold_today":0,"sales_last_days":6,"reserved_stock":0,"customer_returns":0,"warehouse_damage":0,"lost_in_post":0,"other_logs":0,"out_stock_days":0,"lost_sales":0,"has_location":false,"update_date":"2026-02-12T15:29:28","atum_locations":[],"atum_stock_status":"instock","restock_status":false,"low_stock_amount":"","sales_update_date":"2026-02-12T15:29:19","calc_backorders":null,"acf":[],"_links":{"self":[{"href":"https:\/\/vbd.dev.sumena.ee\/lv\/wp-json\/wp\/v2\/product\/240153","targetHints":{"allow":["GET"]}}],"collection":[{"href":"https:\/\/vbd.dev.sumena.ee\/lv\/wp-json\/wp\/v2\/product"}],"about":[{"href":"https:\/\/vbd.dev.sumena.ee\/lv\/wp-json\/wp\/v2\/types\/product"}],"replies":[{"embeddable":true,"href":"https:\/\/vbd.dev.sumena.ee\/lv\/wp-json\/wp\/v2\/comments?post=240153"}],"wp:featuredmedia":[{"embeddable":true,"href":"https:\/\/vbd.dev.sumena.ee\/lv\/wp-json\/wp\/v2\/media\/240155"}],"wp:attachment":[{"href":"https:\/\/vbd.dev.sumena.ee\/lv\/wp-json\/wp\/v2\/media?parent=240153"}],"wp:term":[{"taxonomy":"product_brand","embeddable":true,"href":"https:\/\/vbd.dev.sumena.ee\/lv\/wp-json\/wp\/v2\/product_brand?post=240153"},{"taxonomy":"product_cat","embeddable":true,"href":"https:\/\/vbd.dev.sumena.ee\/lv\/wp-json\/wp\/v2\/product_cat?post=240153"},{"taxonomy":"product_tag","embeddable":true,"href":"https:\/\/vbd.dev.sumena.ee\/lv\/wp-json\/wp\/v2\/product_tag?post=240153"}],"curies":[{"name":"wp","href":"https:\/\/api.w.org\/{rel}","templated":true}]}}