{"id":232995,"date":"2025-04-17T10:08:46","date_gmt":"2025-04-17T07:08:46","guid":{"rendered":"https:\/\/vbd.dev.sumena.ee\/?post_type=product&#038;p=232995"},"modified":"2025-12-01T18:50:01","modified_gmt":"2025-12-01T15:50:01","slug":"puidust-uhekordsete-soogiriistade-komplekt-merkant-nuga-1tk-kahvel-1tk-salvratt-1tk","status":"publish","type":"product","link":"https:\/\/vbd.dev.sumena.ee\/lv\/products-2\/puidust-uhekordsete-soogiriistade-komplekt-merkant-nuga-1tk-kahvel-1tk-salvratt-1tk\/","title":{"rendered":"Koka vienreizlietojamo \u0113din\u0101\u0161anas piederumu komplekts Merkant (nazis 1gab., dak\u0161a 1gab., salvetes 1gab.)"},"content":{"rendered":"<p>Koka vienreizlietojamo \u0113din\u0101\u0161anas piederumu komplekts Merkant (nazis 1gab., dak\u0161a 1gab., salvetes 1gab.)<\/p>","protected":false},"excerpt":{"rendered":"<p>Koka vienreizlietojamo \u0113din\u0101\u0161anas piederumu komplekts Merkant (nazis 1gab., dak\u0161a 1gab., salvetes 1gab.)<\/p>","protected":false},"featured_media":232998,"comment_status":"open","ping_status":"closed","template":"","meta":{"_acf_changed":false},"product_brand":[],"product_cat":[186,88],"product_tag":[],"class_list":{"0":"post-232995","1":"product","2":"type-product","3":"status-publish","4":"has-post-thumbnail","6":"product_cat-kodukaubad","7":"product_cat-tarbekaubad-tooted","9":"first","10":"instock","11":"sale","12":"taxable","13":"shipping-taxable","14":"purchasable","15":"product-type-simple"},"supplier_id":null,"supplier_sku":"","barcode":null,"atum_controlled":true,"out_stock_date":null,"out_stock_threshold":null,"inheritable":false,"inbound_stock":0,"stock_on_hold":0,"sold_today":0,"sales_last_days":0,"reserved_stock":0,"customer_returns":0,"warehouse_damage":0,"lost_in_post":0,"other_logs":0,"out_stock_days":0,"lost_sales":0,"has_location":false,"update_date":"2026-01-14T11:34:00","atum_locations":[],"atum_stock_status":"instock","restock_status":false,"low_stock_amount":"","sales_update_date":"2026-01-14T11:34:00","calc_backorders":null,"acf":[],"_links":{"self":[{"href":"https:\/\/vbd.dev.sumena.ee\/lv\/wp-json\/wp\/v2\/product\/232995","targetHints":{"allow":["GET"]}}],"collection":[{"href":"https:\/\/vbd.dev.sumena.ee\/lv\/wp-json\/wp\/v2\/product"}],"about":[{"href":"https:\/\/vbd.dev.sumena.ee\/lv\/wp-json\/wp\/v2\/types\/product"}],"replies":[{"embeddable":true,"href":"https:\/\/vbd.dev.sumena.ee\/lv\/wp-json\/wp\/v2\/comments?post=232995"}],"wp:featuredmedia":[{"embeddable":true,"href":"https:\/\/vbd.dev.sumena.ee\/lv\/wp-json\/wp\/v2\/media\/232998"}],"wp:attachment":[{"href":"https:\/\/vbd.dev.sumena.ee\/lv\/wp-json\/wp\/v2\/media?parent=232995"}],"wp:term":[{"taxonomy":"product_brand","embeddable":true,"href":"https:\/\/vbd.dev.sumena.ee\/lv\/wp-json\/wp\/v2\/product_brand?post=232995"},{"taxonomy":"product_cat","embeddable":true,"href":"https:\/\/vbd.dev.sumena.ee\/lv\/wp-json\/wp\/v2\/product_cat?post=232995"},{"taxonomy":"product_tag","embeddable":true,"href":"https:\/\/vbd.dev.sumena.ee\/lv\/wp-json\/wp\/v2\/product_tag?post=232995"}],"curies":[{"name":"wp","href":"https:\/\/api.w.org\/{rel}","templated":true}]}}