{"id":226966,"date":"2025-04-02T11:22:23","date_gmt":"2025-04-02T08:22:23","guid":{"rendered":"https:\/\/vbd.dev.sumena.ee\/?post_type=product&#038;p=226966"},"modified":"2026-02-07T16:49:46","modified_gmt":"2026-02-07T13:49:46","slug":"dusigeel-charge-hydrate-axe-400-ml","status":"publish","type":"product","link":"https:\/\/vbd.dev.sumena.ee\/lv\/products-2\/dusigeel-charge-hydrate-axe-400-ml\/","title":{"rendered":"Du\u0161as \u017eeleja Charge &#038; Hydrate, AXE, 400 ml"},"content":{"rendered":"<p>Atkl\u0101jiet Axe du\u0161as \u017eelejas ar unik\u0101lu tehnolo\u0123iju, kur\u0101m pievienoti prebiotiki. Izbaudiet svaigumu, kas saglab\u0101jas vair\u0101kas stundas. Axe Sport Blast ir atsvaidzino\u0161a, ener\u0123iju dodo\u0161\u0101 smar\u017ea, kas pie\u0161\u0137ir sp\u0113ku katrai dienai!<\/p>","protected":false},"excerpt":{"rendered":"<p>Atkl\u0101jiet Axe du\u0161as \u017eelejas ar unik\u0101lu tehnolo\u0123iju, kur\u0101m pievienoti prebiotiki. Izbaudiet svaigumu, kas saglab\u0101jas vair\u0101kas stundas. Axe Sport Blast ir atsvaidzino\u0161a, ener\u0123iju dodo\u0161\u0101 smar\u017ea, kas pie\u0161\u0137ir sp\u0113ku katrai dienai!<\/p>","protected":false},"featured_media":226968,"comment_status":"open","ping_status":"closed","template":"","meta":{"_acf_changed":false},"product_brand":[],"product_cat":[158,104],"product_tag":[],"class_list":{"0":"post-226966","1":"product","2":"type-product","3":"status-publish","4":"has-post-thumbnail","6":"product_cat-kehahooldus","7":"product_cat-enesehooldus","9":"first","10":"instock","11":"sale","12":"taxable","13":"shipping-taxable","14":"purchasable","15":"product-type-simple"},"supplier_id":null,"supplier_sku":"","barcode":null,"atum_controlled":true,"out_stock_date":null,"out_stock_threshold":null,"inheritable":false,"inbound_stock":0,"stock_on_hold":0,"sold_today":0,"sales_last_days":17,"reserved_stock":0,"customer_returns":0,"warehouse_damage":0,"lost_in_post":0,"other_logs":0,"out_stock_days":0,"lost_sales":0,"has_location":false,"update_date":"2026-02-10T15:03:25","atum_locations":[],"atum_stock_status":"instock","restock_status":false,"low_stock_amount":"","sales_update_date":"2026-02-10T15:03:06","calc_backorders":null,"acf":[],"_links":{"self":[{"href":"https:\/\/vbd.dev.sumena.ee\/lv\/wp-json\/wp\/v2\/product\/226966","targetHints":{"allow":["GET"]}}],"collection":[{"href":"https:\/\/vbd.dev.sumena.ee\/lv\/wp-json\/wp\/v2\/product"}],"about":[{"href":"https:\/\/vbd.dev.sumena.ee\/lv\/wp-json\/wp\/v2\/types\/product"}],"replies":[{"embeddable":true,"href":"https:\/\/vbd.dev.sumena.ee\/lv\/wp-json\/wp\/v2\/comments?post=226966"}],"wp:featuredmedia":[{"embeddable":true,"href":"https:\/\/vbd.dev.sumena.ee\/lv\/wp-json\/wp\/v2\/media\/226968"}],"wp:attachment":[{"href":"https:\/\/vbd.dev.sumena.ee\/lv\/wp-json\/wp\/v2\/media?parent=226966"}],"wp:term":[{"taxonomy":"product_brand","embeddable":true,"href":"https:\/\/vbd.dev.sumena.ee\/lv\/wp-json\/wp\/v2\/product_brand?post=226966"},{"taxonomy":"product_cat","embeddable":true,"href":"https:\/\/vbd.dev.sumena.ee\/lv\/wp-json\/wp\/v2\/product_cat?post=226966"},{"taxonomy":"product_tag","embeddable":true,"href":"https:\/\/vbd.dev.sumena.ee\/lv\/wp-json\/wp\/v2\/product_tag?post=226966"}],"curies":[{"name":"wp","href":"https:\/\/api.w.org\/{rel}","templated":true}]}}