{"id":22561,"date":"2025-12-29T09:07:25","date_gmt":"2025-12-29T06:07:25","guid":{"rendered":"https:\/\/vbd.dev.sumena.ee\/?post_type=product&#038;p=22561"},"modified":"2026-02-12T16:37:24","modified_gmt":"2026-02-12T13:37:24","slug":"kalev-limoncello-martsipanikommid-175g","status":"publish","type":"product","link":"https:\/\/vbd.dev.sumena.ee\/lv\/products-2\/kalev-limoncello-martsipanikommid-175g\/","title":{"rendered":"Kalev Limoncello marcip\u0101na konfektes 175g"},"content":{"rendered":"<p>Kalevi marcip\u0101ns tagad ar augst\u0101ku mande\u013cu saturu! Kalevi klasisko marcip\u0101nu papildina Limoncello, kas aizved Tevi gar\u0161u ce\u013cojum\u0101 tie\u0161i uz It\u0101liju. Marcip\u0101na batoni\u0146\u0161 ir p\u0101rkl\u0101ts ar smalku tum\u0161\u0101s \u0161okol\u0101des glaz\u016bru.<\/p>\n<p>uz 100 gramiem<\/p>\n<ul>\n<li>Ener\u0123\u0113tisk\u0101 v\u0113rt\u012bba (kJ\/kcal):2008,3kJ\/480kcal<\/li>\n<li>Tauki (g):24<\/li>\n<li>Tauksk\u0101bes (g):8.10<\/li>\n<li>Og\u013chidr\u0101ti (g):54<\/li>\n<li>No k\u0101 cukuri (g):50<\/li>\n<li>Olbaltumvielas (g):9<\/li>\n<li>S\u0101ls (g):0.08<\/li>\n<\/ul>\n<p>cukurs, MANDEL 22%, PIENA SAUS\u0100 PULVERA (PIENS), kakao masa, glikozes s\u012brups, \u016bdens, Limoncello li\u0137ieris 3%, kakaosviests, alkohols, emulgators (lecit\u012bns), stabilizators (invert\u0101ze), citronu e\u013c\u013ca. Alkohola saturs 1,5 masas procenti. Bez konservantiem. Var satur\u0113t nelielos daudzumos da\u017e\u0101dus riekstus, zemesriekstus, GLIT\u0112NU saturo\u0161us graudaugus un olu produktus.<\/p>\n<p>Uzglab\u0101t saus\u0101 un v\u0113s\u0101 viet\u0101<\/p>\n<p>&nbsp;<\/p>","protected":false},"excerpt":{"rendered":"<p>Kalevi marcip\u0101ns tagad ar augst\u0101ku mande\u013cu saturu! Kalevi klasisko marcip\u0101nu papildina Limoncello, kas aizved Tevi gar\u0161u ce\u013cojum\u0101 tie\u0161i uz It\u0101liju. Marcip\u0101na batoni\u0146\u0161 ir p\u0101rkl\u0101ts ar smalku tum\u0161\u0101s \u0161okol\u0101des glaz\u016bru. 100 gramu porcij\u0101 Ener\u0123ijas v\u0113rt\u012bba (kJ\/Kcal):2008,3kJ\/480kcal Tauki (g):24 Tauksk\u0101bes (g):8.10 Og\u013chidr\u0101ti (g):54 No kuriem cukuri (g):50 Olbaltumvielas (g):9 S\u0101ls (g):0.08 cukurs, MANDEL 22%, LIESPUDELAIS PULVERIS (PIENS), kakao masa, glikozes s\u012brups, \u016bdens, Limoncello li<\/p>","protected":false},"featured_media":317036,"comment_status":"closed","ping_status":"closed","template":"","meta":{"_acf_changed":false},"product_brand":[],"product_cat":[77,78],"product_tag":[],"class_list":{"0":"post-22561","1":"product","2":"type-product","3":"status-publish","4":"has-post-thumbnail","6":"product_cat-maiustused","7":"product_cat-kommid","9":"first","10":"instock","11":"sale","12":"taxable","13":"shipping-taxable","14":"purchasable","15":"product-type-simple"},"supplier_id":22786,"supplier_sku":"","barcode":null,"atum_controlled":true,"out_stock_date":null,"out_stock_threshold":null,"inheritable":false,"inbound_stock":0,"stock_on_hold":11,"sold_today":4,"sales_last_days":93,"reserved_stock":0,"customer_returns":0,"warehouse_damage":0,"lost_in_post":0,"other_logs":0,"out_stock_days":0,"lost_sales":0,"has_location":true,"update_date":"2026-02-12T13:42:01","atum_locations":[{"id":96,"name":"F","slug":"f"},{"id":97,"name":"G","slug":"g"}],"atum_stock_status":"instock","restock_status":false,"low_stock_amount":"","sales_update_date":"2026-02-12T13:41:52","calc_backorders":null,"acf":[],"_links":{"self":[{"href":"https:\/\/vbd.dev.sumena.ee\/lv\/wp-json\/wp\/v2\/product\/22561","targetHints":{"allow":["GET"]}}],"collection":[{"href":"https:\/\/vbd.dev.sumena.ee\/lv\/wp-json\/wp\/v2\/product"}],"about":[{"href":"https:\/\/vbd.dev.sumena.ee\/lv\/wp-json\/wp\/v2\/types\/product"}],"replies":[{"embeddable":true,"href":"https:\/\/vbd.dev.sumena.ee\/lv\/wp-json\/wp\/v2\/comments?post=22561"}],"wp:featuredmedia":[{"embeddable":true,"href":"https:\/\/vbd.dev.sumena.ee\/lv\/wp-json\/wp\/v2\/media\/317036"}],"wp:attachment":[{"href":"https:\/\/vbd.dev.sumena.ee\/lv\/wp-json\/wp\/v2\/media?parent=22561"}],"wp:term":[{"taxonomy":"product_brand","embeddable":true,"href":"https:\/\/vbd.dev.sumena.ee\/lv\/wp-json\/wp\/v2\/product_brand?post=22561"},{"taxonomy":"product_cat","embeddable":true,"href":"https:\/\/vbd.dev.sumena.ee\/lv\/wp-json\/wp\/v2\/product_cat?post=22561"},{"taxonomy":"product_tag","embeddable":true,"href":"https:\/\/vbd.dev.sumena.ee\/lv\/wp-json\/wp\/v2\/product_tag?post=22561"}],"curies":[{"name":"wp","href":"https:\/\/api.w.org\/{rel}","templated":true}]}}