{"id":224813,"date":"2025-03-27T13:22:21","date_gmt":"2025-03-27T10:22:21","guid":{"rendered":"https:\/\/vbd.dev.sumena.ee\/?post_type=product&#038;p=224813"},"modified":"2026-02-12T17:32:15","modified_gmt":"2026-02-12T14:32:15","slug":"kupsised-reeses-dipped-pretzels-120g","status":"publish","type":"product","link":"https:\/\/vbd.dev.sumena.ee\/lv\/products-2\/kupsised-reeses-dipped-pretzels-120g\/","title":{"rendered":"Cepumi Reese`s Dipped Pretzels 120g"},"content":{"rendered":"<p><strong>Sast\u0101vs<\/strong>: Piens\u030cokol\u0101de (cukurs, kakao sviests, \u0161okol\u0101de, liesais PIENS; PIENA TAUKI, laktoze, lecit\u012bns (SOJA), bag\u0101tin\u0101ta KVIE\u0160U MILTI (milti, niac\u012bns, dzelzs sulf\u0101ts, tiam\u012bna mononitr\u0101ts, riboflav\u012bns, folsk\u0101be), da\u013c\u0113ji taukots CEPUMU ZEMELESRIEKSTI, hidrogen\u0113ta augu e\u013c\u013ca (palmit\u012bns, SOJAS), cukurs, kukur\u016bzas s\u012brupa ciet\u0101s da\u013ci\u0146as, kas satur l\u012bdz 2%: glikoze, augu e\u013c\u013ca (palmit\u012bns, rap\u0161a); s\u0101ls, tapioku cietes, dzeram\u0101 soda, RAUGS, lecit\u012bns (SOJA), vanil\u012bns, m\u0101ks<\/p>\n<p>&nbsp;<\/p>","protected":false},"excerpt":{"rendered":"<p>Best-before: 31.05.2025 Daudzpak\u0101: 12<\/p>","protected":false},"featured_media":224814,"comment_status":"open","ping_status":"closed","template":"","meta":{"_acf_changed":false},"product_brand":[],"product_cat":[117,80],"product_tag":[],"class_list":{"0":"post-224813","1":"product","2":"type-product","3":"status-publish","4":"has-post-thumbnail","6":"product_cat-kupsised","7":"product_cat-snakid","9":"first","10":"instock","11":"sale","12":"taxable","13":"shipping-taxable","14":"purchasable","15":"product-type-simple"},"supplier_id":null,"supplier_sku":"","barcode":null,"atum_controlled":true,"out_stock_date":null,"out_stock_threshold":null,"inheritable":false,"inbound_stock":0,"stock_on_hold":3,"sold_today":3,"sales_last_days":9,"reserved_stock":0,"customer_returns":0,"warehouse_damage":0,"lost_in_post":0,"other_logs":0,"out_stock_days":0,"lost_sales":0,"has_location":false,"update_date":"2026-02-12T14:34:40","atum_locations":[],"atum_stock_status":"instock","restock_status":false,"low_stock_amount":"","sales_update_date":"2026-02-12T14:34:31","calc_backorders":null,"acf":[],"_links":{"self":[{"href":"https:\/\/vbd.dev.sumena.ee\/lv\/wp-json\/wp\/v2\/product\/224813","targetHints":{"allow":["GET"]}}],"collection":[{"href":"https:\/\/vbd.dev.sumena.ee\/lv\/wp-json\/wp\/v2\/product"}],"about":[{"href":"https:\/\/vbd.dev.sumena.ee\/lv\/wp-json\/wp\/v2\/types\/product"}],"replies":[{"embeddable":true,"href":"https:\/\/vbd.dev.sumena.ee\/lv\/wp-json\/wp\/v2\/comments?post=224813"}],"wp:featuredmedia":[{"embeddable":true,"href":"https:\/\/vbd.dev.sumena.ee\/lv\/wp-json\/wp\/v2\/media\/224814"}],"wp:attachment":[{"href":"https:\/\/vbd.dev.sumena.ee\/lv\/wp-json\/wp\/v2\/media?parent=224813"}],"wp:term":[{"taxonomy":"product_brand","embeddable":true,"href":"https:\/\/vbd.dev.sumena.ee\/lv\/wp-json\/wp\/v2\/product_brand?post=224813"},{"taxonomy":"product_cat","embeddable":true,"href":"https:\/\/vbd.dev.sumena.ee\/lv\/wp-json\/wp\/v2\/product_cat?post=224813"},{"taxonomy":"product_tag","embeddable":true,"href":"https:\/\/vbd.dev.sumena.ee\/lv\/wp-json\/wp\/v2\/product_tag?post=224813"}],"curies":[{"name":"wp","href":"https:\/\/api.w.org\/{rel}","templated":true}]}}