{"id":224810,"date":"2025-03-27T13:18:22","date_gmt":"2025-03-27T10:18:22","guid":{"rendered":"https:\/\/vbd.dev.sumena.ee\/?post_type=product&#038;p=224810"},"modified":"2026-02-12T13:08:04","modified_gmt":"2026-02-12T10:08:04","slug":"kupsised-dipped-pretzels-cookies-n-cream-hersheys-120-g","status":"publish","type":"product","link":"https:\/\/vbd.dev.sumena.ee\/lv\/products-2\/kupsised-dipped-pretzels-cookies-n-cream-hersheys-120-g\/","title":{"rendered":"Cepumi Dipped Pretzels Cookies n Cream, HERSHEY&#8217;S, 120 g"},"content":{"rendered":"<p><strong>Sast\u0101vs<\/strong>: kvie\u0161u milti, cukurs, augu e\u013c\u013cas (palmas, shea, saulespu\u0137u, palmiekstrakta, rap\u0161u un safloras e\u013c\u013ca), saldais kr\u0113jums (PIENS), kukur\u016bzas s\u012brupa sausie komponenti, LAKTOZE, kakao pulveris, s\u0101ls, glikozes un fruktozes s\u012brups, emulgatori (sojas lecit\u012bns, E476), tapioku cietes, pac\u0113l\u0101js (E500), kukur\u016bzas milti, raugs, dekstroze, vanil\u012bns, aromatiz\u0113t\u0101js un gar\u0161as viela. Var satur\u0113t zemesriekstu un riekstu p\u0113das.<\/p>","protected":false},"excerpt":{"rendered":"<p>Par der\u012bguma termi\u0146a: 31.05.2025 Daudzumiepakojums: 36<\/p>","protected":false},"featured_media":224812,"comment_status":"open","ping_status":"closed","template":"","meta":{"_acf_changed":false},"product_brand":[],"product_cat":[117,80],"product_tag":[],"class_list":{"0":"post-224810","1":"product","2":"type-product","3":"status-publish","4":"has-post-thumbnail","6":"product_cat-kupsised","7":"product_cat-snakid","9":"first","10":"instock","11":"sale","12":"taxable","13":"shipping-taxable","14":"purchasable","15":"product-type-simple"},"supplier_id":null,"supplier_sku":"","barcode":null,"atum_controlled":true,"out_stock_date":null,"out_stock_threshold":null,"inheritable":false,"inbound_stock":0,"stock_on_hold":2,"sold_today":2,"sales_last_days":12,"reserved_stock":0,"customer_returns":0,"warehouse_damage":0,"lost_in_post":0,"other_logs":0,"out_stock_days":0,"lost_sales":0,"has_location":false,"update_date":"2026-02-12T13:41:04","atum_locations":[],"atum_stock_status":"instock","restock_status":false,"low_stock_amount":"","sales_update_date":"2026-02-12T13:40:55","calc_backorders":null,"acf":[],"_links":{"self":[{"href":"https:\/\/vbd.dev.sumena.ee\/lv\/wp-json\/wp\/v2\/product\/224810","targetHints":{"allow":["GET"]}}],"collection":[{"href":"https:\/\/vbd.dev.sumena.ee\/lv\/wp-json\/wp\/v2\/product"}],"about":[{"href":"https:\/\/vbd.dev.sumena.ee\/lv\/wp-json\/wp\/v2\/types\/product"}],"replies":[{"embeddable":true,"href":"https:\/\/vbd.dev.sumena.ee\/lv\/wp-json\/wp\/v2\/comments?post=224810"}],"wp:featuredmedia":[{"embeddable":true,"href":"https:\/\/vbd.dev.sumena.ee\/lv\/wp-json\/wp\/v2\/media\/224812"}],"wp:attachment":[{"href":"https:\/\/vbd.dev.sumena.ee\/lv\/wp-json\/wp\/v2\/media?parent=224810"}],"wp:term":[{"taxonomy":"product_brand","embeddable":true,"href":"https:\/\/vbd.dev.sumena.ee\/lv\/wp-json\/wp\/v2\/product_brand?post=224810"},{"taxonomy":"product_cat","embeddable":true,"href":"https:\/\/vbd.dev.sumena.ee\/lv\/wp-json\/wp\/v2\/product_cat?post=224810"},{"taxonomy":"product_tag","embeddable":true,"href":"https:\/\/vbd.dev.sumena.ee\/lv\/wp-json\/wp\/v2\/product_tag?post=224810"}],"curies":[{"name":"wp","href":"https:\/\/api.w.org\/{rel}","templated":true}]}}