{"id":223591,"date":"2025-10-08T13:54:00","date_gmt":"2025-10-08T10:54:00","guid":{"rendered":"https:\/\/vbd.dev.sumena.ee\/?post_type=product&#038;p=223591"},"modified":"2026-02-12T15:52:36","modified_gmt":"2026-02-12T12:52:36","slug":"seasir-sojakaste-vahesoolane-150ml","status":"publish","type":"product","link":"https:\/\/vbd.dev.sumena.ee\/lv\/products-2\/seasir-sojakaste-vahesoolane-150ml\/","title":{"rendered":"Seasir Sojakaste mazk\u0101lija 150ml"},"content":{"rendered":"<div class=\"ingredients\"><strong>Sast\u0101vda\u013cas:<\/strong> \u016adens, taukaini samazin\u0101tas SOJAS PUPAS, KVIE\u0160I, s\u0101ls, eti\u0137is, cukurs, aromatiz\u0113t\u0101js un gar\u0161as pastiprin\u0101t\u0101js: din\u0101trija-5\u2032-ribonukleot\u012bds (E635). Satur SOJAS PUPAS un KVIE\u0160US.<\/div>\n<div class=\"toitumisinfo\">\n<p><strong>Uzturv\u0113rt\u012bba uz 100 g<\/strong><\/p>\n<div>Ener\u0123ija:335kJ\/80kcal<\/div>\n<div>Tauki:0,0g<\/div>\n<div>pies\u0101tin\u0101t\u0101s tauksk\u0101bes:0,0g<\/div>\n<div>Og\u013chidr\u0101ti:10,3g<\/div>\n<div>tostarp cukuri:5,8g<\/div>\n<div>Olbaltumvielas:9,4g<\/div>\n<div>S\u0101ls:9,0g<\/div>\n<\/div>","protected":false},"excerpt":{"rendered":"<p>Ieteicamais lieto\u0161anas termi\u0146\u0161: 18.11.2025 Daudzpakas: 12<\/p>","protected":false},"featured_media":223592,"comment_status":"open","ping_status":"closed","template":"","meta":{"_acf_changed":false},"product_brand":[],"product_cat":[83],"product_tag":[],"class_list":{"0":"post-223591","1":"product","2":"type-product","3":"status-publish","4":"has-post-thumbnail","6":"product_cat-kastmed-olid","8":"first","9":"instock","10":"sale","11":"taxable","12":"shipping-taxable","13":"purchasable","14":"product-type-simple"},"supplier_id":null,"supplier_sku":"","barcode":null,"atum_controlled":true,"out_stock_date":null,"out_stock_threshold":null,"inheritable":false,"inbound_stock":0,"stock_on_hold":1,"sold_today":2,"sales_last_days":145,"reserved_stock":0,"customer_returns":0,"warehouse_damage":0,"lost_in_post":0,"other_logs":0,"out_stock_days":0,"lost_sales":0,"has_location":false,"update_date":"2026-02-12T14:41:02","atum_locations":[],"atum_stock_status":"instock","restock_status":false,"low_stock_amount":"","sales_update_date":"2026-02-12T14:40:53","calc_backorders":null,"acf":[],"_links":{"self":[{"href":"https:\/\/vbd.dev.sumena.ee\/lv\/wp-json\/wp\/v2\/product\/223591","targetHints":{"allow":["GET"]}}],"collection":[{"href":"https:\/\/vbd.dev.sumena.ee\/lv\/wp-json\/wp\/v2\/product"}],"about":[{"href":"https:\/\/vbd.dev.sumena.ee\/lv\/wp-json\/wp\/v2\/types\/product"}],"replies":[{"embeddable":true,"href":"https:\/\/vbd.dev.sumena.ee\/lv\/wp-json\/wp\/v2\/comments?post=223591"}],"wp:featuredmedia":[{"embeddable":true,"href":"https:\/\/vbd.dev.sumena.ee\/lv\/wp-json\/wp\/v2\/media\/223592"}],"wp:attachment":[{"href":"https:\/\/vbd.dev.sumena.ee\/lv\/wp-json\/wp\/v2\/media?parent=223591"}],"wp:term":[{"taxonomy":"product_brand","embeddable":true,"href":"https:\/\/vbd.dev.sumena.ee\/lv\/wp-json\/wp\/v2\/product_brand?post=223591"},{"taxonomy":"product_cat","embeddable":true,"href":"https:\/\/vbd.dev.sumena.ee\/lv\/wp-json\/wp\/v2\/product_cat?post=223591"},{"taxonomy":"product_tag","embeddable":true,"href":"https:\/\/vbd.dev.sumena.ee\/lv\/wp-json\/wp\/v2\/product_tag?post=223591"}],"curies":[{"name":"wp","href":"https:\/\/api.w.org\/{rel}","templated":true}]}}