{"id":221437,"date":"2026-01-28T15:53:59","date_gmt":"2026-01-28T12:53:59","guid":{"rendered":"https:\/\/vbd.dev.sumena.ee\/?post_type=product&#038;p=221437"},"modified":"2026-02-12T14:37:36","modified_gmt":"2026-02-12T11:37:36","slug":"vahvlikompvek-mesikapp-kalev-150-g","status":"publish","type":"product","link":"https:\/\/vbd.dev.sumena.ee\/lv\/products-2\/vahvlikompvek-mesikapp-kalev-150-g\/","title":{"rendered":"Vafe\u013cu konfekte Mesik\u00e4pp, KALEV, 150 g"},"content":{"rendered":"<div class=\"Accordion AttributeAccordion\" data-v-28ef612e=\"\">\n<div class=\"Accordion__content\">\n<div class=\"AttributeAccordion__content\" data-v-28ef612e=\"\">B\u0113rnu pla\u0161i iem\u012b\u013cotais Mesk\u00e4pa vafelkonfekts jau desmitiem gadu ir da\u013ca no Kalevi sortimenta. Pat\u012bkami salda mande\u013cu un me\u017ea riekstu gar\u0161as pild\u012bjums starp krauk\u0161\u0137\u012bg\u0101m vafeles k\u0101rt\u0101m, un visskaist\u0101k\u0101 gar\u0161as nobeiguma deta\u013ca \u2014 \u012bstas \u0161okol\u0101des glaz\u016bra; \u0161\u0101ds gardums neatst\u0101s nevienu vienaldz\u012bgu.<\/div>\n<\/div>\n<\/div>\n<div class=\"Accordion AttributeAccordion\" data-v-28ef612e=\"\">\n<div class=\"AttributeAccordion__heading\" data-v-28ef612e=\"\">Sast\u0101vs<\/div>\n<div class=\"Accordion__content\">\n<div class=\"AttributeAccordion__content\" data-v-28ef612e=\"\">\n<p>Cukurs, vafele 17% (KVIE\u0160U MILTI, rap\u0161u e\u013c\u013ca, emulgators (lecit\u012bns), s\u0101ls, pac\u0113l\u0101js E500, OLU PULVERIS, stabilizators E414), kakao masa, MANDELE, kakao sviests, augu tauki (palmas, rap\u0161u s\u0113klu kodolu e\u013c\u013ca), emulgators (lecit\u012bns), aromatiz\u0113t\u0101js un gar\u0161viela, vanil\u012bns. \u0160okol\u0101des saturs min. 40%. Bez konservantiem. Var satur\u0113t nelielu daudzumu riekstu, zemesriekstu, piena produktus un SEZAMA s\u0113klas.<\/p>\n<p>* Produkta sast\u0101vs var main\u012bties. Pirms produkta lieto\u0161anas p\u0101rbaudiet uz iepakojuma nor\u0101d\u012bt\u0101s sast\u0101vda\u013cas.<\/p>\n<\/div>\n<\/div>\n<\/div>\n<div class=\"Accordion AttributeAccordion\" data-v-28ef612e=\"\">\n<div class=\"AttributeAccordion__heading\" data-v-28ef612e=\"\">Uzturv\u0113rt\u012bba<\/div>\n<div class=\"Accordion__content\">\n<div class=\"AttributeAccordion__content\" data-v-28ef612e=\"\">\n<div data-v-33cd2938=\"\">\n<table class=\"ProductNutrition\" data-v-33cd2938=\"\">\n<tbody data-v-33cd2938=\"\">\n<tr data-v-33cd2938=\"\">\n<th class=\"ProductNutrition__title\" colspan=\"2\" data-v-33cd2938=\"\">uz 100 gramiem<\/th>\n<\/tr>\n<tr data-v-33cd2938=\"\">\n<th class=\"ProductNutrition__label\" data-v-33cd2938=\"\">Ener\u0123ijas saturs (kJ\/kcal)<\/th>\n<td class=\"ProductNutrition__value\" data-v-33cd2938=\"\">2138kJ\/511kcal<\/td>\n<\/tr>\n<tr data-v-33cd2938=\"\">\n<th class=\"ProductNutrition__label\" data-v-33cd2938=\"\">Tauki (g)<\/th>\n<td class=\"ProductNutrition__value\" data-v-33cd2938=\"\">28<\/td>\n<\/tr>\n<tr data-v-33cd2938=\"\">\n<th class=\"ProductNutrition__label\" data-v-33cd2938=\"\">No\u0101trin\u0101t\u0101s tauksk\u0101bes (g)<\/th>\n<td class=\"ProductNutrition__value\" data-v-33cd2938=\"\">13<\/td>\n<\/tr>\n<tr data-v-33cd2938=\"\">\n<th class=\"ProductNutrition__label\" data-v-33cd2938=\"\">Og\u013chidr\u0101ti (g)<\/th>\n<td class=\"ProductNutrition__value\" data-v-33cd2938=\"\">59<\/td>\n<\/tr>\n<tr data-v-33cd2938=\"\">\n<th class=\"ProductNutrition__label\" data-v-33cd2938=\"\">No k\u0101diem cukuriem (g)<\/th>\n<td class=\"ProductNutrition__value\" data-v-33cd2938=\"\">45<\/td>\n<\/tr>\n<tr data-v-33cd2938=\"\">\n<th class=\"ProductNutrition__label\" data-v-33cd2938=\"\">Olbaltumvielas (g)<\/th>\n<td class=\"ProductNutrition__value\" data-v-33cd2938=\"\">6,30<\/td>\n<\/tr>\n<tr data-v-33cd2938=\"\">\n<th class=\"ProductNutrition__label\" data-v-33cd2938=\"\">S\u0101ls (g)<\/th>\n<td class=\"ProductNutrition__value\" data-v-33cd2938=\"\">0,10<\/td>\n<\/tr>\n<\/tbody>\n<\/table>\n<\/div>\n<\/div>\n<\/div>\n<\/div>","protected":false},"excerpt":{"rendered":"<p>Laste suur lemmik Mesk\u00e4pa vahvlikomm on Kalevi tootevalikusse kuulunud juba aastak\u00fcmneid. M\u00f5nusalt magus mandli- ja metsp\u00e4hklimaitseline t\u00e4idis kr\u00f5bedate vahvlikihtide vahel, k\u00f5ige krooniks aga ehedast \u0161okolaadist glasuur \u2013 selline maius ei j\u00e4ta kedagi k\u00fclmaks. Koostisosad Suhkur, vahvel 17% (NISUJAHU, rapsi\u00f5li, emulgaator (letsitiin), sool, kergitusaine E500, MUNAPULBER, stabilisaator E414), kakaomass, MANDEL, kakaov\u00f5i, taimsed rasvad (palmi-, v\u00f5iseemnikutuuma\u00f5li), emulgaator [&hellip;]<\/p>","protected":false},"featured_media":221438,"comment_status":"open","ping_status":"closed","template":"","meta":{"_acf_changed":false},"product_brand":[],"product_cat":[77,78],"product_tag":[],"class_list":{"0":"post-221437","1":"product","2":"type-product","3":"status-publish","4":"has-post-thumbnail","6":"product_cat-maiustused","7":"product_cat-kommid","9":"first","10":"instock","11":"sale","12":"taxable","13":"shipping-taxable","14":"purchasable","15":"product-type-simple"},"supplier_id":null,"supplier_sku":"","barcode":null,"atum_controlled":true,"out_stock_date":null,"out_stock_threshold":null,"inheritable":false,"inbound_stock":0,"stock_on_hold":15,"sold_today":37,"sales_last_days":491,"reserved_stock":0,"customer_returns":0,"warehouse_damage":0,"lost_in_post":0,"other_logs":0,"out_stock_days":0,"lost_sales":0,"has_location":false,"update_date":"2026-02-12T14:56:38","atum_locations":[],"atum_stock_status":"instock","restock_status":false,"low_stock_amount":"","sales_update_date":"2026-02-12T14:56:28","calc_backorders":null,"acf":[],"_links":{"self":[{"href":"https:\/\/vbd.dev.sumena.ee\/lv\/wp-json\/wp\/v2\/product\/221437","targetHints":{"allow":["GET"]}}],"collection":[{"href":"https:\/\/vbd.dev.sumena.ee\/lv\/wp-json\/wp\/v2\/product"}],"about":[{"href":"https:\/\/vbd.dev.sumena.ee\/lv\/wp-json\/wp\/v2\/types\/product"}],"replies":[{"embeddable":true,"href":"https:\/\/vbd.dev.sumena.ee\/lv\/wp-json\/wp\/v2\/comments?post=221437"}],"wp:featuredmedia":[{"embeddable":true,"href":"https:\/\/vbd.dev.sumena.ee\/lv\/wp-json\/wp\/v2\/media\/221438"}],"wp:attachment":[{"href":"https:\/\/vbd.dev.sumena.ee\/lv\/wp-json\/wp\/v2\/media?parent=221437"}],"wp:term":[{"taxonomy":"product_brand","embeddable":true,"href":"https:\/\/vbd.dev.sumena.ee\/lv\/wp-json\/wp\/v2\/product_brand?post=221437"},{"taxonomy":"product_cat","embeddable":true,"href":"https:\/\/vbd.dev.sumena.ee\/lv\/wp-json\/wp\/v2\/product_cat?post=221437"},{"taxonomy":"product_tag","embeddable":true,"href":"https:\/\/vbd.dev.sumena.ee\/lv\/wp-json\/wp\/v2\/product_tag?post=221437"}],"curies":[{"name":"wp","href":"https:\/\/api.w.org\/{rel}","templated":true}]}}