{"id":221432,"date":"2025-12-05T13:00:04","date_gmt":"2025-12-05T10:00:04","guid":{"rendered":"https:\/\/vbd.dev.sumena.ee\/?post_type=product&#038;p=221432"},"modified":"2026-02-12T16:05:14","modified_gmt":"2026-02-12T13:05:14","slug":"mesikapp-riisiampsud-piimasokolaadis-kalev-140-g","status":"publish","type":"product","link":"https:\/\/vbd.dev.sumena.ee\/lv\/products-2\/mesikapp-riisiampsud-piimasokolaadis-kalev-140-g\/","title":{"rendered":"Medus r\u012bsu gabali\u0146i piena \u0161okol\u0101d\u0113, KALEV, 140 g"},"content":{"rendered":"<div class=\"Accordion AttributeAccordion\" data-v-28ef612e=\"\">\n<div class=\"Accordion__content\">\n<div class=\"AttributeAccordion__content\" data-v-28ef612e=\"\">Mesik\u00e4pa r\u012bsu uzkoda ir lielisks kumoss, kad vajag \u0101tri gardu \u0113\u0161anas pieredzi. R\u012bsu graudi\u0146u krauk\u0161\u0137\u012bg\u0101 tekst\u016bra papildina saldo piena \u0161okol\u0101di, padarot katru kumosu viegli un jautri krauk\u0161\u0137\u012bgu gar\u0161as baud\u012bjumu. Mesik\u00e4pa r\u012bsu uzkodas lielisk\u0101 pie\u0146emam\u012bba tika apstiprin\u0101ta ar gar\u0161as testu, ko veica jaunie\u0161i.<\/div>\n<\/div>\n<\/div>\n<div class=\"Accordion AttributeAccordion\" data-v-28ef612e=\"\">\n<div class=\"AttributeAccordion__heading\" data-v-28ef612e=\"\">Sast\u0101vs<\/div>\n<div class=\"Accordion__content\">\n<div class=\"AttributeAccordion__content\" data-v-28ef612e=\"\">\n<p>cukurs, PIENAPULVERS, kakao sviests, kakao masa, uzp\u016bsts r\u012bss 4%, emulgators (SOJAS LECIT\u012aNS), s\u0101ls, aromatiz\u0113t\u0101js un gar\u0161viela. PIENA \u0161okol\u0101de: 96%. Bez konservantiem. Var satur\u0113t maz\u0101s dev\u0101s da\u017e\u0101dus riekstus un GLUT\u0112NU saturo\u0161us graudaugus.<\/p>\n<p>* Produkta sast\u0101vs var main\u012bties. Pirms produkta lieto\u0161anas p\u0101rbaudiet uz iepakojuma nor\u0101d\u012bt\u0101s sast\u0101vda\u013cas.<\/p>\n<\/div>\n<\/div>\n<\/div>\n<div class=\"Accordion AttributeAccordion\" data-v-28ef612e=\"\">\n<div class=\"AttributeAccordion__heading\" data-v-28ef612e=\"\">Uzturv\u0113rt\u012bba<\/div>\n<div class=\"Accordion__content\">\n<div class=\"AttributeAccordion__content\" data-v-28ef612e=\"\">\n<div data-v-33cd2938=\"\">\n<table class=\"ProductNutrition\" data-v-33cd2938=\"\">\n<tbody data-v-33cd2938=\"\">\n<tr data-v-33cd2938=\"\">\n<th class=\"ProductNutrition__title\" colspan=\"2\" data-v-33cd2938=\"\">uz 100 gramiem<\/th>\n<\/tr>\n<tr data-v-33cd2938=\"\">\n<th class=\"ProductNutrition__label\" data-v-33cd2938=\"\">Ener\u0123ijas saturs (kJ\/kcal)<\/th>\n<td class=\"ProductNutrition__value\" data-v-33cd2938=\"\">2259,4kJ\/540kcal<\/td>\n<\/tr>\n<tr data-v-33cd2938=\"\">\n<th class=\"ProductNutrition__label\" data-v-33cd2938=\"\">Tauki (g)<\/th>\n<td class=\"ProductNutrition__value\" data-v-33cd2938=\"\">31<\/td>\n<\/tr>\n<tr data-v-33cd2938=\"\">\n<th class=\"ProductNutrition__label\" data-v-33cd2938=\"\">No\u0101trin\u0101t\u0101s tauksk\u0101bes (g)<\/th>\n<td class=\"ProductNutrition__value\" data-v-33cd2938=\"\">19<\/td>\n<\/tr>\n<tr data-v-33cd2938=\"\">\n<th class=\"ProductNutrition__label\" data-v-33cd2938=\"\">Og\u013chidr\u0101ti (g)<\/th>\n<td class=\"ProductNutrition__value\" data-v-33cd2938=\"\">56<\/td>\n<\/tr>\n<tr data-v-33cd2938=\"\">\n<th class=\"ProductNutrition__label\" data-v-33cd2938=\"\">No k\u0101diem cukuriem (g)<\/th>\n<td class=\"ProductNutrition__value\" data-v-33cd2938=\"\">50<\/td>\n<\/tr>\n<tr data-v-33cd2938=\"\">\n<th class=\"ProductNutrition__label\" data-v-33cd2938=\"\">Olbaltumvielas (g)<\/th>\n<td class=\"ProductNutrition__value\" data-v-33cd2938=\"\">9,10<\/td>\n<\/tr>\n<tr data-v-33cd2938=\"\">\n<th class=\"ProductNutrition__label\" data-v-33cd2938=\"\">S\u0101ls (g)<\/th>\n<td class=\"ProductNutrition__value\" data-v-33cd2938=\"\">0,29<\/td>\n<\/tr>\n<\/tbody>\n<\/table>\n<\/div>\n<\/div>\n<\/div>\n<\/div>","protected":false},"excerpt":{"rendered":"<p>Mesik\u00e4pa riisiampsud on m\u00f5nus suut\u00e4is, kui on vaja k\u00e4igupealt maitsvat s\u00f6\u00f6miskogemust. Riisiterade kr\u00f5mpsuv tekstuur t\u00e4iustab magusat piima\u0161okolaadi, muutes iga suut\u00e4ie kergeks ja l\u00f5busalt kr\u00f5mpsuvaks maitseelamuseks. Mesik\u00e4pa riisiampsude suurep\u00e4rane meeldivus sai kinnituse noorte seas l\u00e4bi viidud maitsetestis. Koostisosad suhkur, PIIMAPULBER, kakaov\u00f5i, kakaomass, paisutatud riis 4%, emulgaator (SOJALETSITIIN), sool, l\u00f5hna- ja maitseaine. PIIMA\u0161okolaadi: 96%. S\u00e4ilitusaineteta. V\u00f5ib sisaldada [&hellip;]<\/p>","protected":false},"featured_media":221433,"comment_status":"open","ping_status":"closed","template":"","meta":{"_acf_changed":false},"product_brand":[],"product_cat":[87,77,78],"product_tag":[],"class_list":{"0":"post-221432","1":"product","2":"type-product","3":"status-publish","4":"has-post-thumbnail","6":"product_cat-meie-lemmikud","7":"product_cat-maiustused","8":"product_cat-kommid","10":"first","11":"instock","12":"sale","13":"taxable","14":"shipping-taxable","15":"purchasable","16":"product-type-simple"},"supplier_id":null,"supplier_sku":"","barcode":null,"atum_controlled":true,"out_stock_date":null,"out_stock_threshold":null,"inheritable":false,"inbound_stock":0,"stock_on_hold":23,"sold_today":9,"sales_last_days":450,"reserved_stock":0,"customer_returns":0,"warehouse_damage":0,"lost_in_post":0,"other_logs":0,"out_stock_days":0,"lost_sales":0,"has_location":false,"update_date":"2026-02-12T15:47:49","atum_locations":[],"atum_stock_status":"instock","restock_status":true,"low_stock_amount":"","sales_update_date":"2026-02-12T15:47:40","calc_backorders":null,"acf":[],"_links":{"self":[{"href":"https:\/\/vbd.dev.sumena.ee\/lv\/wp-json\/wp\/v2\/product\/221432","targetHints":{"allow":["GET"]}}],"collection":[{"href":"https:\/\/vbd.dev.sumena.ee\/lv\/wp-json\/wp\/v2\/product"}],"about":[{"href":"https:\/\/vbd.dev.sumena.ee\/lv\/wp-json\/wp\/v2\/types\/product"}],"replies":[{"embeddable":true,"href":"https:\/\/vbd.dev.sumena.ee\/lv\/wp-json\/wp\/v2\/comments?post=221432"}],"wp:featuredmedia":[{"embeddable":true,"href":"https:\/\/vbd.dev.sumena.ee\/lv\/wp-json\/wp\/v2\/media\/221433"}],"wp:attachment":[{"href":"https:\/\/vbd.dev.sumena.ee\/lv\/wp-json\/wp\/v2\/media?parent=221432"}],"wp:term":[{"taxonomy":"product_brand","embeddable":true,"href":"https:\/\/vbd.dev.sumena.ee\/lv\/wp-json\/wp\/v2\/product_brand?post=221432"},{"taxonomy":"product_cat","embeddable":true,"href":"https:\/\/vbd.dev.sumena.ee\/lv\/wp-json\/wp\/v2\/product_cat?post=221432"},{"taxonomy":"product_tag","embeddable":true,"href":"https:\/\/vbd.dev.sumena.ee\/lv\/wp-json\/wp\/v2\/product_tag?post=221432"}],"curies":[{"name":"wp","href":"https:\/\/api.w.org\/{rel}","templated":true}]}}