{"id":221001,"date":"2025-03-17T11:49:57","date_gmt":"2025-03-17T08:49:57","guid":{"rendered":"https:\/\/vbd.dev.sumena.ee\/?post_type=product&#038;p=221001"},"modified":"2026-02-12T18:17:48","modified_gmt":"2026-02-12T15:17:48","slug":"kassisoot-kassipojale-my-love-100-g","status":"publish","type":"product","link":"https:\/\/vbd.dev.sumena.ee\/lv\/products-2\/kassisoot-kassipojale-my-love-100-g\/","title":{"rendered":"Ka\u0137\u0113nu bar\u012bba ka\u0137\u0113nam, MY LOVE, 80 g"},"content":{"rendered":"<p>Sast\u0101vs: ga\u013ca un dz\u012bvnieku blakusprodukti gabalos vismaz 77%, taj\u0101 skait\u0101 vistas ga\u013ca vismaz 8% produkt\u0101, graudaugi (kvie\u0161i 6%), augu olbaltumvielu ekstrakti, miner\u0101li, augu blakusprodukti (p\u0113ters\u012b\u013ci 0,001%)<\/p>","protected":false},"excerpt":{"rendered":"<p>Der\u012bguma termi\u0146\u0161: 17.03.2026 Daudzpaka: 24<\/p>","protected":false},"featured_media":221002,"comment_status":"open","ping_status":"closed","template":"","meta":{"_acf_changed":false},"product_brand":[],"product_cat":[91],"product_tag":[],"class_list":{"0":"post-221001","1":"product","2":"type-product","3":"status-publish","4":"has-post-thumbnail","6":"product_cat-loomatoit","8":"first","9":"instock","10":"sale","11":"taxable","12":"shipping-taxable","13":"purchasable","14":"product-type-simple"},"supplier_id":null,"supplier_sku":"","barcode":null,"atum_controlled":true,"out_stock_date":null,"out_stock_threshold":null,"inheritable":false,"inbound_stock":0,"stock_on_hold":31,"sold_today":1,"sales_last_days":395,"reserved_stock":0,"customer_returns":0,"warehouse_damage":0,"lost_in_post":0,"other_logs":0,"out_stock_days":0,"lost_sales":0,"has_location":false,"update_date":"2026-02-12T15:18:46","atum_locations":[],"atum_stock_status":"instock","restock_status":false,"low_stock_amount":"","sales_update_date":"2026-02-12T15:18:37","calc_backorders":null,"acf":[],"_links":{"self":[{"href":"https:\/\/vbd.dev.sumena.ee\/lv\/wp-json\/wp\/v2\/product\/221001","targetHints":{"allow":["GET"]}}],"collection":[{"href":"https:\/\/vbd.dev.sumena.ee\/lv\/wp-json\/wp\/v2\/product"}],"about":[{"href":"https:\/\/vbd.dev.sumena.ee\/lv\/wp-json\/wp\/v2\/types\/product"}],"replies":[{"embeddable":true,"href":"https:\/\/vbd.dev.sumena.ee\/lv\/wp-json\/wp\/v2\/comments?post=221001"}],"wp:featuredmedia":[{"embeddable":true,"href":"https:\/\/vbd.dev.sumena.ee\/lv\/wp-json\/wp\/v2\/media\/221002"}],"wp:attachment":[{"href":"https:\/\/vbd.dev.sumena.ee\/lv\/wp-json\/wp\/v2\/media?parent=221001"}],"wp:term":[{"taxonomy":"product_brand","embeddable":true,"href":"https:\/\/vbd.dev.sumena.ee\/lv\/wp-json\/wp\/v2\/product_brand?post=221001"},{"taxonomy":"product_cat","embeddable":true,"href":"https:\/\/vbd.dev.sumena.ee\/lv\/wp-json\/wp\/v2\/product_cat?post=221001"},{"taxonomy":"product_tag","embeddable":true,"href":"https:\/\/vbd.dev.sumena.ee\/lv\/wp-json\/wp\/v2\/product_tag?post=221001"}],"curies":[{"name":"wp","href":"https:\/\/api.w.org\/{rel}","templated":true}]}}