{"id":220998,"date":"2025-03-17T11:46:59","date_gmt":"2025-03-17T08:46:59","guid":{"rendered":"https:\/\/vbd.dev.sumena.ee\/?post_type=product&#038;p=220998"},"modified":"2026-02-12T18:17:48","modified_gmt":"2026-02-12T15:17:48","slug":"kassisoot-kuulikulihaga-kastmes-my-love-100-g","status":"publish","type":"product","link":"https:\/\/vbd.dev.sumena.ee\/lv\/products-2\/kassisoot-kuulikulihaga-kastmes-my-love-100-g\/","title":{"rendered":"Ka\u0137u bar\u012bba ar tru\u0161a ga\u013cu m\u0113rc\u0113, MY LOVE, 100 g"},"content":{"rendered":"<p>SAST\u0100VS: ga\u013ca un ga\u013cas blakusprodukti (min. 76% gabalos), taj\u0101 skait\u0101 trusis vismaz 4%, manna (kvie\u0161i 6,45%), augu olbaltumvielu ekstrakti, miner\u0101lvielas, augu blakusprodukti (p\u0113ters\u012b\u013ci) 0,001%. Anal\u012btisk\u0101s sast\u0101vda\u013cas: kopprote\u012bns \u2013 7%, koptauki \u2013 4,5%, kop\u0113jos pelni \u2013 2,5%, kop\u0161\u0137iedra \u2013 0,3%, mitrums \u2013 82%, kalcijs \u2013 0,35%, fosfors \u2013 0,25%. PAPILDIN\u0100T\u0100JI (1 kg bar\u012bbas): D3 vitam\u012bns (3\u0430671): 135 SV; E vitam\u012bns (3\u0430700): 8,99 mg, B1 vitam\u012bns (<\/p>","protected":false},"excerpt":{"rendered":"<p>Par lieto\u0161anas l\u012bdz: 08.08.2026 Daudzumpak\u0101: 24<\/p>","protected":false},"featured_media":221000,"comment_status":"open","ping_status":"closed","template":"","meta":{"_acf_changed":false},"product_brand":[],"product_cat":[91],"product_tag":[],"class_list":{"0":"post-220998","1":"product","2":"type-product","3":"status-publish","4":"has-post-thumbnail","6":"product_cat-loomatoit","8":"first","9":"instock","10":"sale","11":"taxable","12":"shipping-taxable","13":"purchasable","14":"product-type-simple"},"supplier_id":null,"supplier_sku":"","barcode":null,"atum_controlled":true,"out_stock_date":null,"out_stock_threshold":null,"inheritable":false,"inbound_stock":0,"stock_on_hold":7,"sold_today":10,"sales_last_days":378,"reserved_stock":0,"customer_returns":0,"warehouse_damage":0,"lost_in_post":0,"other_logs":0,"out_stock_days":0,"lost_sales":0,"has_location":false,"update_date":"2026-02-12T15:18:37","atum_locations":[],"atum_stock_status":"instock","restock_status":false,"low_stock_amount":"","sales_update_date":"2026-02-12T15:18:28","calc_backorders":null,"acf":[],"_links":{"self":[{"href":"https:\/\/vbd.dev.sumena.ee\/lv\/wp-json\/wp\/v2\/product\/220998","targetHints":{"allow":["GET"]}}],"collection":[{"href":"https:\/\/vbd.dev.sumena.ee\/lv\/wp-json\/wp\/v2\/product"}],"about":[{"href":"https:\/\/vbd.dev.sumena.ee\/lv\/wp-json\/wp\/v2\/types\/product"}],"replies":[{"embeddable":true,"href":"https:\/\/vbd.dev.sumena.ee\/lv\/wp-json\/wp\/v2\/comments?post=220998"}],"wp:featuredmedia":[{"embeddable":true,"href":"https:\/\/vbd.dev.sumena.ee\/lv\/wp-json\/wp\/v2\/media\/221000"}],"wp:attachment":[{"href":"https:\/\/vbd.dev.sumena.ee\/lv\/wp-json\/wp\/v2\/media?parent=220998"}],"wp:term":[{"taxonomy":"product_brand","embeddable":true,"href":"https:\/\/vbd.dev.sumena.ee\/lv\/wp-json\/wp\/v2\/product_brand?post=220998"},{"taxonomy":"product_cat","embeddable":true,"href":"https:\/\/vbd.dev.sumena.ee\/lv\/wp-json\/wp\/v2\/product_cat?post=220998"},{"taxonomy":"product_tag","embeddable":true,"href":"https:\/\/vbd.dev.sumena.ee\/lv\/wp-json\/wp\/v2\/product_tag?post=220998"}],"curies":[{"name":"wp","href":"https:\/\/api.w.org\/{rel}","templated":true}]}}