{"id":219481,"date":"2025-03-13T15:02:29","date_gmt":"2025-03-13T12:02:29","guid":{"rendered":"https:\/\/vbd.dev.sumena.ee\/?post_type=product&#038;p=219481"},"modified":"2026-02-12T13:08:07","modified_gmt":"2026-02-12T10:08:07","slug":"korvitsakastme-segu-knorr-49-g","status":"publish","type":"product","link":"https:\/\/vbd.dev.sumena.ee\/lv\/products-2\/korvitsakastme-segu-knorr-49-g\/","title":{"rendered":"\u0136irbju m\u0113rces mais\u012bjums, KNORR, 49 g"},"content":{"rendered":"<p>No Knorr Fix \u0137irbju m\u0113rces sast\u0101vda\u013c\u0101m viegli pagatavosi gardu \u0137irbju m\u0113rci! Gatavo\u0161ana: 300 g vistas filejas, 130 g s\u012bpola, 160 g paprikas, 150 g burk\u0101na, 50 ml e\u013c\u013cas, 300 ml \u016bdens, 200 g pastas, r\u012bsu vai mie\u017eu. 1. Sagriez vistu gabali\u0146os un apbr\u016bnini karst\u0101 e\u013c\u013c\u0101. Pievieno s\u012bpolu, burk\u0101nu un papriku un cep, l\u012bdz tie k\u013c\u016bst gai\u0161i zeltaini. 2. Uzlej virs\u016b Knorr Fix mais\u012bjumu, sajaukotu ar 300 ml \u016bdens. P\u0101rkl\u0101j 1\u20132 min\u016btes, ik pa laikam maisot. 3. Pasniedz ar pastu, r\u012b<\/p>\n<p><strong>Sast\u0101vs<\/strong>: palmirasv, \u0137irbis (17%), ciete, kvie\u0161u milti, cukurs, jod\u0113ta s\u0101ls, kalt\u0113ts glikozes s\u012brups, rauga ekstrakts, piena olbaltums, \u0137iploks (0,5%), paprika, \u0137imenes, s\u0101ls, maltodekstr\u012bns, sojas m\u0113rce (soja, kvie\u0161i), p\u0113ters\u012b\u013ci, citrona sula, fruktoze, aromatiz\u0113t\u0101ji un gar\u0161as vielas. Var satur\u0113t sinepes, olu, selerijas un citus lipekli saturo\u0161us graudaugus. \u013boti s\u0101\u013c\u0161.<\/p>","protected":false},"excerpt":{"rendered":"<p>Lietojams l\u012bdz: 28.02.2025 Daudzsai\u0146ojums: 20<\/p>","protected":false},"featured_media":219482,"comment_status":"open","ping_status":"closed","template":"","meta":{"_acf_changed":false},"product_brand":[],"product_cat":[183],"product_tag":[],"class_list":{"0":"post-219481","1":"product","2":"type-product","3":"status-publish","4":"has-post-thumbnail","6":"product_cat-maitseained","8":"first","9":"instock","10":"sale","11":"taxable","12":"shipping-taxable","13":"purchasable","14":"product-type-simple"},"supplier_id":null,"supplier_sku":"","barcode":null,"atum_controlled":true,"out_stock_date":null,"out_stock_threshold":null,"inheritable":false,"inbound_stock":0,"stock_on_hold":112,"sold_today":1,"sales_last_days":1192,"reserved_stock":0,"customer_returns":0,"warehouse_damage":0,"lost_in_post":0,"other_logs":0,"out_stock_days":0,"lost_sales":0,"has_location":false,"update_date":"2026-02-12T14:55:32","atum_locations":[],"atum_stock_status":"instock","restock_status":true,"low_stock_amount":"","sales_update_date":"2026-02-12T14:55:22","calc_backorders":null,"acf":[],"_links":{"self":[{"href":"https:\/\/vbd.dev.sumena.ee\/lv\/wp-json\/wp\/v2\/product\/219481","targetHints":{"allow":["GET"]}}],"collection":[{"href":"https:\/\/vbd.dev.sumena.ee\/lv\/wp-json\/wp\/v2\/product"}],"about":[{"href":"https:\/\/vbd.dev.sumena.ee\/lv\/wp-json\/wp\/v2\/types\/product"}],"replies":[{"embeddable":true,"href":"https:\/\/vbd.dev.sumena.ee\/lv\/wp-json\/wp\/v2\/comments?post=219481"}],"wp:featuredmedia":[{"embeddable":true,"href":"https:\/\/vbd.dev.sumena.ee\/lv\/wp-json\/wp\/v2\/media\/219482"}],"wp:attachment":[{"href":"https:\/\/vbd.dev.sumena.ee\/lv\/wp-json\/wp\/v2\/media?parent=219481"}],"wp:term":[{"taxonomy":"product_brand","embeddable":true,"href":"https:\/\/vbd.dev.sumena.ee\/lv\/wp-json\/wp\/v2\/product_brand?post=219481"},{"taxonomy":"product_cat","embeddable":true,"href":"https:\/\/vbd.dev.sumena.ee\/lv\/wp-json\/wp\/v2\/product_cat?post=219481"},{"taxonomy":"product_tag","embeddable":true,"href":"https:\/\/vbd.dev.sumena.ee\/lv\/wp-json\/wp\/v2\/product_tag?post=219481"}],"curies":[{"name":"wp","href":"https:\/\/api.w.org\/{rel}","templated":true}]}}