{"id":217099,"date":"2026-02-06T12:26:09","date_gmt":"2026-02-06T09:26:09","guid":{"rendered":"https:\/\/vbd.dev.sumena.ee\/?post_type=product&#038;p=217099"},"modified":"2026-02-12T13:08:04","modified_gmt":"2026-02-12T10:08:04","slug":"juustusokolaad-nopri-100-g","status":"publish","type":"product","link":"https:\/\/vbd.dev.sumena.ee\/lv\/products-2\/juustusokolaad-nopri-100-g\/","title":{"rendered":"Siera \u0161okol\u0101de, Nopri, 100 g"},"content":{"rendered":"<p><strong>Sast\u0101vda\u013cas:\u00a0<\/strong>kakao masa, kakao sviests, cukurs, lauku biezpiens Nopri Eksklusiiv 12 m\u0113ne\u0161u nogatavin\u0101ts 15%, (pasteriz\u0113ts\u00a0<strong>piens<\/strong>, s\u0101ls 1,5%, laap, starteraudu, emulgators E322 (<strong>soju<\/strong>lets\u012bns), aromatiz\u0113t\u0101js un gar\u0161viela vanil\u012bns.<\/p>","protected":false},"excerpt":{"rendered":"<p>Par labu l\u012bdz: 06.05.2025<\/p>","protected":false},"featured_media":217101,"comment_status":"open","ping_status":"closed","template":"","meta":{"_acf_changed":false},"product_brand":[],"product_cat":[77,84],"product_tag":[],"class_list":{"0":"post-217099","1":"product","2":"type-product","3":"status-publish","4":"has-post-thumbnail","6":"product_cat-maiustused","7":"product_cat-sokolaad","9":"first","10":"instock","11":"sale","12":"taxable","13":"shipping-taxable","14":"purchasable","15":"product-type-simple"},"supplier_id":null,"supplier_sku":"","barcode":null,"atum_controlled":true,"out_stock_date":null,"out_stock_threshold":null,"inheritable":false,"inbound_stock":0,"stock_on_hold":7,"sold_today":5,"sales_last_days":36,"reserved_stock":0,"customer_returns":0,"warehouse_damage":0,"lost_in_post":0,"other_logs":0,"out_stock_days":0,"lost_sales":0,"has_location":false,"update_date":"2026-02-12T13:41:23","atum_locations":[],"atum_stock_status":"instock","restock_status":true,"low_stock_amount":"","sales_update_date":"2026-02-12T13:41:13","calc_backorders":null,"acf":[],"_links":{"self":[{"href":"https:\/\/vbd.dev.sumena.ee\/lv\/wp-json\/wp\/v2\/product\/217099","targetHints":{"allow":["GET"]}}],"collection":[{"href":"https:\/\/vbd.dev.sumena.ee\/lv\/wp-json\/wp\/v2\/product"}],"about":[{"href":"https:\/\/vbd.dev.sumena.ee\/lv\/wp-json\/wp\/v2\/types\/product"}],"replies":[{"embeddable":true,"href":"https:\/\/vbd.dev.sumena.ee\/lv\/wp-json\/wp\/v2\/comments?post=217099"}],"wp:featuredmedia":[{"embeddable":true,"href":"https:\/\/vbd.dev.sumena.ee\/lv\/wp-json\/wp\/v2\/media\/217101"}],"wp:attachment":[{"href":"https:\/\/vbd.dev.sumena.ee\/lv\/wp-json\/wp\/v2\/media?parent=217099"}],"wp:term":[{"taxonomy":"product_brand","embeddable":true,"href":"https:\/\/vbd.dev.sumena.ee\/lv\/wp-json\/wp\/v2\/product_brand?post=217099"},{"taxonomy":"product_cat","embeddable":true,"href":"https:\/\/vbd.dev.sumena.ee\/lv\/wp-json\/wp\/v2\/product_cat?post=217099"},{"taxonomy":"product_tag","embeddable":true,"href":"https:\/\/vbd.dev.sumena.ee\/lv\/wp-json\/wp\/v2\/product_tag?post=217099"}],"curies":[{"name":"wp","href":"https:\/\/api.w.org\/{rel}","templated":true}]}}