{"id":216197,"date":"2025-12-10T21:25:41","date_gmt":"2025-12-10T18:25:41","guid":{"rendered":"https:\/\/vbd.dev.sumena.ee\/?post_type=product&#038;p=216197"},"modified":"2026-02-12T18:40:34","modified_gmt":"2026-02-12T15:40:34","slug":"kiirnuudlid-bbq-ribide-maitselised-knorr-71-g","status":"publish","type":"product","link":"https:\/\/vbd.dev.sumena.ee\/lv\/products-2\/kiirnuudlid-bbq-ribide-maitselised-knorr-71-g\/","title":{"rendered":"\u0100tri pagatavojam\u0101s n\u016bdeles ar BBQ ribu gar\u0161u, KNORR, 66 g"},"content":{"rendered":"<p><strong>Sast\u0101vs<\/strong>: N\u016bdeles (80,3%): KVIE\u0160U milti, palmaspirts, s\u0101ls, modific\u0113ts ciete, cukurs, rap\u0161u e\u013c\u013ca, kurkumas ekstrakts, gar\u0161vielu mais\u012bjums (19,7%): ciete, br\u016bnais cukurs, gar\u0161as pastiprin\u0101t\u0101ji: n\u0101trija glutam\u0101ts, din\u0101trija inos\u012bn\u0101ts, din\u0101trija guanil\u0101ts; k\u0101lija miner\u0101ls\u0101ls, aromatiz\u0113t\u0101ji un gar\u0161as vielas, \u0137iploks* (5,2%), tom\u0101tu pasta* (3,2%), grauzd\u0113ta s\u012bpola* (2,7%), karameles s\u012brups, ingvers (2,1%), maltoodekstr\u012bns, k\u016bpin\u0101ts \u010dili (1,3%), kukur\u016bzas e\u013c\u013ca, SOJAS m\u0113rce (<\/p>","protected":false},"excerpt":{"rendered":"<p>Koostisosad: Nuudlid (80,3%): NISUJAhu, palmirasv, sool, modifitseeritud t\u00e4rklis, suhkur, rapsi\u00f5li, kurkumiekstrakt, v\u00fcrtsisegu (19,7%): t\u00e4rklis, roosuhkur, maitsetugevdajad: naatriumglutamaat, dinaatriuminosinaat, dinaatriumguan\u00fclaat; kaaliumi mineraalsool, l\u00f5hna- ja maitseained, k\u00fc\u00fcslauk* (5,2%), tomatipasta* (3,2%), r\u00f6stitud sibul* (2,7%), karamellisiirup, ingver (2,1%), maltodekstriin, suitsutatud t\u0161illi (1,3%), maisi\u00f5li, SOJAkaste (sh NISU), hape: sidrunhape; sool, Cayenne&#8217;i pipar (0,7%), palmirasv, sealiha (0,5%), v\u00fcrtsisegu (aniis, aniis, kaneel, [&hellip;]<\/p>","protected":false},"featured_media":216199,"comment_status":"open","ping_status":"closed","template":"","meta":{"_acf_changed":false},"product_brand":[],"product_cat":[87,86,80,89],"product_tag":[],"class_list":{"0":"post-216197","1":"product","2":"type-product","3":"status-publish","4":"has-post-thumbnail","6":"product_cat-meie-lemmikud","7":"product_cat-kuivained","8":"product_cat-snakid","9":"product_cat-valmistoit","11":"first","12":"instock","13":"sale","14":"taxable","15":"shipping-taxable","16":"purchasable","17":"product-type-simple"},"supplier_id":null,"supplier_sku":"","barcode":null,"atum_controlled":true,"out_stock_date":null,"out_stock_threshold":null,"inheritable":false,"inbound_stock":0,"stock_on_hold":513,"sold_today":394,"sales_last_days":4880,"reserved_stock":0,"customer_returns":0,"warehouse_damage":0,"lost_in_post":0,"other_logs":0,"out_stock_days":0,"lost_sales":0,"has_location":false,"update_date":"2026-02-12T15:41:01","atum_locations":[],"atum_stock_status":"instock","restock_status":true,"low_stock_amount":"","sales_update_date":"2026-02-12T15:40:51","calc_backorders":null,"acf":[],"_links":{"self":[{"href":"https:\/\/vbd.dev.sumena.ee\/lv\/wp-json\/wp\/v2\/product\/216197","targetHints":{"allow":["GET"]}}],"collection":[{"href":"https:\/\/vbd.dev.sumena.ee\/lv\/wp-json\/wp\/v2\/product"}],"about":[{"href":"https:\/\/vbd.dev.sumena.ee\/lv\/wp-json\/wp\/v2\/types\/product"}],"replies":[{"embeddable":true,"href":"https:\/\/vbd.dev.sumena.ee\/lv\/wp-json\/wp\/v2\/comments?post=216197"}],"wp:featuredmedia":[{"embeddable":true,"href":"https:\/\/vbd.dev.sumena.ee\/lv\/wp-json\/wp\/v2\/media\/216199"}],"wp:attachment":[{"href":"https:\/\/vbd.dev.sumena.ee\/lv\/wp-json\/wp\/v2\/media?parent=216197"}],"wp:term":[{"taxonomy":"product_brand","embeddable":true,"href":"https:\/\/vbd.dev.sumena.ee\/lv\/wp-json\/wp\/v2\/product_brand?post=216197"},{"taxonomy":"product_cat","embeddable":true,"href":"https:\/\/vbd.dev.sumena.ee\/lv\/wp-json\/wp\/v2\/product_cat?post=216197"},{"taxonomy":"product_tag","embeddable":true,"href":"https:\/\/vbd.dev.sumena.ee\/lv\/wp-json\/wp\/v2\/product_tag?post=216197"}],"curies":[{"name":"wp","href":"https:\/\/api.w.org\/{rel}","templated":true}]}}