{"id":213140,"date":"2026-02-11T19:10:51","date_gmt":"2026-02-11T16:10:51","guid":{"rendered":"https:\/\/vbd.dev.sumena.ee\/?post_type=product&#038;p=213140"},"modified":"2026-02-12T18:50:09","modified_gmt":"2026-02-12T15:50:09","slug":"lorenz-crunchips-wow-kartulikropsud-paprika-ja-hapukoorega-110g","status":"publish","type":"product","link":"https:\/\/vbd.dev.sumena.ee\/lv\/products-2\/lorenz-crunchips-wow-kartulikropsud-paprika-ja-hapukoorega-110g\/","title":{"rendered":"LORENZ CRUNCHIPS WOW kartulikr\u00f5psud paprika ja hapukoorega 110g"},"content":{"rendered":"<div class=\"sc-fe30e6de-1 klgtDn\" data-test-id=\"product-info-ingredients\">\n<div>\n<h3 class=\"sc-d9655132-0 cSOuJU sc-83d34b4b-0 gHeBlt\">Sast\u0101vs<\/h3>\n<div class=\"sc-fe30e6de-2 kDrqmG\">\n<p>Koostisosad: kartul, taime\u00f5lid (p\u00e4evalill, rapsiseemned muutuvas suhtes), sool, suhkur, dekstroos, sibulapulber, paprikapulber, HAPU KOOREpulber, l\u00f5hna- ja maitseaine (sisaldab PIIMAtooteid), v\u00e4rvained: paprikaekstrakt, raudoksiidid, hape: sidrunhape, antioks\u00fcdant: tokoferoolikontsentraat.<\/p>\n<\/div>\n<\/div>\n<\/div>\n<div class=\"sc-fe30e6de-1 klgtDn\" data-test-id=\"product-info-ean\">\n<div>\n<div class=\"tableRow\">\n<div class=\"tableHeader\">Uzturv\u0113rt\u012bba<\/div>\n<div class=\"tableHeader\">100 g\/100 ml<\/div>\n<div class=\"tableHeader\">RI*<\/div>\n<\/div>\n<div class=\"tableRow\">\n<div class=\"cell\">Ener\u0123ija<\/div>\n<div class=\"cell\">2242 kJ \/ 536 kcal<\/div>\n<div class=\"cell greyed\">26,8%<\/div>\n<\/div>\n<div class=\"tableRow indented-parent\">\n<div class=\"cell\">Tauki<\/div>\n<div class=\"cell\">34 g<\/div>\n<div class=\"cell greyed\">48,57%<\/div>\n<\/div>\n<div class=\"tableRow indented\">\n<div class=\"cell\">Tauki, no kuriem pies\u0101tin\u0101t\u0101s tauksk\u0101bes<\/div>\n<div class=\"cell\">2,6 g<\/div>\n<div class=\"cell greyed\">13%<\/div>\n<\/div>\n<div class=\"tableRow indented-parent\">\n<div class=\"cell\">Og\u013chidr\u0101ti<\/div>\n<div class=\"cell\">50 g<\/div>\n<div class=\"cell greyed\">19,23%<\/div>\n<\/div>\n<div class=\"tableRow indented\">\n<div class=\"cell\">Og\u013chidr\u0101ti, no kuriem cukuri<\/div>\n<div class=\"cell\">2,7 g<\/div>\n<div class=\"cell greyed\">3%<\/div>\n<\/div>\n<div class=\"tableRow\">\n<div class=\"cell\">\u0160\u0137iedrvielas<\/div>\n<div class=\"cell\">4,4 g<\/div>\n<div class=\"cell greyed\"><\/div>\n<\/div>\n<div class=\"tableRow\">\n<div class=\"cell\">Olbaltumvielas<\/div>\n<div class=\"cell\">5,4 g<\/div>\n<div class=\"cell greyed\">10,8%<\/div>\n<\/div>\n<div class=\"tableRow\">\n<div class=\"cell\">S\u0101ls<\/div>\n<div class=\"cell\">1,7 g<\/div>\n<\/div>\n<\/div>\n<\/div>","protected":false},"excerpt":{"rendered":"<p>Koostisosad Koostisosad: kartul, taime\u00f5lid (p\u00e4evalill, rapsiseemned muutuvas suhtes), sool, suhkur, dekstroos, sibulapulber, paprikapulber, HAPU KOOREpulber, l\u00f5hna- ja maitseaine (sisaldab PIIMAtooteid), v\u00e4rvained: paprikaekstrakt, raudoksiidid, hape: sidrunhape, antioks\u00fcdant: tokoferoolikontsentraat. Toitev\u00e4\u00e4rtus 100 g\/100 ml RI* Energia 2242 kJ \/ 536 kcal 26,8% Rasvad 34 g 48,57% Rasvad, millest k\u00fcllastunud rasvhapped 2,6 g 13% S\u00fcsivesikud 50 g 19,23% S\u00fcsivesikud, [&hellip;]<\/p>","protected":false},"featured_media":213141,"comment_status":"open","ping_status":"closed","template":"","meta":{"_acf_changed":false},"product_brand":[],"product_cat":[80,81],"product_tag":[],"class_list":{"0":"post-213140","1":"product","2":"type-product","3":"status-publish","4":"has-post-thumbnail","6":"product_cat-snakid","7":"product_cat-kropsud","9":"first","10":"instock","11":"sale","12":"taxable","13":"shipping-taxable","14":"purchasable","15":"product-type-simple"},"supplier_id":null,"supplier_sku":"","barcode":null,"atum_controlled":true,"out_stock_date":null,"out_stock_threshold":null,"inheritable":false,"inbound_stock":0,"stock_on_hold":67,"sold_today":85,"sales_last_days":112,"reserved_stock":0,"customer_returns":0,"warehouse_damage":0,"lost_in_post":0,"other_logs":0,"out_stock_days":0,"lost_sales":0,"has_location":false,"update_date":"2026-02-12T15:50:43","atum_locations":[],"atum_stock_status":"instock","restock_status":false,"low_stock_amount":"","sales_update_date":"2026-02-12T15:50:34","calc_backorders":null,"acf":[],"_links":{"self":[{"href":"https:\/\/vbd.dev.sumena.ee\/lv\/wp-json\/wp\/v2\/product\/213140","targetHints":{"allow":["GET"]}}],"collection":[{"href":"https:\/\/vbd.dev.sumena.ee\/lv\/wp-json\/wp\/v2\/product"}],"about":[{"href":"https:\/\/vbd.dev.sumena.ee\/lv\/wp-json\/wp\/v2\/types\/product"}],"replies":[{"embeddable":true,"href":"https:\/\/vbd.dev.sumena.ee\/lv\/wp-json\/wp\/v2\/comments?post=213140"}],"wp:featuredmedia":[{"embeddable":true,"href":"https:\/\/vbd.dev.sumena.ee\/lv\/wp-json\/wp\/v2\/media\/213141"}],"wp:attachment":[{"href":"https:\/\/vbd.dev.sumena.ee\/lv\/wp-json\/wp\/v2\/media?parent=213140"}],"wp:term":[{"taxonomy":"product_brand","embeddable":true,"href":"https:\/\/vbd.dev.sumena.ee\/lv\/wp-json\/wp\/v2\/product_brand?post=213140"},{"taxonomy":"product_cat","embeddable":true,"href":"https:\/\/vbd.dev.sumena.ee\/lv\/wp-json\/wp\/v2\/product_cat?post=213140"},{"taxonomy":"product_tag","embeddable":true,"href":"https:\/\/vbd.dev.sumena.ee\/lv\/wp-json\/wp\/v2\/product_tag?post=213140"}],"curies":[{"name":"wp","href":"https:\/\/api.w.org\/{rel}","templated":true}]}}