{"id":207286,"date":"2026-01-14T12:05:07","date_gmt":"2026-01-14T09:05:07","guid":{"rendered":"https:\/\/vbd.dev.sumena.ee\/?post_type=product&#038;p=207286"},"modified":"2026-02-12T13:08:07","modified_gmt":"2026-02-12T10:08:07","slug":"vahdam-taimetee-kurkumi-vurtsidega-152g","status":"publish","type":"product","link":"https:\/\/vbd.dev.sumena.ee\/lv\/products-2\/vahdam-taimetee-kurkumi-vurtsidega-152g\/","title":{"rendered":"VAHDAM z\u0101\u013cu t\u0113ja ar kurkumas gar\u0161viel\u0101m 30g"},"content":{"rendered":"<p>Ajatu Indiap\u00e4rane taimne tee puhtast kuldsest kurkumist koos rikkalike \u00fcrtide ja v\u00fcrtsidega. Sisaldab p\u00f5letikuvastaseid omadusi. Kofeiinivaba.<\/p>\n<p><strong>Sast\u0101vda\u013cas:<\/strong>\u00a0kurkum (38%), kaneel (20%), must pipar (10%), ingver (10%), sidrunhein (10%), kardemon (10%), bergamoti ekstraktid (2%).<\/p>\n<div id=\"tab-21\" class=\"tab-content tab-21\">\n<p>Kastis: 36 tk<\/p>\n<\/div>\n<div class=\"box\"><\/div>","protected":false},"excerpt":{"rendered":"<p>Ajatu Indiap\u00e4rane taimne tee puhtast kuldsest kurkumist koos rikkalike \u00fcrtide ja v\u00fcrtsidega. Sisaldab p\u00f5letikuvastaseid omadusi. Kofeiinivaba. Koostisosad:\u00a0kurkum (38%), kaneel (20%), must pipar (10%), ingver (10%), sidrunhein (10%), kardemon (10%), bergamoti ekstraktid (2%). Kastis: 36 tk<\/p>","protected":false},"featured_media":207287,"comment_status":"open","ping_status":"closed","template":"","meta":{"_acf_changed":false},"product_brand":[],"product_cat":[163,79],"product_tag":[],"class_list":{"0":"post-207286","1":"product","2":"type-product","3":"status-publish","4":"has-post-thumbnail","6":"product_cat-kohv-tee","7":"product_cat-joogid","9":"first","10":"instock","11":"sale","12":"taxable","13":"shipping-taxable","14":"purchasable","15":"product-type-simple"},"supplier_id":null,"supplier_sku":"","barcode":null,"atum_controlled":true,"out_stock_date":null,"out_stock_threshold":null,"inheritable":false,"inbound_stock":0,"stock_on_hold":16,"sold_today":4,"sales_last_days":394,"reserved_stock":0,"customer_returns":0,"warehouse_damage":0,"lost_in_post":0,"other_logs":0,"out_stock_days":0,"lost_sales":0,"has_location":false,"update_date":"2026-02-12T13:44:27","atum_locations":[],"atum_stock_status":"instock","restock_status":true,"low_stock_amount":"","sales_update_date":"2026-02-12T13:44:18","calc_backorders":null,"acf":[],"_links":{"self":[{"href":"https:\/\/vbd.dev.sumena.ee\/lv\/wp-json\/wp\/v2\/product\/207286","targetHints":{"allow":["GET"]}}],"collection":[{"href":"https:\/\/vbd.dev.sumena.ee\/lv\/wp-json\/wp\/v2\/product"}],"about":[{"href":"https:\/\/vbd.dev.sumena.ee\/lv\/wp-json\/wp\/v2\/types\/product"}],"replies":[{"embeddable":true,"href":"https:\/\/vbd.dev.sumena.ee\/lv\/wp-json\/wp\/v2\/comments?post=207286"}],"wp:featuredmedia":[{"embeddable":true,"href":"https:\/\/vbd.dev.sumena.ee\/lv\/wp-json\/wp\/v2\/media\/207287"}],"wp:attachment":[{"href":"https:\/\/vbd.dev.sumena.ee\/lv\/wp-json\/wp\/v2\/media?parent=207286"}],"wp:term":[{"taxonomy":"product_brand","embeddable":true,"href":"https:\/\/vbd.dev.sumena.ee\/lv\/wp-json\/wp\/v2\/product_brand?post=207286"},{"taxonomy":"product_cat","embeddable":true,"href":"https:\/\/vbd.dev.sumena.ee\/lv\/wp-json\/wp\/v2\/product_cat?post=207286"},{"taxonomy":"product_tag","embeddable":true,"href":"https:\/\/vbd.dev.sumena.ee\/lv\/wp-json\/wp\/v2\/product_tag?post=207286"}],"curies":[{"name":"wp","href":"https:\/\/api.w.org\/{rel}","templated":true}]}}