{"id":204801,"date":"2026-01-28T15:18:23","date_gmt":"2026-01-28T12:18:23","guid":{"rendered":"https:\/\/vbd.dev.sumena.ee\/?post_type=product&#038;p=204801"},"modified":"2026-02-12T17:32:15","modified_gmt":"2026-02-12T14:32:15","slug":"ehe-pasta-bolognese-poltsamaa-valmis-380g","status":"publish","type":"product","link":"https:\/\/vbd.dev.sumena.ee\/lv\/products-2\/ehe-pasta-bolognese-poltsamaa-valmis-380g\/","title":{"rendered":"Pasta Bolognese, P\u00d5LTSAMAA, gatavs 380\u202fg"},"content":{"rendered":"<div class=\"Accordion AttributeAccordion\" data-v-28ef612e=\"\">\n<div class=\"Accordion__content\">\n<div class=\"AttributeAccordion__content\" data-v-28ef612e=\"\">Gar\u0161\u012bga pastas \u0113diena kombin\u0101cija ar maltu ga\u013cu un k\u016bpin\u0101tu bekonu, sasmalcin\u0101tiem tom\u0101tiem un Vidusj\u016bras gar\u0161augiem.<\/div>\n<\/div>\n<\/div>\n<div class=\"Accordion AttributeAccordion\" data-v-28ef612e=\"\">\n<div class=\"AttributeAccordion__heading\" data-v-28ef612e=\"\">Sast\u0101vs<\/div>\n<div class=\"Accordion__content\">\n<div class=\"AttributeAccordion__content\" data-v-28ef612e=\"\">Sast\u0101vda\u013cas: dzeram\u0101 \u016bdens, sasmalcin\u0101ti tom\u0101ti (14\u202f%) (tom\u0101ti, tom\u0101tu sula), burk\u0101ns, paprika, liellopa un c\u016bkga\u013cas malt\u0101 ga\u013ca (9,8\u202f%), spir\u0101lveida makaroni (9\u202f%) (satur kvie\u0161u miltus un olas), s\u012bpols, tom\u0101tu pasta, selerija sakne, neapstr\u0101d\u0101ts k\u016bpin\u0101ts bekons (2,5\u202f%) [c\u016bkga\u013ca (95\u202f%), dzeram\u0101 \u016bdens, s\u0101ls], rap\u0161u e\u013c\u013ca, sojas m\u0113rce (satur kvie\u0161u miltus), siers, \u0137iploks, s\u0101ls, cukurs, gar\u0161augi (0,11\u202f%) (baziliks, oregano), Kaj\u0113nas pipars.<br \/>\nVar satur\u0113t nelielu daudzumu zemesriekstu.* Produkta sast\u0101vda\u013cu saraksts var main\u012bties. Pirms lieto\u0161anas p\u0101rbaudiet sast\u0101vda\u013cas uz iepakojuma.<\/div>\n<\/div>\n<\/div>\n<div class=\"Accordion AttributeAccordion\" data-v-28ef612e=\"\">\n<div class=\"AttributeAccordion__heading\" data-v-28ef612e=\"\">Uzturv\u0113rt\u012bba<\/div>\n<div class=\"Accordion__content\">\n<div class=\"AttributeAccordion__content\" data-v-28ef612e=\"\">\n<div data-v-33cd2938=\"\">\n<table class=\"ProductNutrition\" data-v-33cd2938=\"\">\n<tbody data-v-33cd2938=\"\">\n<tr data-v-33cd2938=\"\">\n<th class=\"ProductNutrition__title\" colspan=\"2\" data-v-33cd2938=\"\">uz 100 gramiem<\/th>\n<\/tr>\n<tr data-v-33cd2938=\"\">\n<th class=\"ProductNutrition__label\" data-v-33cd2938=\"\">Ener\u0123ijas saturs (kJ\/kcal)<\/th>\n<td class=\"ProductNutrition__value\" data-v-33cd2938=\"\">472,8 kJ\/113 kcal<\/td>\n<\/tr>\n<tr data-v-33cd2938=\"\">\n<th class=\"ProductNutrition__label\" data-v-33cd2938=\"\">Tauki (g)<\/th>\n<td class=\"ProductNutrition__value\" data-v-33cd2938=\"\">5,70<\/td>\n<\/tr>\n<tr data-v-33cd2938=\"\">\n<th class=\"ProductNutrition__label\" data-v-33cd2938=\"\">No\u0101trin\u0101t\u0101s tauksk\u0101bes (g)<\/th>\n<td class=\"ProductNutrition__value\" data-v-33cd2938=\"\">1,90<\/td>\n<\/tr>\n<tr data-v-33cd2938=\"\">\n<th class=\"ProductNutrition__label\" data-v-33cd2938=\"\">Og\u013chidr\u0101ti (g)<\/th>\n<td class=\"ProductNutrition__value\" data-v-33cd2938=\"\">10<\/td>\n<\/tr>\n<tr data-v-33cd2938=\"\">\n<th class=\"ProductNutrition__label\" data-v-33cd2938=\"\">No k\u0101diem cukuriem (g)<\/th>\n<td class=\"ProductNutrition__value\" data-v-33cd2938=\"\">3,20<\/td>\n<\/tr>\n<tr data-v-33cd2938=\"\">\n<th class=\"ProductNutrition__label\" data-v-33cd2938=\"\">Olbaltumvielas (g)<\/th>\n<td class=\"ProductNutrition__value\" data-v-33cd2938=\"\">4,60<\/td>\n<\/tr>\n<tr data-v-33cd2938=\"\">\n<th class=\"ProductNutrition__label\" data-v-33cd2938=\"\">S\u0101ls (g)<\/th>\n<td class=\"ProductNutrition__value\" data-v-33cd2938=\"\">1<\/td>\n<\/tr>\n<\/tbody>\n<\/table>\n<\/div>\n<\/div>\n<\/div>\n<\/div>","protected":false},"excerpt":{"rendered":"<p>H\u00f5rk pastaroog hakkliha ja suitsupeekoni, purustatud tomatite ning Vahemere \u00fcrtidega. Koostisosad joogivesi, purustatud tomatid(14%), (tomatid, tomatimahl), porgand, paprika, veise &#8211; ja seahakkliha (9,8 % sissepanekul), spiraalmakaronid (9% sissepanekul)(sisaldavad NISUJAHU ja MUNA), sibul, tomatipasta, SELLER, toorsuitsupeekon (2,5% sissepanekul) [sealiha (95%), joogivesi, sool], rapsi\u00f5li, SOJAkaste (sisaldab NISUJAHU), JUUST, k\u00fc\u00fcslauk, sool, suhkur, maitsetaimed (0,11%) (basiilik, oregano), Cayenne&#8217;i pipar. [&hellip;]<\/p>","protected":false},"featured_media":204802,"comment_status":"open","ping_status":"closed","template":"","meta":{"_acf_changed":false},"product_brand":[],"product_cat":[89],"product_tag":[],"class_list":{"0":"post-204801","1":"product","2":"type-product","3":"status-publish","4":"has-post-thumbnail","6":"product_cat-valmistoit","8":"first","9":"instock","10":"sale","11":"taxable","12":"shipping-taxable","13":"purchasable","14":"product-type-simple"},"supplier_id":null,"supplier_sku":"","barcode":null,"atum_controlled":true,"out_stock_date":null,"out_stock_threshold":null,"inheritable":false,"inbound_stock":0,"stock_on_hold":1,"sold_today":1,"sales_last_days":146,"reserved_stock":0,"customer_returns":0,"warehouse_damage":0,"lost_in_post":0,"other_logs":0,"out_stock_days":0,"lost_sales":0,"has_location":false,"update_date":"2026-02-12T15:17:15","atum_locations":[],"atum_stock_status":"instock","restock_status":false,"low_stock_amount":"","sales_update_date":"2026-02-12T15:17:07","calc_backorders":null,"acf":[],"_links":{"self":[{"href":"https:\/\/vbd.dev.sumena.ee\/lv\/wp-json\/wp\/v2\/product\/204801","targetHints":{"allow":["GET"]}}],"collection":[{"href":"https:\/\/vbd.dev.sumena.ee\/lv\/wp-json\/wp\/v2\/product"}],"about":[{"href":"https:\/\/vbd.dev.sumena.ee\/lv\/wp-json\/wp\/v2\/types\/product"}],"replies":[{"embeddable":true,"href":"https:\/\/vbd.dev.sumena.ee\/lv\/wp-json\/wp\/v2\/comments?post=204801"}],"wp:featuredmedia":[{"embeddable":true,"href":"https:\/\/vbd.dev.sumena.ee\/lv\/wp-json\/wp\/v2\/media\/204802"}],"wp:attachment":[{"href":"https:\/\/vbd.dev.sumena.ee\/lv\/wp-json\/wp\/v2\/media?parent=204801"}],"wp:term":[{"taxonomy":"product_brand","embeddable":true,"href":"https:\/\/vbd.dev.sumena.ee\/lv\/wp-json\/wp\/v2\/product_brand?post=204801"},{"taxonomy":"product_cat","embeddable":true,"href":"https:\/\/vbd.dev.sumena.ee\/lv\/wp-json\/wp\/v2\/product_cat?post=204801"},{"taxonomy":"product_tag","embeddable":true,"href":"https:\/\/vbd.dev.sumena.ee\/lv\/wp-json\/wp\/v2\/product_tag?post=204801"}],"curies":[{"name":"wp","href":"https:\/\/api.w.org\/{rel}","templated":true}]}}