{"id":201331,"date":"2025-10-10T19:55:21","date_gmt":"2025-10-10T16:55:21","guid":{"rendered":"https:\/\/vbd.dev.sumena.ee\/?post_type=product&#038;p=201331"},"modified":"2026-02-10T00:34:14","modified_gmt":"2026-02-09T21:34:14","slug":"veet-vahaplaaster-cold-wax-40-sensitive","status":"publish","type":"product","link":"https:\/\/vbd.dev.sumena.ee\/lv\/products-2\/veet-vahaplaaster-cold-wax-40-sensitive\/","title":{"rendered":"VEET vaks\u0101cijas pl\u0101ksteris Aukst\u0101 vaks\u0101cija 40 jut\u012bgai \u0101dai"},"content":{"rendered":"<p>Veet EasyGelwax vaksasloksnes \u0137ermenim un k\u0101j\u0101m. J\u016bt\u012bgai \u0101dai ar mande\u013cu e\u013c\u013cu un E\u2011vitam\u012bnu. 40 vaksasloksnes + 4 nosl\u0113guma salvetes. Jaun\u0101s paaudzes Veet vaksasloksnes sniedz p\u0101rliec\u012bbu par izcilu rezult\u0101tu. Jaun\u0101 \u017eelejveida formula ar EasyGelwaxTM tehnolo\u0123iju vienm\u0113r\u012bgi izklied\u0113jas un akt\u012bvi sa\u0137er pat \u012bs\u0101kos mati\u0146us*; iz\u0146em mati\u0146us no saknes, nodro\u0161inot gludumu l\u012bdz 28 dien\u0101m. Tas dod p\u0101rliec\u012bbu, ka jau no pirm\u0101s reizes sasniegsiet lielisku rezult\u0101tu, pat ja jums nav pieredzes vaksasloks\u0146u lieto\u0161an\u0101. Izbaudiet pat\u012bkamo \u017eelejas tekst\u016bru uz \u0101das, lab<\/p>","protected":false},"excerpt":{"rendered":"<p>V\u0113lams lietot l\u012bdz: 28.02.2026<\/p>","protected":false},"featured_media":201332,"comment_status":"open","ping_status":"closed","template":"","meta":{"_acf_changed":false},"product_brand":[],"product_cat":[158,104],"product_tag":[],"class_list":{"0":"post-201331","1":"product","2":"type-product","3":"status-publish","4":"has-post-thumbnail","6":"product_cat-kehahooldus","7":"product_cat-enesehooldus","9":"first","10":"instock","11":"sale","12":"taxable","13":"shipping-taxable","14":"purchasable","15":"product-type-simple"},"supplier_id":null,"supplier_sku":"","barcode":null,"atum_controlled":true,"out_stock_date":null,"out_stock_threshold":null,"inheritable":false,"inbound_stock":0,"stock_on_hold":0,"sold_today":0,"sales_last_days":5,"reserved_stock":0,"customer_returns":0,"warehouse_damage":0,"lost_in_post":0,"other_logs":0,"out_stock_days":0,"lost_sales":0,"has_location":false,"update_date":"2026-02-12T08:58:36","atum_locations":[],"atum_stock_status":"instock","restock_status":false,"low_stock_amount":"","sales_update_date":"2026-02-12T08:58:27","calc_backorders":null,"acf":[],"_links":{"self":[{"href":"https:\/\/vbd.dev.sumena.ee\/lv\/wp-json\/wp\/v2\/product\/201331","targetHints":{"allow":["GET"]}}],"collection":[{"href":"https:\/\/vbd.dev.sumena.ee\/lv\/wp-json\/wp\/v2\/product"}],"about":[{"href":"https:\/\/vbd.dev.sumena.ee\/lv\/wp-json\/wp\/v2\/types\/product"}],"replies":[{"embeddable":true,"href":"https:\/\/vbd.dev.sumena.ee\/lv\/wp-json\/wp\/v2\/comments?post=201331"}],"wp:featuredmedia":[{"embeddable":true,"href":"https:\/\/vbd.dev.sumena.ee\/lv\/wp-json\/wp\/v2\/media\/201332"}],"wp:attachment":[{"href":"https:\/\/vbd.dev.sumena.ee\/lv\/wp-json\/wp\/v2\/media?parent=201331"}],"wp:term":[{"taxonomy":"product_brand","embeddable":true,"href":"https:\/\/vbd.dev.sumena.ee\/lv\/wp-json\/wp\/v2\/product_brand?post=201331"},{"taxonomy":"product_cat","embeddable":true,"href":"https:\/\/vbd.dev.sumena.ee\/lv\/wp-json\/wp\/v2\/product_cat?post=201331"},{"taxonomy":"product_tag","embeddable":true,"href":"https:\/\/vbd.dev.sumena.ee\/lv\/wp-json\/wp\/v2\/product_tag?post=201331"}],"curies":[{"name":"wp","href":"https:\/\/api.w.org\/{rel}","templated":true}]}}