{"id":200353,"date":"2026-01-28T13:10:12","date_gmt":"2026-01-28T10:10:12","guid":{"rendered":"https:\/\/vbd.dev.sumena.ee\/?post_type=product&#038;p=200353"},"modified":"2026-02-12T17:13:11","modified_gmt":"2026-02-12T14:13:11","slug":"praanik-aprikoosimaitselise-taidisega-minu-250g","status":"publish","type":"product","link":"https:\/\/vbd.dev.sumena.ee\/lv\/products-2\/praanik-aprikoosimaitselise-taidisega-minu-250g\/","title":{"rendered":"Medus pipark\u016bkas ar apriko\u017eu pild\u012bjumu, MINU, 250g"},"content":{"rendered":"<p><strong>Sast\u0101vda\u013cas:<\/strong> Sast\u0101vda\u013cas: kvie\u0161u milti, cukurs, aprikozu gar\u0161as pild\u012bjums 18,1\u202f% (\u0101bolu d\u017eems (\u0101boli, cukurs, sk\u0101buma regulators E330, biezin\u0101t\u0101js E440, konservants E202), aromatiz\u0113t\u0101js un gar\u0161viela \u2013 avenes), \u016bdens, invertcukura s\u012brups (cukurs, \u016bdens, sk\u0101buma regulatori E330, E500), glikozes-fruktozes s\u012brups, augu tauki (shea sviesta e\u013c\u013ca, palmu e\u013c\u013ca), olu pulveris, pac\u0113l\u0101ji E503, E500, karameliz\u0113ts cukura s\u012brups, gar\u0161vielu mais\u012bjums.\n\nAlerg\u0113ni: kvie\u0161i, olas.\nIesp\u0113jama neliela saturu kl\u0101tb\u016btne: auzas, rudzi, mie\u017ei, piens, zemesrieksti, rieksti, soja un sezama.<\/p>","protected":false},"excerpt":{"rendered":"<p>Sast\u0101vda\u013cas: KVIE\u0160U MILTI, cukurs, apriko\u017eu gar\u0161as pild\u012bjums 18,1% (\u0101bolu d\u017eems (\u0101boli, cukurs, sk\u0101buma regulators E330, biezin\u0101t\u0101js E440, konservants E202, p\u0101rtikas kr\u0101sviela E120), aromatiz\u0113t\u0101js un gar\u0161as viela zemenveid\u012bgais aizst\u0101vis), \u016bdens, invertcukurs\u012brups (cukurs, \u016bdens, sk\u0101buma regulatori E330, E500), glikozes-fruktozes s\u012brups, augu tauki (shea riekstu e\u013c\u013ca, palmas e\u013c\u013ca), OLU PULVERIS, pac\u0113l\u0101ji E503, E500, karameliz\u0113ts cukurs\u012brups, gar\u0161vielu mais\u012bjums. Alerg\u0113ni KV<\/p>","protected":false},"featured_media":200354,"comment_status":"open","ping_status":"closed","template":"","meta":{"_acf_changed":false},"product_brand":[],"product_cat":[117,77,80],"product_tag":[],"class_list":{"0":"post-200353","1":"product","2":"type-product","3":"status-publish","4":"has-post-thumbnail","6":"product_cat-kupsised","7":"product_cat-maiustused","8":"product_cat-snakid","10":"first","11":"instock","12":"sale","13":"taxable","14":"shipping-taxable","15":"purchasable","16":"product-type-simple"},"supplier_id":null,"supplier_sku":"","barcode":null,"atum_controlled":true,"out_stock_date":null,"out_stock_threshold":null,"inheritable":false,"inbound_stock":0,"stock_on_hold":43,"sold_today":30,"sales_last_days":401,"reserved_stock":0,"customer_returns":0,"warehouse_damage":0,"lost_in_post":0,"other_logs":0,"out_stock_days":0,"lost_sales":0,"has_location":false,"update_date":"2026-02-12T14:25:50","atum_locations":[],"atum_stock_status":"instock","restock_status":true,"low_stock_amount":"","sales_update_date":"2026-02-12T14:25:41","calc_backorders":null,"acf":[],"_links":{"self":[{"href":"https:\/\/vbd.dev.sumena.ee\/lv\/wp-json\/wp\/v2\/product\/200353","targetHints":{"allow":["GET"]}}],"collection":[{"href":"https:\/\/vbd.dev.sumena.ee\/lv\/wp-json\/wp\/v2\/product"}],"about":[{"href":"https:\/\/vbd.dev.sumena.ee\/lv\/wp-json\/wp\/v2\/types\/product"}],"replies":[{"embeddable":true,"href":"https:\/\/vbd.dev.sumena.ee\/lv\/wp-json\/wp\/v2\/comments?post=200353"}],"wp:featuredmedia":[{"embeddable":true,"href":"https:\/\/vbd.dev.sumena.ee\/lv\/wp-json\/wp\/v2\/media\/200354"}],"wp:attachment":[{"href":"https:\/\/vbd.dev.sumena.ee\/lv\/wp-json\/wp\/v2\/media?parent=200353"}],"wp:term":[{"taxonomy":"product_brand","embeddable":true,"href":"https:\/\/vbd.dev.sumena.ee\/lv\/wp-json\/wp\/v2\/product_brand?post=200353"},{"taxonomy":"product_cat","embeddable":true,"href":"https:\/\/vbd.dev.sumena.ee\/lv\/wp-json\/wp\/v2\/product_cat?post=200353"},{"taxonomy":"product_tag","embeddable":true,"href":"https:\/\/vbd.dev.sumena.ee\/lv\/wp-json\/wp\/v2\/product_tag?post=200353"}],"curies":[{"name":"wp","href":"https:\/\/api.w.org\/{rel}","templated":true}]}}