{"id":178095,"date":"2024-10-08T14:25:04","date_gmt":"2024-10-08T11:25:04","guid":{"rendered":"https:\/\/vbd.dev.sumena.ee\/?post_type=product&#038;p=178095"},"modified":"2026-02-12T16:21:57","modified_gmt":"2026-02-12T13:21:57","slug":"seasir-premium-sojakaste-152ml","status":"publish","type":"product","link":"https:\/\/vbd.dev.sumena.ee\/lv\/products-2\/seasir-premium-sojakaste-152ml\/","title":{"rendered":"SEASIR Premium sojas m\u0113rce 152ml"},"content":{"rendered":"<p>Daudzums kast\u0113: 12gab.<\/p>\n<p>Seasir Premium sojasauce ir izgatavots no dab\u012bgiem, bez \u0122MO sast\u0101vda\u013c\u0101m un nesatur piedevas. Sojasauce tiek ferment\u0113ta Jap\u0101nas br\u016bv\u0113\u0161anas proces\u0101 6 m\u0113ne\u0161us.<\/p>\n<p><strong>Sast\u0101vda\u013cas:<\/strong>\u00a0\u016bdens, GMO-br\u012bvas taukv\u0101jotas SOJA pupas, KVIE\u0160I, s\u0101ls.<\/p>\n<p><strong>Uzturv\u0113rt\u012bbas inform\u0101cija uz 100 ml produkta:<\/strong> ener\u0123\u0113tisk\u0101 v\u0113rt\u012bba 231 kJ\/55 kcal, tauki 0 g, no kuriem pies\u0101tin\u0101t\u0101s tauksk\u0101bes 0 g; og\u013chidr\u0101ti 5,6 g, no kuriem cukuri 1,9 g; \u0161\u0137iedrvielas 0,8 g; olbaltumvielas 8 g; s\u0101ls 15,5 g.<\/p>","protected":false},"excerpt":{"rendered":"<p>Lab\u0101k pirms: 08.11.2025 Daudzums iepakojum\u0101: 12<\/p>","protected":false},"featured_media":178096,"comment_status":"open","ping_status":"closed","template":"","meta":{"_acf_changed":false},"product_brand":[],"product_cat":[83],"product_tag":[],"class_list":{"0":"post-178095","1":"product","2":"type-product","3":"status-publish","4":"has-post-thumbnail","6":"product_cat-kastmed-olid","8":"first","9":"instock","10":"sale","11":"taxable","12":"shipping-taxable","13":"purchasable","14":"product-type-simple"},"supplier_id":null,"supplier_sku":"","barcode":null,"atum_controlled":true,"out_stock_date":null,"out_stock_threshold":null,"inheritable":false,"inbound_stock":0,"stock_on_hold":3,"sold_today":15,"sales_last_days":127,"reserved_stock":0,"customer_returns":0,"warehouse_damage":0,"lost_in_post":0,"other_logs":0,"out_stock_days":0,"lost_sales":0,"has_location":false,"update_date":"2026-02-12T13:32:44","atum_locations":[],"atum_stock_status":"instock","restock_status":true,"low_stock_amount":"","sales_update_date":"2026-02-12T13:32:35","calc_backorders":null,"acf":[],"_links":{"self":[{"href":"https:\/\/vbd.dev.sumena.ee\/lv\/wp-json\/wp\/v2\/product\/178095","targetHints":{"allow":["GET"]}}],"collection":[{"href":"https:\/\/vbd.dev.sumena.ee\/lv\/wp-json\/wp\/v2\/product"}],"about":[{"href":"https:\/\/vbd.dev.sumena.ee\/lv\/wp-json\/wp\/v2\/types\/product"}],"replies":[{"embeddable":true,"href":"https:\/\/vbd.dev.sumena.ee\/lv\/wp-json\/wp\/v2\/comments?post=178095"}],"wp:featuredmedia":[{"embeddable":true,"href":"https:\/\/vbd.dev.sumena.ee\/lv\/wp-json\/wp\/v2\/media\/178096"}],"wp:attachment":[{"href":"https:\/\/vbd.dev.sumena.ee\/lv\/wp-json\/wp\/v2\/media?parent=178095"}],"wp:term":[{"taxonomy":"product_brand","embeddable":true,"href":"https:\/\/vbd.dev.sumena.ee\/lv\/wp-json\/wp\/v2\/product_brand?post=178095"},{"taxonomy":"product_cat","embeddable":true,"href":"https:\/\/vbd.dev.sumena.ee\/lv\/wp-json\/wp\/v2\/product_cat?post=178095"},{"taxonomy":"product_tag","embeddable":true,"href":"https:\/\/vbd.dev.sumena.ee\/lv\/wp-json\/wp\/v2\/product_tag?post=178095"}],"curies":[{"name":"wp","href":"https:\/\/api.w.org\/{rel}","templated":true}]}}