{"id":174097,"date":"2025-07-24T08:45:18","date_gmt":"2025-07-24T05:45:18","guid":{"rendered":"https:\/\/vbd.dev.sumena.ee\/?post_type=product&#038;p=174097"},"modified":"2026-02-06T23:19:05","modified_gmt":"2026-02-06T20:19:05","slug":"kookospalmisuhkru-stick-50tk-250g","status":"publish","type":"product","link":"https:\/\/vbd.dev.sumena.ee\/lv\/products-2\/kookospalmisuhkru-stick-50tk-250g\/","title":{"rendered":"Kokospalmas cukura stick 50 gab., 250 g"},"content":{"rendered":"<p>Kokospalmcukura sticks 5 g, 50 gab. kast\u0113.<\/p>\n<p>Kokospalmas cukurs ir izgatavots no kokospalmas ziednekt\u0101ra. Tvaiko\u0161anas proces\u0101 ieg\u016bst br\u016bnu s\u012brupu, kas p\u0113c tam tiek dehidr\u0113ts granul\u0101s. Ra\u017eo\u0161an\u0101 netiek pievienotas nek\u0101das piedevas, tas ir nerafin\u0113ts un dab\u012bgi saldeni karamell\u012bgas gar\u0161as. Palmu cukurs ir piem\u0113rots k\u0101 parast\u0101 cukura aizst\u0101j\u0113 da\u017e\u0101dos \u0113dienos un dz\u0113rienos, un labi iztur kars\u0113\u0161anu.<\/p>\n<p>Lieliski piem\u0113rots desertiem, k\u016bk\u0101m un t\u0113jai vai kafijai.<\/p>","protected":false},"excerpt":{"rendered":"<p>Par ieteicamu lieto\u0161anas termi\u0146u: 30.09.2025<\/p>","protected":false},"featured_media":174098,"comment_status":"open","ping_status":"closed","template":"","meta":{"_acf_changed":false},"product_brand":[],"product_cat":[183],"product_tag":[],"class_list":{"0":"post-174097","1":"product","2":"type-product","3":"status-publish","4":"has-post-thumbnail","6":"product_cat-maitseained","8":"first","9":"instock","10":"sale","11":"taxable","12":"shipping-taxable","13":"purchasable","14":"product-type-simple"},"supplier_id":null,"supplier_sku":"","barcode":null,"atum_controlled":true,"out_stock_date":null,"out_stock_threshold":null,"inheritable":false,"inbound_stock":0,"stock_on_hold":0,"sold_today":0,"sales_last_days":4,"reserved_stock":0,"customer_returns":0,"warehouse_damage":0,"lost_in_post":0,"other_logs":0,"out_stock_days":0,"lost_sales":0,"has_location":false,"update_date":"2026-02-10T14:09:01","atum_locations":[],"atum_stock_status":"instock","restock_status":false,"low_stock_amount":"","sales_update_date":"2026-02-10T14:08:41","calc_backorders":null,"acf":[],"_links":{"self":[{"href":"https:\/\/vbd.dev.sumena.ee\/lv\/wp-json\/wp\/v2\/product\/174097","targetHints":{"allow":["GET"]}}],"collection":[{"href":"https:\/\/vbd.dev.sumena.ee\/lv\/wp-json\/wp\/v2\/product"}],"about":[{"href":"https:\/\/vbd.dev.sumena.ee\/lv\/wp-json\/wp\/v2\/types\/product"}],"replies":[{"embeddable":true,"href":"https:\/\/vbd.dev.sumena.ee\/lv\/wp-json\/wp\/v2\/comments?post=174097"}],"wp:featuredmedia":[{"embeddable":true,"href":"https:\/\/vbd.dev.sumena.ee\/lv\/wp-json\/wp\/v2\/media\/174098"}],"wp:attachment":[{"href":"https:\/\/vbd.dev.sumena.ee\/lv\/wp-json\/wp\/v2\/media?parent=174097"}],"wp:term":[{"taxonomy":"product_brand","embeddable":true,"href":"https:\/\/vbd.dev.sumena.ee\/lv\/wp-json\/wp\/v2\/product_brand?post=174097"},{"taxonomy":"product_cat","embeddable":true,"href":"https:\/\/vbd.dev.sumena.ee\/lv\/wp-json\/wp\/v2\/product_cat?post=174097"},{"taxonomy":"product_tag","embeddable":true,"href":"https:\/\/vbd.dev.sumena.ee\/lv\/wp-json\/wp\/v2\/product_tag?post=174097"}],"curies":[{"name":"wp","href":"https:\/\/api.w.org\/{rel}","templated":true}]}}