{"id":165332,"date":"2026-01-23T17:59:21","date_gmt":"2026-01-23T14:59:21","guid":{"rendered":"https:\/\/vbd.dev.sumena.ee\/?post_type=product&#038;p=165332"},"modified":"2026-02-12T12:04:09","modified_gmt":"2026-02-12T09:04:09","slug":"greppo-mahlajook-guajaavi-032l","status":"publish","type":"product","link":"https:\/\/vbd.dev.sumena.ee\/lv\/products-2\/greppo-mahlajook-guajaavi-032l\/","title":{"rendered":"GREPPO dz\u0113riens GUAVA 0,32L"},"content":{"rendered":"<p><strong>Sast\u0101vda\u013cas:<\/strong> Guavas sula 99%, sk\u0101bes regulators citronsk\u0101be, antioksidants askorb\u012bnsk\u0101be, oglek\u013ca dioks\u012bds.<\/p>\n<div class=\"toitumisinfo\">\n<p><strong>Uzturv\u0113rt\u012bba uz 100 g<\/strong><\/p>\n<div>Ener\u0123ija:92kJ\/22kcal<\/div>\n<div>Tauki:0,0g<\/div>\n<div>pies\u0101tin\u0101t\u0101s tauksk\u0101bes:0,0g<\/div>\n<div>Og\u013chidr\u0101ti:5,5g<\/div>\n<div>t.sk. cukuri:5,0g<\/div>\n<div>Olbaltumvielas:0,0g<\/div>\n<div>S\u0101ls:0,0g<\/div>\n<\/div>","protected":false},"excerpt":{"rendered":"<p>Koostisosad: Guajaavimahl 99%, happesuse regulaator sidrunhape, antioks\u00fcdant askorbiinhape, s\u00fcsinikdioksiid. Toitev\u00e4\u00e4rtus 100g kohta Energia:92kJ\/22kcal Rasvad:0,0g sh k\u00fcllastunud rasvhapped:0,0g S\u00fcsivesikud:5,5g sh suhkrud:5,0g Valgud:0,0g Sool:0,0g<\/p>","protected":false},"featured_media":165333,"comment_status":"open","ping_status":"closed","template":"","meta":{"_acf_changed":false},"product_brand":[],"product_cat":[177,90,79],"product_tag":[],"class_list":{"0":"post-165332","1":"product","2":"type-product","3":"status-publish","4":"has-post-thumbnail","6":"product_cat-karastus-ja-energiajoogid-toonikud-muu","7":"product_cat-pant","8":"product_cat-joogid","10":"first","11":"instock","12":"sale","13":"taxable","14":"shipping-taxable","15":"purchasable","16":"product-type-simple"},"supplier_id":null,"supplier_sku":"","barcode":null,"atum_controlled":true,"out_stock_date":null,"out_stock_threshold":null,"inheritable":false,"inbound_stock":0,"stock_on_hold":3,"sold_today":3,"sales_last_days":220,"reserved_stock":0,"customer_returns":0,"warehouse_damage":0,"lost_in_post":0,"other_logs":0,"out_stock_days":0,"lost_sales":0,"has_location":false,"update_date":"2026-02-12T11:40:32","atum_locations":[],"atum_stock_status":"instock","restock_status":true,"low_stock_amount":"","sales_update_date":"2026-02-12T11:40:23","calc_backorders":null,"acf":[],"_links":{"self":[{"href":"https:\/\/vbd.dev.sumena.ee\/lv\/wp-json\/wp\/v2\/product\/165332","targetHints":{"allow":["GET"]}}],"collection":[{"href":"https:\/\/vbd.dev.sumena.ee\/lv\/wp-json\/wp\/v2\/product"}],"about":[{"href":"https:\/\/vbd.dev.sumena.ee\/lv\/wp-json\/wp\/v2\/types\/product"}],"replies":[{"embeddable":true,"href":"https:\/\/vbd.dev.sumena.ee\/lv\/wp-json\/wp\/v2\/comments?post=165332"}],"wp:featuredmedia":[{"embeddable":true,"href":"https:\/\/vbd.dev.sumena.ee\/lv\/wp-json\/wp\/v2\/media\/165333"}],"wp:attachment":[{"href":"https:\/\/vbd.dev.sumena.ee\/lv\/wp-json\/wp\/v2\/media?parent=165332"}],"wp:term":[{"taxonomy":"product_brand","embeddable":true,"href":"https:\/\/vbd.dev.sumena.ee\/lv\/wp-json\/wp\/v2\/product_brand?post=165332"},{"taxonomy":"product_cat","embeddable":true,"href":"https:\/\/vbd.dev.sumena.ee\/lv\/wp-json\/wp\/v2\/product_cat?post=165332"},{"taxonomy":"product_tag","embeddable":true,"href":"https:\/\/vbd.dev.sumena.ee\/lv\/wp-json\/wp\/v2\/product_tag?post=165332"}],"curies":[{"name":"wp","href":"https:\/\/api.w.org\/{rel}","templated":true}]}}