{"id":155039,"date":"2025-05-06T09:17:44","date_gmt":"2025-05-06T06:17:44","guid":{"rendered":"https:\/\/vbd.dev.sumena.ee\/?post_type=product&#038;p=155039"},"modified":"2026-02-10T18:33:32","modified_gmt":"2026-02-10T15:33:32","slug":"naoseerum-peach-vibes-yolyn-20-ml","status":"publish","type":"product","link":"https:\/\/vbd.dev.sumena.ee\/lv\/products-2\/naoseerum-peach-vibes-yolyn-20-ml\/","title":{"rendered":"N\u00e4oseerum Peach Vibes, YOLYN, 20 ml"},"content":{"rendered":"<p>Tundke positiivset vibratsiooni v\u00e4ga virsikuv\u00e4rvi YOLYN n\u00e4oseerumiga. Greenbiootilised fermentid tugevdavad naha mikrobioomi, pakkudes kaitsebarj\u00e4\u00e4ri. Avastage koostise j\u00f5ud koos virsikuekstraktiga, mis tagab \u00e4\u00e4rmise toitumise, mida te pole kunagi varem n\u00e4inud.<\/p>","protected":false},"excerpt":{"rendered":"<p>Parim enne: 25.10.2024<\/p>","protected":false},"featured_media":155040,"comment_status":"open","ping_status":"closed","template":"","meta":{"_acf_changed":false},"product_brand":[],"product_cat":[156,104],"product_tag":[],"class_list":{"0":"post-155039","1":"product","2":"type-product","3":"status-publish","4":"has-post-thumbnail","6":"product_cat-naohooldus","7":"product_cat-enesehooldus","9":"first","10":"instock","11":"sale","12":"taxable","13":"shipping-taxable","14":"purchasable","15":"product-type-simple"},"supplier_id":null,"supplier_sku":"","barcode":null,"atum_controlled":true,"out_stock_date":null,"out_stock_threshold":null,"inheritable":false,"inbound_stock":0,"stock_on_hold":0,"sold_today":0,"sales_last_days":5,"reserved_stock":0,"customer_returns":0,"warehouse_damage":0,"lost_in_post":0,"other_logs":0,"out_stock_days":0,"lost_sales":0,"has_location":false,"update_date":"2026-02-12T09:39:43","atum_locations":[],"atum_stock_status":"instock","restock_status":true,"low_stock_amount":"","sales_update_date":"2026-02-12T09:39:33","calc_backorders":null,"acf":[],"_links":{"self":[{"href":"https:\/\/vbd.dev.sumena.ee\/lv\/wp-json\/wp\/v2\/product\/155039","targetHints":{"allow":["GET"]}}],"collection":[{"href":"https:\/\/vbd.dev.sumena.ee\/lv\/wp-json\/wp\/v2\/product"}],"about":[{"href":"https:\/\/vbd.dev.sumena.ee\/lv\/wp-json\/wp\/v2\/types\/product"}],"replies":[{"embeddable":true,"href":"https:\/\/vbd.dev.sumena.ee\/lv\/wp-json\/wp\/v2\/comments?post=155039"}],"wp:featuredmedia":[{"embeddable":true,"href":"https:\/\/vbd.dev.sumena.ee\/lv\/wp-json\/wp\/v2\/media\/155040"}],"wp:attachment":[{"href":"https:\/\/vbd.dev.sumena.ee\/lv\/wp-json\/wp\/v2\/media?parent=155039"}],"wp:term":[{"taxonomy":"product_brand","embeddable":true,"href":"https:\/\/vbd.dev.sumena.ee\/lv\/wp-json\/wp\/v2\/product_brand?post=155039"},{"taxonomy":"product_cat","embeddable":true,"href":"https:\/\/vbd.dev.sumena.ee\/lv\/wp-json\/wp\/v2\/product_cat?post=155039"},{"taxonomy":"product_tag","embeddable":true,"href":"https:\/\/vbd.dev.sumena.ee\/lv\/wp-json\/wp\/v2\/product_tag?post=155039"}],"curies":[{"name":"wp","href":"https:\/\/api.w.org\/{rel}","templated":true}]}}