{"id":150293,"date":"2025-09-25T14:00:26","date_gmt":"2025-09-25T11:00:26","guid":{"rendered":"https:\/\/vbd.dev.sumena.ee\/?post_type=product&#038;p=150293"},"modified":"2026-02-11T21:21:28","modified_gmt":"2026-02-11T18:21:28","slug":"vaibapuhastusvahend-regular-vanish-500-ml","status":"publish","type":"product","link":"https:\/\/vbd.dev.sumena.ee\/lv\/products-2\/vaibapuhastusvahend-regular-vanish-500-ml\/","title":{"rendered":"Pakl\u0101ju t\u012br\u012b\u0161anas l\u012bdzeklis VANISH, Parastais, 500 ml"},"content":{"rendered":"<p>Vanish Clean &amp; Fresh roku mazg\u0101\u0161anas \u0161amp\u016bns pakl\u0101jiem. No\u0146em 5x vair\u0101k net\u012brumu*. M\u012bkstina, t\u012bra, atsvaidzina. *pret tikai putek\u013cs\u016bc\u0113ja t\u012br\u012b\u0161anu<\/p>\n<p><strong>Sast\u0101vs <\/strong><\/p>\n<p>Sast\u0101vs (sast\u0101vda\u013cu inform\u0101cija www.rbeuroinfo.com): maz\u0101k nek\u0101 5% sk\u0101bek\u013ca b\u0101zes balin\u0101t\u0101ji, anjoniskas virsmas akt\u012bv\u0101s vielas, nejoniskas virsmas akt\u012bv\u0101s vielas, pol\u012bkarboksil\u0101ti, aromatiz\u0113t\u0101ji.<\/p>\n<p><strong>Lieto\u0161anas instrukcija <\/strong><\/p>\n<p>Lieto\u0161ana: Not\u012briet pakl\u0101ju ar putek\u013cs\u016bc\u0113ju. Sajauciet 1 da\u013cu produkta ar 9 da\u013c\u0101m \u016bdens (maks. 40 \u00b0C). Sajauciet l\u012bdz put\u0101m. Uzkl\u0101jiet putas vienm\u0113r\u012bgi uz pakl\u0101ja. \u013baujiet no\u017e\u016bt. Atk\u0101rtoti not\u012briet ar putek\u013cs\u016bc\u0113ju. Lieto\u0161anas ieteikumi: vienm\u0113r p\u0101rbaudiet pakl\u0101ja kr\u0101su notur\u012bbu neman\u0101m\u0101 viet\u0101. Izmantojiet tikai putas, jo p\u0101rm\u0113r\u012bga mitrin\u0101\u0161ana var izrais\u012bt sarau\u0161anos vai traipus. Pirms putek\u013cs\u016bc\u0113ja lieto\u0161anas \u013caujiet no\u017e\u016bt. Ne\u013caujiet p\u0101rm\u0113r\u012bgi mitr\u0113t. Nav piem\u0113rots lieto\u0161anai velveta, brok\u0101ta vai uz materi\u0101liem, kas nav piem\u0113roti<\/p>\n<p><strong>Dro\u0161\u012bba <\/strong><\/p>\n<p>BR\u012aDIN\u0100JUMS. Izraisa stipru acu kairin\u0101jumu. Glab\u0101t b\u0113rniem nepieejam\u0101 viet\u0101. NON\u0100KOT UZ AC\u012aM: r\u016bp\u012bgi skalot ar \u016bdeni vair\u0101kas min\u016btes. Ja ir kontaktl\u0113cas un t\u0101s ir viegli no\u0146emamas \u2014 iz\u0146emt. Skalot v\u0113lreiz. Ja acu kairin\u0101jums nep\u0101riet: v\u0113rsties pie \u0101rsta. P\u0113c lieto\u0161anas r\u016bp\u012bgi nomazg\u0101t rokas. Ierodoties pie \u0101rsta, \u0146emt l\u012bdzi produkta iepakojumu vai eti\u0137eti. Ja uz \u0101das rodas balin\u0101\u0161anas efekts, neuztraukties \u2014 balino\u0161ais efekts ir \u012bslaic\u012bgs un atgriezenisks. Iz\u0161\u013cakst\u012bjumus t\u016bl\u012bt noskalot ar lielu daudzumu \u016bdens. Jut\u012bgai \u0101d<\/p>\n<p><i>Att\u0113ls ir ilustrat\u012bvs, produkta re\u0101lais izskats var at\u0161\u0137irties. Produkta apraksts ir visp\u0101r\u0113js un var at\u0161\u0137irties no inform\u0101cijas uz produkta iepakojuma.<\/i><\/p>","protected":false},"excerpt":{"rendered":"<p>Par der\u012bguma l\u012bdz: 30.06.2026<\/p>","protected":false},"featured_media":150295,"comment_status":"open","ping_status":"closed","template":"","meta":{"_acf_changed":false},"product_brand":[],"product_cat":[185,88],"product_tag":[],"class_list":{"0":"post-150293","1":"product","2":"type-product","3":"status-publish","4":"has-post-thumbnail","6":"product_cat-puhastus-ja-koristusvahendid","7":"product_cat-tarbekaubad-tooted","9":"first","10":"instock","11":"sale","12":"taxable","13":"shipping-taxable","14":"purchasable","15":"product-type-simple"},"supplier_id":null,"supplier_sku":"","barcode":null,"atum_controlled":true,"out_stock_date":null,"out_stock_threshold":null,"inheritable":false,"inbound_stock":0,"stock_on_hold":2,"sold_today":2,"sales_last_days":20,"reserved_stock":0,"customer_returns":0,"warehouse_damage":0,"lost_in_post":0,"other_logs":0,"out_stock_days":0,"lost_sales":0,"has_location":false,"update_date":"2026-02-11T18:22:40","atum_locations":[],"atum_stock_status":"instock","restock_status":false,"low_stock_amount":"","sales_update_date":"2026-02-11T18:22:33","calc_backorders":null,"acf":[],"_links":{"self":[{"href":"https:\/\/vbd.dev.sumena.ee\/lv\/wp-json\/wp\/v2\/product\/150293","targetHints":{"allow":["GET"]}}],"collection":[{"href":"https:\/\/vbd.dev.sumena.ee\/lv\/wp-json\/wp\/v2\/product"}],"about":[{"href":"https:\/\/vbd.dev.sumena.ee\/lv\/wp-json\/wp\/v2\/types\/product"}],"replies":[{"embeddable":true,"href":"https:\/\/vbd.dev.sumena.ee\/lv\/wp-json\/wp\/v2\/comments?post=150293"}],"wp:featuredmedia":[{"embeddable":true,"href":"https:\/\/vbd.dev.sumena.ee\/lv\/wp-json\/wp\/v2\/media\/150295"}],"wp:attachment":[{"href":"https:\/\/vbd.dev.sumena.ee\/lv\/wp-json\/wp\/v2\/media?parent=150293"}],"wp:term":[{"taxonomy":"product_brand","embeddable":true,"href":"https:\/\/vbd.dev.sumena.ee\/lv\/wp-json\/wp\/v2\/product_brand?post=150293"},{"taxonomy":"product_cat","embeddable":true,"href":"https:\/\/vbd.dev.sumena.ee\/lv\/wp-json\/wp\/v2\/product_cat?post=150293"},{"taxonomy":"product_tag","embeddable":true,"href":"https:\/\/vbd.dev.sumena.ee\/lv\/wp-json\/wp\/v2\/product_tag?post=150293"}],"curies":[{"name":"wp","href":"https:\/\/api.w.org\/{rel}","templated":true}]}}