{"id":145272,"date":"2026-01-14T12:40:00","date_gmt":"2026-01-14T09:40:00","guid":{"rendered":"https:\/\/vbd.dev.sumena.ee\/?post_type=product&#038;p=145272"},"modified":"2026-02-10T17:04:55","modified_gmt":"2026-02-10T14:04:55","slug":"gaea-ekstra-neitsioliivioli-autentne-kreeka-500ml","status":"publish","type":"product","link":"https:\/\/vbd.dev.sumena.ee\/lv\/products-2\/gaea-ekstra-neitsioliivioli-autentne-kreeka-500ml\/","title":{"rendered":"GAEA Extra Virgin ol\u012bve\u013c\u013ca, autentiska Grie\u0137ija, 500ml"},"content":{"rendered":"<p>See suurep\u00e4rane Kreeka ekstra neitsioliivi\u00f5li on meie kirglikkuse ja kvaliteedile p\u00fchendumise tulemus. Neitsioliivi\u00f5li ekstraheeritakse k\u00fclmekstraheerimisega (alla 26 \u00b0C) m\u00f5ne tunni jooksul p\u00e4rast oliivide korjamist. See s\u00e4ilitab oliivide k\u00f5rgeima v\u00f5imaliku toitev\u00e4\u00e4rtuse ning tagab aastast aastasse p\u00fcsivalt parima kvaliteedi ja maitse.<\/p>\n<p><strong>Sast\u0101vda\u013cas:<\/strong> 100% ekstra neitsioliivi\u00f5li.<\/p>\n<p><strong>Uzturv\u0113rt\u012bba uz 100 g produkta:<\/strong> energiasisaldus 3386 kJ\/824 kcal, rasvad 91,5 g, millest k\u00fcllastunud rasvhapped 13 g; s\u00fcsivesikud 0 g, millest suhkrud 0 g; valgud 0 g; sool 0 g.<\/p>","protected":false},"excerpt":{"rendered":"<p>See suurep\u00e4rane Kreeka ekstra neitsioliivi\u00f5li on meie kirglikkuse ja kvaliteedile p\u00fchendumise tulemus. Neitsioliivi\u00f5li ekstraheeritakse k\u00fclmekstraheerimisega (alla 26 \u00b0C) m\u00f5ne tunni jooksul p\u00e4rast oliivide korjamist. See s\u00e4ilitab oliivide k\u00f5rgeima v\u00f5imaliku toitev\u00e4\u00e4rtuse ning tagab aastast aastasse p\u00fcsivalt parima kvaliteedi ja maitse. Koostisosad: 100% ekstra neitsioliivi\u00f5li. Toitumisalane teave 100g toote kohta: energiasisaldus 3386 kJ\/824 kcal, rasvad 91,5 g, [&hellip;]<\/p>","protected":false},"featured_media":145273,"comment_status":"open","ping_status":"closed","template":"","meta":{"_acf_changed":false},"product_brand":[],"product_cat":[83],"product_tag":[],"class_list":{"0":"post-145272","1":"product","2":"type-product","3":"status-publish","4":"has-post-thumbnail","6":"product_cat-kastmed-olid","8":"first","9":"instock","10":"sale","11":"taxable","12":"shipping-taxable","13":"purchasable","14":"product-type-simple"},"supplier_id":null,"supplier_sku":"","barcode":null,"atum_controlled":true,"out_stock_date":null,"out_stock_threshold":null,"inheritable":false,"inbound_stock":0,"stock_on_hold":0,"sold_today":0,"sales_last_days":21,"reserved_stock":0,"customer_returns":0,"warehouse_damage":0,"lost_in_post":0,"other_logs":0,"out_stock_days":0,"lost_sales":0,"has_location":false,"update_date":"2026-02-12T11:21:32","atum_locations":[],"atum_stock_status":"instock","restock_status":true,"low_stock_amount":"","sales_update_date":"2026-02-12T11:21:23","calc_backorders":null,"acf":[],"_links":{"self":[{"href":"https:\/\/vbd.dev.sumena.ee\/lv\/wp-json\/wp\/v2\/product\/145272","targetHints":{"allow":["GET"]}}],"collection":[{"href":"https:\/\/vbd.dev.sumena.ee\/lv\/wp-json\/wp\/v2\/product"}],"about":[{"href":"https:\/\/vbd.dev.sumena.ee\/lv\/wp-json\/wp\/v2\/types\/product"}],"replies":[{"embeddable":true,"href":"https:\/\/vbd.dev.sumena.ee\/lv\/wp-json\/wp\/v2\/comments?post=145272"}],"wp:featuredmedia":[{"embeddable":true,"href":"https:\/\/vbd.dev.sumena.ee\/lv\/wp-json\/wp\/v2\/media\/145273"}],"wp:attachment":[{"href":"https:\/\/vbd.dev.sumena.ee\/lv\/wp-json\/wp\/v2\/media?parent=145272"}],"wp:term":[{"taxonomy":"product_brand","embeddable":true,"href":"https:\/\/vbd.dev.sumena.ee\/lv\/wp-json\/wp\/v2\/product_brand?post=145272"},{"taxonomy":"product_cat","embeddable":true,"href":"https:\/\/vbd.dev.sumena.ee\/lv\/wp-json\/wp\/v2\/product_cat?post=145272"},{"taxonomy":"product_tag","embeddable":true,"href":"https:\/\/vbd.dev.sumena.ee\/lv\/wp-json\/wp\/v2\/product_tag?post=145272"}],"curies":[{"name":"wp","href":"https:\/\/api.w.org\/{rel}","templated":true}]}}