{"id":141370,"date":"2026-02-11T19:23:59","date_gmt":"2026-02-11T16:23:59","guid":{"rendered":"https:\/\/vbd.dev.sumena.ee\/?post_type=product&#038;p=141370"},"modified":"2026-02-12T14:56:02","modified_gmt":"2026-02-12T11:56:02","slug":"thai-choice-sriracha-tsillikaste-200ml","status":"publish","type":"product","link":"https:\/\/vbd.dev.sumena.ee\/lv\/products-2\/thai-choice-sriracha-tsillikaste-200ml\/","title":{"rendered":"THAI CHOICE Sriracha t\u0161illikaste 200ml"},"content":{"rendered":"<div class=\"ingredients\"><strong>Sast\u0101vda\u013cas:<\/strong> Punane t\u00f0illi (40%), suhkur, k\u00fc\u00fcslauk 11%, vesi, destilleritud \u00e4\u00e4dikas (sisaldab \u00e4\u00e4dikhapet), sool.<\/div>\n<div class=\"toitumisinfo\">\n<p><strong>Uzturv\u0113rt\u012bba uz 100 g<\/strong><\/p>\n<div>Energia:439kJ\/105kcal<\/div>\n<div>Tauki:0,2g<\/div>\n<div>tostie tauksk\u0101bes:0,1g<\/div>\n<div>S\u00fcsivesikud:25,1g<\/div>\n<div>sh suhkrud:41,3g<\/div>\n<div>Valgud:0,4g<\/div>\n<div>S\u0101ls:3,5g<\/div>\n<\/div>","protected":false},"excerpt":{"rendered":"<p>Koostisosad: Punane t\u00f0illi (40%), suhkur, k\u00fc\u00fcslauk 11%, vesi, destilleritud \u00e4\u00e4dikas (sisaldab \u00e4\u00e4dikhapet), sool. Toitev\u00e4\u00e4rtus 100g kohta Energia:439kJ\/105kcal Rasvad:0,2g sh k\u00fcllastunud rasvhapped:0,1g S\u00fcsivesikud:25,1g sh suhkrud:41,3g Valgud:0,4g Sool:3,5g<\/p>","protected":false},"featured_media":141371,"comment_status":"open","ping_status":"closed","template":"","meta":{"_acf_changed":false},"product_brand":[],"product_cat":[83],"product_tag":[],"class_list":{"0":"post-141370","1":"product","2":"type-product","3":"status-publish","4":"has-post-thumbnail","6":"product_cat-kastmed-olid","8":"first","9":"instock","10":"sale","11":"taxable","12":"shipping-taxable","13":"purchasable","14":"product-type-simple"},"supplier_id":null,"supplier_sku":"","barcode":null,"atum_controlled":true,"out_stock_date":null,"out_stock_threshold":null,"inheritable":false,"inbound_stock":0,"stock_on_hold":52,"sold_today":64,"sales_last_days":88,"reserved_stock":0,"customer_returns":0,"warehouse_damage":0,"lost_in_post":0,"other_logs":0,"out_stock_days":0,"lost_sales":0,"has_location":false,"update_date":"2026-02-12T12:41:15","atum_locations":[],"atum_stock_status":"instock","restock_status":false,"low_stock_amount":"","sales_update_date":"2026-02-12T12:41:06","calc_backorders":null,"acf":[],"_links":{"self":[{"href":"https:\/\/vbd.dev.sumena.ee\/lv\/wp-json\/wp\/v2\/product\/141370","targetHints":{"allow":["GET"]}}],"collection":[{"href":"https:\/\/vbd.dev.sumena.ee\/lv\/wp-json\/wp\/v2\/product"}],"about":[{"href":"https:\/\/vbd.dev.sumena.ee\/lv\/wp-json\/wp\/v2\/types\/product"}],"replies":[{"embeddable":true,"href":"https:\/\/vbd.dev.sumena.ee\/lv\/wp-json\/wp\/v2\/comments?post=141370"}],"wp:featuredmedia":[{"embeddable":true,"href":"https:\/\/vbd.dev.sumena.ee\/lv\/wp-json\/wp\/v2\/media\/141371"}],"wp:attachment":[{"href":"https:\/\/vbd.dev.sumena.ee\/lv\/wp-json\/wp\/v2\/media?parent=141370"}],"wp:term":[{"taxonomy":"product_brand","embeddable":true,"href":"https:\/\/vbd.dev.sumena.ee\/lv\/wp-json\/wp\/v2\/product_brand?post=141370"},{"taxonomy":"product_cat","embeddable":true,"href":"https:\/\/vbd.dev.sumena.ee\/lv\/wp-json\/wp\/v2\/product_cat?post=141370"},{"taxonomy":"product_tag","embeddable":true,"href":"https:\/\/vbd.dev.sumena.ee\/lv\/wp-json\/wp\/v2\/product_tag?post=141370"}],"curies":[{"name":"wp","href":"https:\/\/api.w.org\/{rel}","templated":true}]}}