{"id":140660,"date":"2025-12-05T13:20:07","date_gmt":"2025-12-05T10:20:07","guid":{"rendered":"https:\/\/vbd.dev.sumena.ee\/?post_type=product&#038;p=140660"},"modified":"2026-02-12T13:08:05","modified_gmt":"2026-02-12T10:08:05","slug":"kalev-limoncello-likooriga-martsipanikommid-150g","status":"publish","type":"product","link":"https:\/\/vbd.dev.sumena.ee\/lv\/products-2\/kalev-limoncello-likooriga-martsipanikommid-150g\/","title":{"rendered":"Kalev Limoncello li\u0137iera marcip\u0101na konfektes 150g"},"content":{"rendered":"<h3>Produkta apraksts<\/h3>\n<p>Kalevi marcip\u0101ns ar bag\u0101tu mandeles saturu. Klasisko marcip\u0101nu papildina dzirksto\u0161s Limoncello, kas aizved Tevi gar\u0161u ce\u013cojum\u0101 tie\u0161i uz It\u0101liju. Ide\u0101la konfek\u0161u kaste gard\u0113\u017eiem pa\u0161iem vai neliela, ta\u010du cien\u012bjama d\u0101vana m\u012b\u013cam draugam. Izbaudi \u012bstu marcip\u0101nu! Glab\u0101t saus\u0101 un v\u0113s\u0101 viet\u0101<\/p>\n<h3 id=\"product-ingredients-title\">Sast\u0101vs<\/h3>\n<p id=\"product-ingredients\">cukurs, <b>mandelis<\/b> 19%, kakao masa, <b>piensausas (piens pulveris)<\/b> (<b>piens<\/b>), glikozes s\u012brups, kakao sviests, <i>Limoncello<\/i> citronu li\u0137ieris 3,5%, citronu e\u013c\u013ca, emulsifikators (lecit\u012bns), stabilizators (invert\u0101ze). Bez konservantiem. Var satur\u0113t nelielos daudzumos da\u017e\u0101das riekstus, zemesriekstus, kvie\u0161us, kas satur glut\u0113nu, un olu produktus.<\/p>\n<h3 class=\"m-top02\">Izcelsmes valsts<\/h3>\n<p>Igauni\u0458\u0430<\/p>\n<h3>Uzturv\u0113rt\u012bba uz 100 g produkta<\/h3>\n<table class=\"data-table\" cellspacing=\"0\">\n<tbody>\n<tr class=\"energy\">\n<td>Ener\u0123ija<\/td>\n<td class=\"text-right\">1925 kJ \/ 460 kcal<\/td>\n<\/tr>\n<tr>\n<td>Tauki<\/td>\n<td class=\"text-right\">20 g<\/td>\n<\/tr>\n<tr>\n<td class=\"sub\">Pies\u0101tin\u0101t\u0101s tauksk\u0101bes<\/td>\n<td class=\"text-right\">6,3 g<\/td>\n<\/tr>\n<tr>\n<td>Og\u013chidr\u0101ti<\/td>\n<td class=\"text-right\">59 g<\/td>\n<\/tr>\n<tr>\n<td class=\"sub\">Cukuri<\/td>\n<td class=\"text-right\">55 g<\/td>\n<\/tr>\n<tr>\n<td>Olbaltumvielas<\/td>\n<td class=\"text-right\">8,6 g<\/td>\n<\/tr>\n<tr>\n<td>S\u0101ls (%)<\/td>\n<td class=\"text-right\">0,12 g<\/td>\n<\/tr>\n<\/tbody>\n<\/table>","protected":false},"excerpt":{"rendered":"<p>Tootekirjeldus Kalevi martsipan on rikkaliku mandlisisaldusega. Klassikalist martsipani t\u00e4iendab s\u00e4rtsakas Limoncello, mis viib Sind maitser\u00e4nnakule otse Itaaliasse. Ideaalne kommikarp maitsenaudinguks iseendale v\u00f5i v\u00e4ikeseks, kuid v\u00e4\u00e4rikaks kingituseks kallile s\u00f5brale. Naudi t\u00f5elist martsipani! S\u00e4ilitada kuivas ja jahedas Koostisosad suhkur, mandel 19%, kakaomass, l\u00f5ssipulber (piim), gl\u00fckoosisiirup, kakaov\u00f5i, Limoncello sidrunilik\u00f6\u00f6r 3,5%, sidruni\u00f5li, emulgaator (letsitiin), stabilisaator (invertaas). S\u00e4ilitusaineteta. V\u00f5ib sisaldada [&hellip;]<\/p>","protected":false},"featured_media":140661,"comment_status":"open","ping_status":"closed","template":"","meta":{"_acf_changed":false},"product_brand":[],"product_cat":[77,78],"product_tag":[],"class_list":{"0":"post-140660","1":"product","2":"type-product","3":"status-publish","4":"has-post-thumbnail","6":"product_cat-maiustused","7":"product_cat-kommid","9":"first","10":"instock","11":"sale","12":"taxable","13":"shipping-taxable","14":"purchasable","15":"product-type-simple"},"supplier_id":null,"supplier_sku":"","barcode":null,"atum_controlled":true,"out_stock_date":null,"out_stock_threshold":null,"inheritable":false,"inbound_stock":0,"stock_on_hold":3,"sold_today":2,"sales_last_days":25,"reserved_stock":0,"customer_returns":0,"warehouse_damage":0,"lost_in_post":0,"other_logs":0,"out_stock_days":0,"lost_sales":0,"has_location":false,"update_date":"2026-02-12T13:42:11","atum_locations":[],"atum_stock_status":"instock","restock_status":false,"low_stock_amount":"","sales_update_date":"2026-02-12T13:42:01","calc_backorders":null,"acf":[],"_links":{"self":[{"href":"https:\/\/vbd.dev.sumena.ee\/lv\/wp-json\/wp\/v2\/product\/140660","targetHints":{"allow":["GET"]}}],"collection":[{"href":"https:\/\/vbd.dev.sumena.ee\/lv\/wp-json\/wp\/v2\/product"}],"about":[{"href":"https:\/\/vbd.dev.sumena.ee\/lv\/wp-json\/wp\/v2\/types\/product"}],"replies":[{"embeddable":true,"href":"https:\/\/vbd.dev.sumena.ee\/lv\/wp-json\/wp\/v2\/comments?post=140660"}],"wp:featuredmedia":[{"embeddable":true,"href":"https:\/\/vbd.dev.sumena.ee\/lv\/wp-json\/wp\/v2\/media\/140661"}],"wp:attachment":[{"href":"https:\/\/vbd.dev.sumena.ee\/lv\/wp-json\/wp\/v2\/media?parent=140660"}],"wp:term":[{"taxonomy":"product_brand","embeddable":true,"href":"https:\/\/vbd.dev.sumena.ee\/lv\/wp-json\/wp\/v2\/product_brand?post=140660"},{"taxonomy":"product_cat","embeddable":true,"href":"https:\/\/vbd.dev.sumena.ee\/lv\/wp-json\/wp\/v2\/product_cat?post=140660"},{"taxonomy":"product_tag","embeddable":true,"href":"https:\/\/vbd.dev.sumena.ee\/lv\/wp-json\/wp\/v2\/product_tag?post=140660"}],"curies":[{"name":"wp","href":"https:\/\/api.w.org\/{rel}","templated":true}]}}