{"id":124109,"date":"2025-10-20T17:00:46","date_gmt":"2025-10-20T14:00:46","guid":{"rendered":"https:\/\/vbd.dev.sumena.ee\/?post_type=product&#038;p=124109"},"modified":"2026-02-11T19:53:24","modified_gmt":"2026-02-11T16:53:24","slug":"vahariie-smile-3tk","status":"publish","type":"product","link":"https:\/\/vbd.dev.sumena.ee\/lv\/products-2\/vahariie-smile-3tk\/","title":{"rendered":"Vaskadr\u0101na, SMILE, 3 gab."},"content":{"rendered":"<ul>\n<li>V\u0101ci\u0146i p\u0101rtikas uzglab\u0101\u0161anai, 3 gab. (17,5x20 cm, 25\u00d728 cm, 30\u00d735 cm).<\/li>\n<li>Piem\u0113rots p\u0101rtikas iesai\u0146o\u0161anai, uzglab\u0101\u0161anai un konserv\u0113\u0161anai.<\/li>\n<li>Komplekt\u0101 ir tr\u012bs da\u017e\u0101du izm\u0113ru kokvilnas dvie\u013ci, kas apstr\u0101d\u0101ti ar vaska, kampoles un jojoba e\u013c\u013cas mais\u012bjumu.<\/li>\n<li>Videi draudz\u012bga alternat\u012bva plastmasas p\u0101rtikas pl\u0113vei.<\/li>\n<li>Lietojiet p\u0101rtikas trauku p\u0101rkl\u0101\u0161anai, sendvi\u010du un aug\u013cu iesai\u0146o\u0161anai vai cepumu lab\u0101kai uzglab\u0101\u0161anai.<\/li>\n<li>Lieto\u0161ana: sasilti starp plaukst\u0101m un veido ap p\u0101rtikas produktiem vai novieto p\u0101rtikas trauk\u0101.<\/li>\n<li>Lai t\u012br\u012btu, mazg\u0101jiet remden\u0101 \u016bden\u012b ar maigu l\u012bdzekli un izmantojiet l\u012bdz vienam gadam.<\/li>\n<li>Nav piem\u0113rots lieto\u0161anai kop\u0101 ar neapstr\u0101d\u0101tu ga\u013cu un ziv\u012bm, k\u0101 ar\u012b ar sk\u0101b\u0101m p\u0101rtikas viel\u0101m.<\/li>\n<li>Nenot\u012br\u012bt trauku mazg\u0101jamaj\u0101 ma\u0161\u012bn\u0101 un nelietot mikrovi\u013c\u0146u kr\u0101sn\u012b.<\/li>\n<li>P\u0113c lieto\u0161anas beig\u0101m sagriez gabali\u0146os un kompost\u0113 vai izmanto k\u0101 \u0161\u0137iltavu.<\/li>\n<\/ul>","protected":false},"excerpt":{"rendered":"<p>Iepakojums vairum\u0101: 12<\/p>","protected":false},"featured_media":124110,"comment_status":"open","ping_status":"closed","template":"","meta":{"_acf_changed":false},"product_brand":[],"product_cat":[88],"product_tag":[],"class_list":{"0":"post-124109","1":"product","2":"type-product","3":"status-publish","4":"has-post-thumbnail","6":"product_cat-tarbekaubad-tooted","8":"first","9":"instock","10":"sale","11":"taxable","12":"shipping-taxable","13":"purchasable","14":"product-type-simple"},"supplier_id":null,"supplier_sku":"","barcode":null,"atum_controlled":true,"out_stock_date":null,"out_stock_threshold":null,"inheritable":false,"inbound_stock":0,"stock_on_hold":3,"sold_today":0,"sales_last_days":41,"reserved_stock":0,"customer_returns":0,"warehouse_damage":0,"lost_in_post":0,"other_logs":0,"out_stock_days":0,"lost_sales":0,"has_location":false,"update_date":"2026-02-12T11:36:36","atum_locations":[],"atum_stock_status":"instock","restock_status":true,"low_stock_amount":"","sales_update_date":"2026-02-12T11:36:27","calc_backorders":null,"acf":[],"_links":{"self":[{"href":"https:\/\/vbd.dev.sumena.ee\/lv\/wp-json\/wp\/v2\/product\/124109","targetHints":{"allow":["GET"]}}],"collection":[{"href":"https:\/\/vbd.dev.sumena.ee\/lv\/wp-json\/wp\/v2\/product"}],"about":[{"href":"https:\/\/vbd.dev.sumena.ee\/lv\/wp-json\/wp\/v2\/types\/product"}],"replies":[{"embeddable":true,"href":"https:\/\/vbd.dev.sumena.ee\/lv\/wp-json\/wp\/v2\/comments?post=124109"}],"wp:featuredmedia":[{"embeddable":true,"href":"https:\/\/vbd.dev.sumena.ee\/lv\/wp-json\/wp\/v2\/media\/124110"}],"wp:attachment":[{"href":"https:\/\/vbd.dev.sumena.ee\/lv\/wp-json\/wp\/v2\/media?parent=124109"}],"wp:term":[{"taxonomy":"product_brand","embeddable":true,"href":"https:\/\/vbd.dev.sumena.ee\/lv\/wp-json\/wp\/v2\/product_brand?post=124109"},{"taxonomy":"product_cat","embeddable":true,"href":"https:\/\/vbd.dev.sumena.ee\/lv\/wp-json\/wp\/v2\/product_cat?post=124109"},{"taxonomy":"product_tag","embeddable":true,"href":"https:\/\/vbd.dev.sumena.ee\/lv\/wp-json\/wp\/v2\/product_tag?post=124109"}],"curies":[{"name":"wp","href":"https:\/\/api.w.org\/{rel}","templated":true}]}}