{"id":122450,"date":"2025-03-14T09:59:38","date_gmt":"2025-03-14T06:59:38","guid":{"rendered":"https:\/\/vbd.dev.sumena.ee\/?post_type=product&#038;p=122450"},"modified":"2026-02-12T17:44:54","modified_gmt":"2026-02-12T14:44:54","slug":"knorr-kastmesegu-lasagne-43g","status":"publish","type":"product","link":"https:\/\/vbd.dev.sumena.ee\/lv\/products-2\/knorr-kastmesegu-lasagne-43g\/","title":{"rendered":"M\u0113r\u010du mais\u012bjums FIX lazanja, KNORR, 43g"},"content":{"rendered":"<div class=\"ingredients\"><strong>Sast\u0101vda\u013cas:<\/strong> Tom\u0101tu bieze\u0146a pulveris*(38,4%), KVIE\u0160U MILTI, j\u016bras s\u0101ls, s\u012bpols*(10,2%), \u0137iploku pulveris1(3,1%), ekstra ne\u013c\u0137e\u013c\u013cas ol\u012bve\u013c\u013ca, tom\u0101ts1(2,6%), paprika, baziliks*(1,1%), timi\u0101ns1(0,5%), kartupe\u013cu ciete, pipari (0,4%), rozmar\u012bns (0,3%), kukur\u016bzas e\u013c\u013ca, muskatrieksts, lauru lapas. Var satur\u0113t SELLER\u012aJU, OLU, PIENU, sinepes, citus GLIT\u0112NU saturo\u0161us p\u0101rslas un SOJU.*No ilgtsp\u0113j\u012bgas lauksaimniec\u012bbas. Piem\u0113rots stingriem veg\u0101niem. Nav pievienots cukurs. Satur dab\u012bgi sastopamos cukurus.<\/div>\n<div class=\"toitumisinfo\">\n<p><strong>Uzturv\u0113rt\u012bba uz 100 g<\/strong><\/p>\n<div>Ener\u0123ija:1 318kJ\/315kcal<\/div>\n<div>Tauki:4,1g<\/div>\n<div>tai sk\u0101b\u0101s tauksk\u0101bes:1,0g<\/div>\n<div>Og\u013chidr\u0101ti:55,0g<\/div>\n<div>t.sk. cukuri:22,0g<\/div>\n<div>Olbaltumvielas:10,0g<\/div>\n<div>S\u0101ls:11,7g<\/div>\n<\/div>","protected":false},"excerpt":{"rendered":"<p>Der\u012bguma termi\u0146\u0161: 30.04.2025 Daudzumiepakojums: 22<\/p>","protected":false},"featured_media":122451,"comment_status":"open","ping_status":"closed","template":"","meta":{"_acf_changed":false},"product_brand":[],"product_cat":[183],"product_tag":[],"class_list":{"0":"post-122450","1":"product","2":"type-product","3":"status-publish","4":"has-post-thumbnail","6":"product_cat-maitseained","8":"first","9":"instock","10":"sale","11":"taxable","12":"shipping-taxable","13":"purchasable","14":"product-type-simple"},"supplier_id":null,"supplier_sku":"","barcode":null,"atum_controlled":true,"out_stock_date":null,"out_stock_threshold":null,"inheritable":false,"inbound_stock":0,"stock_on_hold":50,"sold_today":4,"sales_last_days":254,"reserved_stock":0,"customer_returns":0,"warehouse_damage":0,"lost_in_post":0,"other_logs":0,"out_stock_days":0,"lost_sales":0,"has_location":false,"update_date":"2026-02-12T14:45:36","atum_locations":[],"atum_stock_status":"instock","restock_status":false,"low_stock_amount":"","sales_update_date":"2026-02-12T14:45:27","calc_backorders":null,"acf":[],"_links":{"self":[{"href":"https:\/\/vbd.dev.sumena.ee\/lv\/wp-json\/wp\/v2\/product\/122450","targetHints":{"allow":["GET"]}}],"collection":[{"href":"https:\/\/vbd.dev.sumena.ee\/lv\/wp-json\/wp\/v2\/product"}],"about":[{"href":"https:\/\/vbd.dev.sumena.ee\/lv\/wp-json\/wp\/v2\/types\/product"}],"replies":[{"embeddable":true,"href":"https:\/\/vbd.dev.sumena.ee\/lv\/wp-json\/wp\/v2\/comments?post=122450"}],"wp:featuredmedia":[{"embeddable":true,"href":"https:\/\/vbd.dev.sumena.ee\/lv\/wp-json\/wp\/v2\/media\/122451"}],"wp:attachment":[{"href":"https:\/\/vbd.dev.sumena.ee\/lv\/wp-json\/wp\/v2\/media?parent=122450"}],"wp:term":[{"taxonomy":"product_brand","embeddable":true,"href":"https:\/\/vbd.dev.sumena.ee\/lv\/wp-json\/wp\/v2\/product_brand?post=122450"},{"taxonomy":"product_cat","embeddable":true,"href":"https:\/\/vbd.dev.sumena.ee\/lv\/wp-json\/wp\/v2\/product_cat?post=122450"},{"taxonomy":"product_tag","embeddable":true,"href":"https:\/\/vbd.dev.sumena.ee\/lv\/wp-json\/wp\/v2\/product_tag?post=122450"}],"curies":[{"name":"wp","href":"https:\/\/api.w.org\/{rel}","templated":true}]}}