{"id":106040,"date":"2025-11-19T22:00:46","date_gmt":"2025-11-19T19:00:46","guid":{"rendered":"https:\/\/vbd.dev.sumena.ee\/?post_type=product&#038;p=106040"},"modified":"2026-02-10T00:04:34","modified_gmt":"2026-02-09T21:04:34","slug":"uldpuhastusvahend-kookidele-naturals-cillit-bang-750-ml","status":"publish","type":"product","link":"https:\/\/vbd.dev.sumena.ee\/lv\/products-2\/uldpuhastusvahend-kookidele-naturals-cillit-bang-750-ml\/","title":{"rendered":"Visp\u0101r\u012bgais t\u012br\u012b\u0161anas l\u012bdzeklis virtuv\u0113m Naturals, CILLIT BANG 750 ml"},"content":{"rendered":"<p>Cillit Bang Naturally Powerful virtuves t\u012br\u012b\u0161anas l\u012bdzeklis, 750 ml<br \/>\nDABAS SP\u0112KS! 100% dabiskas izcelsmes akt\u012bv\u0101s vielas. 100% TAUKU NO\u0145EM\u0160ANA*. AR SODU. M\u016bsu sast\u0101v\u0101 nav ko sl\u0113pt. EFEKT\u012aVS IZSMIDZIN\u0100T\u0100JS: 100% P\u0100RCIKLOJAMS UN TOM\u0112R SP\u0112C\u012aGS. DABISKAS IZCELSMES AKT\u012aVAS SAST\u0100VDA\u013bAS: n\u0101trija karbon\u0101ts un virsmas akt\u012bv\u0101s vielas efekt\u012bvi no\u0146em tauku traipus un net\u012brumus. SVIEST\u012aGUMA PASTIPRIN\u0100T\u0100JI: dab\u012bga svaiga smar\u017ea ar eikalipta un prie\u017eu skuju \u0113teriskaj\u0101m e\u013c\u013c\u0101m. STABILIZATORS: \u016bdens &#8211; \u0161\u0137\u012bdin\u0101t\u0101js<\/p>\n<p>&nbsp;<\/p>\n<p>Iepakojum\u0101 vairum\u0101 12 gab.<\/p>","protected":false},"excerpt":{"rendered":"<p>Lab\u0101k\u0101 pirms: 02.01.2026<\/p>","protected":false},"featured_media":106042,"comment_status":"open","ping_status":"closed","template":"","meta":{"_acf_changed":false},"product_brand":[],"product_cat":[185,88],"product_tag":[],"class_list":{"0":"post-106040","1":"product","2":"type-product","3":"status-publish","4":"has-post-thumbnail","6":"product_cat-puhastus-ja-koristusvahendid","7":"product_cat-tarbekaubad-tooted","9":"first","10":"instock","11":"sale","12":"taxable","13":"shipping-taxable","14":"purchasable","15":"product-type-simple"},"supplier_id":null,"supplier_sku":"","barcode":null,"atum_controlled":true,"out_stock_date":null,"out_stock_threshold":null,"inheritable":false,"inbound_stock":0,"stock_on_hold":0,"sold_today":0,"sales_last_days":38,"reserved_stock":0,"customer_returns":0,"warehouse_damage":0,"lost_in_post":0,"other_logs":0,"out_stock_days":0,"lost_sales":0,"has_location":true,"update_date":"2026-02-12T08:55:04","atum_locations":[{"id":129,"name":"P","slug":"v0-v1"}],"atum_stock_status":"instock","restock_status":false,"low_stock_amount":"","sales_update_date":"2026-02-12T08:54:55","calc_backorders":null,"acf":[],"_links":{"self":[{"href":"https:\/\/vbd.dev.sumena.ee\/lv\/wp-json\/wp\/v2\/product\/106040","targetHints":{"allow":["GET"]}}],"collection":[{"href":"https:\/\/vbd.dev.sumena.ee\/lv\/wp-json\/wp\/v2\/product"}],"about":[{"href":"https:\/\/vbd.dev.sumena.ee\/lv\/wp-json\/wp\/v2\/types\/product"}],"replies":[{"embeddable":true,"href":"https:\/\/vbd.dev.sumena.ee\/lv\/wp-json\/wp\/v2\/comments?post=106040"}],"wp:featuredmedia":[{"embeddable":true,"href":"https:\/\/vbd.dev.sumena.ee\/lv\/wp-json\/wp\/v2\/media\/106042"}],"wp:attachment":[{"href":"https:\/\/vbd.dev.sumena.ee\/lv\/wp-json\/wp\/v2\/media?parent=106040"}],"wp:term":[{"taxonomy":"product_brand","embeddable":true,"href":"https:\/\/vbd.dev.sumena.ee\/lv\/wp-json\/wp\/v2\/product_brand?post=106040"},{"taxonomy":"product_cat","embeddable":true,"href":"https:\/\/vbd.dev.sumena.ee\/lv\/wp-json\/wp\/v2\/product_cat?post=106040"},{"taxonomy":"product_tag","embeddable":true,"href":"https:\/\/vbd.dev.sumena.ee\/lv\/wp-json\/wp\/v2\/product_tag?post=106040"}],"curies":[{"name":"wp","href":"https:\/\/api.w.org\/{rel}","templated":true}]}}