{"id":62796,"date":"2024-01-02T13:09:33","date_gmt":"2024-01-02T11:09:33","guid":{"rendered":"https:\/\/test.dev.sumena.ee\/?page_id=62796"},"modified":"2025-07-21T19:39:32","modified_gmt":"2025-07-21T16:39:32","slug":"lojaalsus-ja-kliendiprogramm","status":"publish","type":"page","link":"https:\/\/vbd.dev.sumena.ee\/lv\/lojaalsus-ja-kliendiprogramm\/","title":{"rendered":"Lojalit\u0101tes un klientu programma"},"content":{"rendered":"<p>Ar katru pirkumu iesp\u0113jams nopeln\u012bt 1% naudas atpaka\u013c bonuspunktos, kurus var izmantot n\u0101kamajos pas\u016bt\u012bjumos, lai sa\u0146emtu atlaidi. Bonussantus sa\u0146em tikai re\u0123istr\u0113ju\u0161ies lietot\u0101ji.<\/p>\n<p>Jaut\u0101jumu gad\u012bjum\u0101 rakstiet uz atbalsts@sumena.lv.<\/p>","protected":false},"excerpt":{"rendered":"<p>Ar katru pirkumu iesp\u0113jams nopeln\u012bt 1% naudas atpaka\u013c bonuspunktos, ko var izmantot n\u0101kamajos pas\u016bt\u012bjumos atlaides sa\u0146em\u0161anai. Bonuspunktus pelna re\u0123istr\u0113tie lietot\u0101ji. Jaut\u0101jumu gad\u012bjum\u0101 rakstiet uz klienditugi@sumena.ee.<\/p>","protected":false},"author":5,"featured_media":0,"parent":0,"menu_order":0,"comment_status":"closed","ping_status":"closed","template":"templates\/article.php","meta":{"_acf_changed":false,"footnotes":""},"class_list":["post-62796","page","type-page","status-publish","hentry"],"acf":[],"_links":{"self":[{"href":"https:\/\/vbd.dev.sumena.ee\/lv\/wp-json\/wp\/v2\/pages\/62796","targetHints":{"allow":["GET"]}}],"collection":[{"href":"https:\/\/vbd.dev.sumena.ee\/lv\/wp-json\/wp\/v2\/pages"}],"about":[{"href":"https:\/\/vbd.dev.sumena.ee\/lv\/wp-json\/wp\/v2\/types\/page"}],"author":[{"embeddable":true,"href":"https:\/\/vbd.dev.sumena.ee\/lv\/wp-json\/wp\/v2\/users\/5"}],"replies":[{"embeddable":true,"href":"https:\/\/vbd.dev.sumena.ee\/lv\/wp-json\/wp\/v2\/comments?post=62796"}],"version-history":[{"count":1,"href":"https:\/\/vbd.dev.sumena.ee\/lv\/wp-json\/wp\/v2\/pages\/62796\/revisions"}],"predecessor-version":[{"id":290230,"href":"https:\/\/vbd.dev.sumena.ee\/lv\/wp-json\/wp\/v2\/pages\/62796\/revisions\/290230"}],"wp:attachment":[{"href":"https:\/\/vbd.dev.sumena.ee\/lv\/wp-json\/wp\/v2\/media?parent=62796"}],"curies":[{"name":"wp","href":"https:\/\/api.w.org\/{rel}","templated":true}]}}