{"id":301188,"date":"2025-08-22T11:22:29","date_gmt":"2025-08-22T08:22:29","guid":{"rendered":"https:\/\/vbd.dev.sumena.ee\/?page_id=301188"},"modified":"2025-08-22T11:24:01","modified_gmt":"2025-08-22T08:24:01","slug":"arikliendile-b2b","status":"publish","type":"page","link":"https:\/\/vbd.dev.sumena.ee\/lv\/arikliendile-b2b\/","title":{"rendered":"Uz\u0146\u0113mumiem (B2B)"},"content":{"rendered":"<p>Vai esi neliels veikals, \u0113din\u0101t\u0101js vai biroja p\u0101rzinis, kas mekl\u0113 sadarb\u012bbas partneri ar mazu ietekmi, no kura ieg\u0101d\u0101ties p\u0101rtikas un sadz\u012bves preces par \u013coti labu cenu? Sumenal ir risin\u0101jums tev. <\/p>\n\n\n\n<p>Pied\u0101v\u0101jam iev\u0113rojamu papildu atlaidi un bezmaksas pamatpieg\u0101di pas\u016bt\u012bjumiem no 500\u20ac (ar PVN).<\/p>\n\n\n\n<p>Lai sa\u0146emtu person\u012bgo pied\u0101v\u0101jumu, rakstiet m\u016bsu uz\u0146\u0113mumu klientu p\u0101rvaldniekiem: <\/p>\n\n\n\n<p>Oliver Sebastian Lamp &#8211; sebastian@sumena.ee<\/p>\n\n\n\n<p>Joosep Kaljula &#8211; joosep@sumena.ee<\/p>\n\n\n\n<p><\/p>","protected":false},"excerpt":{"rendered":"<p>Vai esi mazs veikals, \u0113din\u0101t\u0101js vai biroja p\u0101rzinis, kas mekl\u0113 sadarb\u012bbas partneri ar maz\u0101m vajadz\u012bb\u0101m, no kura ieg\u0101d\u0101ties p\u0101rtikas un saimniec\u012bbas preces par \u013coti izdev\u012bgu cenu? Sumenal pied\u0101v\u0101 risin\u0101jumu. Pied\u0101v\u0101jam iev\u0113rojamu papildu atlaidi un bezmaksas pieg\u0101di uz palikt\u0146a pas\u016bt\u012bjumiem s\u0101kot no 500\u20ac (ar PVN). Biroja pas\u016bt\u012bjumiem Harjumaal nodro\u0161in\u0101m ar\u012b \"prece l\u012bdz durv\u012bm\" risin\u0101jumu, kur\u0101 m\u016bsu kurjers nog\u0101d\u0101 preci uz nor\u0101d\u012bto vietu un st\u0101vu. Lai sa\u0146emtu person\u012bgu pied\u0101v\u0101jumu [&hellip;]<\/p>","protected":false},"author":5,"featured_media":0,"parent":0,"menu_order":0,"comment_status":"closed","ping_status":"closed","template":"templates\/article.php","meta":{"_acf_changed":false,"footnotes":""},"class_list":["post-301188","page","type-page","status-publish","hentry"],"acf":[],"_links":{"self":[{"href":"https:\/\/vbd.dev.sumena.ee\/lv\/wp-json\/wp\/v2\/pages\/301188","targetHints":{"allow":["GET"]}}],"collection":[{"href":"https:\/\/vbd.dev.sumena.ee\/lv\/wp-json\/wp\/v2\/pages"}],"about":[{"href":"https:\/\/vbd.dev.sumena.ee\/lv\/wp-json\/wp\/v2\/types\/page"}],"author":[{"embeddable":true,"href":"https:\/\/vbd.dev.sumena.ee\/lv\/wp-json\/wp\/v2\/users\/5"}],"replies":[{"embeddable":true,"href":"https:\/\/vbd.dev.sumena.ee\/lv\/wp-json\/wp\/v2\/comments?post=301188"}],"version-history":[{"count":2,"href":"https:\/\/vbd.dev.sumena.ee\/lv\/wp-json\/wp\/v2\/pages\/301188\/revisions"}],"predecessor-version":[{"id":301193,"href":"https:\/\/vbd.dev.sumena.ee\/lv\/wp-json\/wp\/v2\/pages\/301188\/revisions\/301193"}],"wp:attachment":[{"href":"https:\/\/vbd.dev.sumena.ee\/lv\/wp-json\/wp\/v2\/media?parent=301188"}],"curies":[{"name":"wp","href":"https:\/\/api.w.org\/{rel}","templated":true}]}}