{"id":3,"date":"2022-08-31T20:24:50","date_gmt":"2022-08-31T20:24:50","guid":{"rendered":"https:\/\/test.dev.sumena.ee\/?page_id=3"},"modified":"2022-08-31T20:24:50","modified_gmt":"2022-08-31T20:24:50","slug":"privacy-policy-2","status":"publish","type":"page","link":"https:\/\/vbd.dev.sumena.ee\/lv\/privacy-policy-2\/","title":{"rendered":"Priv\u0101tuma politika"},"content":{"rendered":"Sumena O\u00dc konfidencialit\u0101tes politikas pamatprincipi. Kam piem\u0113roti noteikumi?\n\n<!-- \/wp:post-content -->\n\n<!-- wp:paragraph -->\n\nDatu aizsardz\u012bbas noteikumi attiecas uz vis\u0101m fiziskaj\u0101m person\u0101m, kas apmekl\u0113 Sumena O\u00dc piedero\u0161os Sumena veikalus un vietni\u00a0<a href=\"https:\/\/www.selver.ee\/\">www.sumena.ee<\/a>\u00a0veic pirkumu Sumena veikal\u0101 vai Sumena e-veikal\u0101, seko Sumena soci\u0101lajiem t\u012bkliem vai nos\u016bta Sumenai iesniegumu, kas satur personas datus, pa pastu, e-pastu vai telefonu. Ar\u012b Datu aizsardz\u012bbas noteikumi attiecas uz juridiskas personas klientu p\u0101rst\u0101vju personas datu apstr\u0101di.\n\n<!-- \/wp:paragraph -->\n\n<!-- wp:paragraph -->\n\nSumenal ir ties\u012bbas jebkur\u0101 laik\u0101 main\u012bt vai papildin\u0101t Priv\u0101tuma politiku. Sp\u0113k\u0101 eso\u0161\u0101 priv\u0101tuma politika vienm\u0113r ir pieejama Sumena t\u012bmek\u013ca vietn\u0113\u00a0<a href=\"https:\/\/test.dev.sumena.ee\/\" data-type=\"URL\" data-id=\"https:\/\/test.dev.sumena.ee\/\">www.sumena.ee<\/a>. Ar datu aizsardz\u012bbas noteikumiem var iepaz\u012bties ar\u012b, v\u0113r\u0161oties Sumena veikala klientu apkalpo\u0161an\u0101 vai Sumena datu aizsardz\u012bbas speci\u0101listam pa e-pastu\u00a0<a href=\"mailto:klienditugi@sumena.ee\" data-type=\"mailto\" data-id=\"mailto:klienditugi@sumena.ee\">atbalsts@sumena.lv<\/a>.\n\n<!-- \/wp:paragraph -->\n\n<!-- wp:heading -->\n<h2>Tie\u0161ais p\u0101rdo\u0161anas veids un personas datu apstr\u0101de<\/h2>\n<!-- \/wp:heading -->\n\n<!-- wp:paragraph -->\n\nSumena izmanto pirc\u0113ja ievad\u012btos personas datus pas\u016bt\u012bjuma apstr\u0101dei un preces nos\u016bt\u012b\u0161anai pirc\u0113jam. Interneta veikals nodod personas datus pieg\u0101des pakalpojumu sniedz\u0113jiem, lai pieg\u0101d\u0101tu preci.\n\n<!-- \/wp:paragraph -->\n\n<!-- wp:paragraph -->\n\nInterneta veikals nos\u016bta klientam jaunumu v\u0113stules un pied\u0101v\u0101jumus uz klienta e-pasta adresi tikai tad, ja klients to ir piepras\u012bjis, ievadot e-pasta adresi t\u012bmek\u013ca vietn\u0113 un izsakot v\u0113lmi sa\u0146emt tie\u0161\u0101 pasta pazi\u0146ojumus.\n\n<!-- \/wp:paragraph -->\n\n<!-- wp:paragraph -->\n\nPirc\u0113jam jebkur\u0101 laik\u0101 ir iesp\u0113ja atteikties no uz e-pastu s\u016bt\u012btajiem pied\u0101v\u0101jumiem un jaunumu v\u0113stul\u0113m, pazi\u0146ojot mums par to pa e-pastu vai sekojot nor\u0101d\u012bjumiem e-past\u0101 ar pied\u0101v\u0101jumu.\n\n<!-- \/wp:paragraph -->\n\n<!-- wp:paragraph -->\n\nLai uzlabotu uz\u0146\u0113m\u0113jdarb\u012bbu un pakalpojumu kvalit\u0101ti, Sumena v\u0101c no klientiem br\u012bvpr\u0101t\u012bgas atsauksmes.\n<h2>Klientu datu dz\u0113\u0161ana<\/h2>\nJa v\u0113laties, lai j\u016bsu klienta dati tiktu dz\u0113sti, l\u016bdzu, rakstiet uz klienditugi@sumena.ee. Ja v\u0113laties, lai j\u016bsu pas\u016bt\u012bjumu v\u0113sture tiktu dz\u0113sta, l\u016bdzu, rakstiet uz klienditugi@sumena.ee.\n\n<!-- \/wp:paragraph -->\n\n<!-- wp:paragraph -->\n\n<!-- \/wp:paragraph -->","protected":false},"excerpt":{"rendered":"<p>Sumena O\u00dc priv\u0101tuma politikas aprakst\u012btie principi. Kam attiecas noteikumi? Datu aizsardz\u012bbas noteikumi attiecas uz vis\u0101m fiziskaj\u0101m person\u0101m, kuras apmekl\u0113 Sumena O\u00dc piedero\u0161\u0101s Sumena veikalus un t\u012bmek\u013ca vietni www.sumena.ee, veic pirkumu Sumena veikal\u0101 vai Sumena e-veikal\u0101, seko Sumena soci\u0101lajiem medijiem vai nos\u016bta Sumenai ar personu datiem saist\u012btu piepras\u012bjumu pa pastu, e-pastu vai telefonu. Datu aizsardz\u012bbas noteikumi attiecas ar\u012b uz juridisku personu klientu p\u0101rst\u0101vju personas datu apstr\u0101di. Sumenai ir katrai [&hellip;]<\/p>","protected":false},"author":5,"featured_media":0,"parent":0,"menu_order":0,"comment_status":"closed","ping_status":"open","template":"templates\/article.php","meta":{"_acf_changed":false,"footnotes":""},"class_list":["post-3","page","type-page","status-publish","hentry"],"acf":[],"_links":{"self":[{"href":"https:\/\/vbd.dev.sumena.ee\/lv\/wp-json\/wp\/v2\/pages\/3","targetHints":{"allow":["GET"]}}],"collection":[{"href":"https:\/\/vbd.dev.sumena.ee\/lv\/wp-json\/wp\/v2\/pages"}],"about":[{"href":"https:\/\/vbd.dev.sumena.ee\/lv\/wp-json\/wp\/v2\/types\/page"}],"author":[{"embeddable":true,"href":"https:\/\/vbd.dev.sumena.ee\/lv\/wp-json\/wp\/v2\/users\/5"}],"replies":[{"embeddable":true,"href":"https:\/\/vbd.dev.sumena.ee\/lv\/wp-json\/wp\/v2\/comments?post=3"}],"version-history":[{"count":0,"href":"https:\/\/vbd.dev.sumena.ee\/lv\/wp-json\/wp\/v2\/pages\/3\/revisions"}],"wp:attachment":[{"href":"https:\/\/vbd.dev.sumena.ee\/lv\/wp-json\/wp\/v2\/media?parent=3"}],"curies":[{"name":"wp","href":"https:\/\/api.w.org\/{rel}","templated":true}]}}