{"id":290247,"date":"2025-07-21T20:03:39","date_gmt":"2025-07-21T17:03:39","guid":{"rendered":"https:\/\/vbd.dev.sumena.ee\/?page_id=290247"},"modified":"2025-07-21T20:09:33","modified_gmt":"2025-07-21T17:09:33","slug":"parim-enne","status":"publish","type":"page","link":"https:\/\/vbd.dev.sumena.ee\/lv\/parim-enne\/","title":{"rendered":"Ieteicams L\u012bdz?"},"content":{"rendered":"<h3 class=\"wp-block-heading\">Saprast at\u0161\u0137ir\u012bbu. Samaziniet p\u0101rtikas iz\u0161\u0137\u0113rd\u0113\u0161anu.<\/h3>\n\n\n\n<p>Vai&nbsp;<strong>der\u012bguma termi\u0146i<\/strong>&nbsp;jauktas? Tu neesi viens. Daudzi sajauc \u201e<strong>ieteicams l\u012bdz<\/strong>\u201d ja \u201e<strong>der\u012bgs l\u012bdz<\/strong>\u201d noz\u012bme \u2013 ta\u010du t\u0101s ir pavisam at\u0161\u0137ir\u012bgas noz\u012bmes.<\/p>\n\n\n\n<h3 class=\"wp-block-heading\">Ieteicams L\u012bdz = Kvalit\u0101tes ieteikums<\/h3>\n\n\n\n<p><strong>Ieteicams L\u012bdz<\/strong>&nbsp;datums nor\u0101da, cik ilgi produkts saglab\u0101 savu s\u0101kotn\u0113jo&nbsp;<strong>gar\u0161a un tekst\u016bra<\/strong>.&nbsp;<strong>Tas nav der\u012bguma termi\u0146\u0161.<\/strong><\/p>\n\n\n\n<ul class=\"wp-block-list\">\n<li>Izplat\u012bts sausiem un ilgsto\u0161i glab\u0101jamiem p\u0101rtikas produktiem.<\/li>\n\n\n\n<li>Pareizi uzglab\u0101jot, dro\u0161i lietojams ar\u012b p\u0113c datuma.<\/li>\n\n\n\n<li>Arom\u0101ts vai tekst\u016bra var nedaudz main\u012bties, bet parasti tas joproj\u0101m ir labs.<\/li>\n<\/ul>\n\n\n\n<p>&nbsp;Pied\u0101v\u0101jam daudz pre\u010du, kuru \u201clab\u0101k izmantot enne\u201d datums ir beidzies \u2014 t\u0101s joproj\u0101m gar\u0161\u012bgas, joproj\u0101m dro\u0161as.<\/p>\n\n\n\n<h3 class=\"wp-block-heading\">Der\u012bgs L\u012bdz = Dro\u0161\u012bbas termi\u0146\u0161<\/h3>\n\n\n\n<p><strong>Der\u012bgs l\u012bdz<\/strong>&nbsp;der\u012bguma termi\u0146\u0161<\/s>&nbsp;<strong>viegli boj\u0101jamiem produktiem<\/strong>&nbsp;piens, ga\u013ca un zivis.<\/p>\n\n\n\n<ul class=\"wp-block-list\">\n<li>Produktu p\u0113c \u0161\u012b datuma nedr\u012bkst \u0113st vai p\u0101rdot.<\/li>\n\n\n\n<li>T\u0101 ignor\u0113\u0161ana noz\u012bm\u0113 re\u0101lu dro\u0161\u012bbas risku.<\/li>\n<\/ul>\n\n\n\n<p>&nbsp;M\u0113s nekad nep\u0101rdodam produktus ar beigu\u0161os der\u012bguma termi\u0146u (\"k\u00f5lblik kuni\").<\/p>\n\n\n\n<h3 class=\"wp-block-heading\"><\/h3>\n\n\n\n<h3 class=\"wp-block-heading\">P\u0113rc gudri. Iz\u0161\u0137\u0113rd\u0113 maz\u0101k.<\/h3>\n\n\n\n<p>Izv\u0113loties \u201cieteicams l\u012bdz\u201d preces, tu pal\u012bdz samazin\u0101t p\u0101rtikas atkritumus un atbalsti apzin\u0101t\u0101ku p\u0101rtikas sist\u0113mu.<\/p>","protected":false},"excerpt":{"rendered":"<p>Saprotiet at\u0161\u0137ir\u012bbu. Samaziniet p\u0101rtikas iz\u0161\u0137\u0113rd\u0113\u0161anu. Vai der\u012bguma termi\u0146i mulsina? J\u016bs neesat vieni. Daudzi sajauc \u201elab\u0101k pirms\u201d un \u201elietot l\u012bdz\u201d noz\u012bmi \u2014 ta\u010du tie ir \u013coti at\u0161\u0137ir\u012bgi j\u0113dzieni. Lab\u0101k pirms = kvalit\u0101tes ieteikums Lab\u0101k pirms datums nor\u0101da, cik ilgi produkts saglab\u0101 savu s\u0101kotn\u0113jo gar\u0161u un tekst\u016bru. T\u0101 nav dro\u0161\u012bbas nor\u0101de. Pied\u0101v\u0101jam daudz produktu, kuriem ir beidzies \u201elab\u0101k pirms\u201d datums \u2014 joproj\u0101m [&hellip;]<\/p>","protected":false},"author":5,"featured_media":0,"parent":0,"menu_order":0,"comment_status":"closed","ping_status":"closed","template":"templates\/article.php","meta":{"_acf_changed":false,"footnotes":""},"class_list":["post-290247","page","type-page","status-publish","hentry"],"acf":[],"_links":{"self":[{"href":"https:\/\/vbd.dev.sumena.ee\/lv\/wp-json\/wp\/v2\/pages\/290247","targetHints":{"allow":["GET"]}}],"collection":[{"href":"https:\/\/vbd.dev.sumena.ee\/lv\/wp-json\/wp\/v2\/pages"}],"about":[{"href":"https:\/\/vbd.dev.sumena.ee\/lv\/wp-json\/wp\/v2\/types\/page"}],"author":[{"embeddable":true,"href":"https:\/\/vbd.dev.sumena.ee\/lv\/wp-json\/wp\/v2\/users\/5"}],"replies":[{"embeddable":true,"href":"https:\/\/vbd.dev.sumena.ee\/lv\/wp-json\/wp\/v2\/comments?post=290247"}],"version-history":[{"count":3,"href":"https:\/\/vbd.dev.sumena.ee\/lv\/wp-json\/wp\/v2\/pages\/290247\/revisions"}],"predecessor-version":[{"id":290257,"href":"https:\/\/vbd.dev.sumena.ee\/lv\/wp-json\/wp\/v2\/pages\/290247\/revisions\/290257"}],"wp:attachment":[{"href":"https:\/\/vbd.dev.sumena.ee\/lv\/wp-json\/wp\/v2\/media?parent=290247"}],"curies":[{"name":"wp","href":"https:\/\/api.w.org\/{rel}","templated":true}]}}