{"id":290206,"date":"2025-07-15T11:00:49","date_gmt":"2025-07-15T08:00:49","guid":{"rendered":"https:\/\/test.dev.sumena.ee\/?page_id=252987"},"modified":"2025-07-23T15:50:40","modified_gmt":"2025-07-23T12:50:40","slug":"meist","status":"publish","type":"page","link":"https:\/\/vbd.dev.sumena.ee\/lv\/meist\/","title":{"rendered":"Par mums"},"content":{"rendered":"<p><strong>Sumena s\u0101k\u0101s 2021. gad\u0101.<\/strong><br>Ar m\u016bsu pakalpojumiem samazin\u0101m p\u0101rtikas atkritumus Igaunij\u0101 un Latvij\u0101. Vienlaikus pied\u0101v\u0101jam klientiem pla\u0161u kl\u0101stu p\u0101rtikas un sadz\u012bves precem. M\u016bsu interneta veikala assortiments galvenok\u0101rt sast\u0101v no \u0101tri boj\u0101jo\u0161iem p\u0101rtikas produktiem, ko ieg\u0101d\u0101jamies no Igaunijas ra\u017eot\u0101jiem, import\u0113t\u0101jiem un vairumtirgot\u0101jiem.<\/p>\n\n\n\n<p>Sumena darbojas p\u0113c principa, ka kvalitat\u012bvai p\u0101rtikai nevajadz\u0113tu non\u0101kt atkritumos. Daudzi m\u016bsu produkti ir tuvu savu \u201cbest before\u201d datumiem vai tos ir p\u0101rsniegu\u0161i, ta\u010du joproj\u0101m piln\u012bgi dro\u0161i un lietojami. M\u0113s balst\u0101mies uz zin\u0101tnisku izpratni, ka \u201cbest before\u201d nenoz\u012bm\u0113 \u201cboj\u0101ts\u201d, bet dr\u012bz\u0101k nor\u0101da uz kvalit\u0101tes standartu. T\u0101 m\u0113s pal\u012bdzam pagarin\u0101t produktu dz\u012bves ciklu un padar\u012bt p\u0101rtikas pat\u0113ri\u0146a ieradumus ilgtsp\u0113j\u012bg\u0101kus.<\/p>\n\n\n\n<p>Papildus p\u0101rtikai m\u016bsu sortiment\u0101 ir ar\u012b m\u0101jsaimniec\u012bbas un higi\u0113nas preces \u2014 viss ikdienai nepiecie\u0161amais par izdev\u012bg\u0101m cen\u0101m un k\u0101 videi draudz\u012bga izv\u0113le. M\u016bsu klienti ir cilv\u0113ki, kuri nov\u0113rt\u0113 gan taup\u012bbu, gan r\u016bpes \u2014 r\u016bpes par savu maci\u0146u un r\u016bpes par plan\u0113tu.<\/p>\n\n\n\n<p>Darbojam t\u012bmek\u013ca veikal\u0101&nbsp;<strong>sumena.ee un sumena.lv<\/strong> Pied\u0101v\u0101jam \u0113rtu pas\u016bt\u012b\u0161anas iesp\u0113ju vis\u0101 Igaunij\u0101.<\/p>\n\n\n\n<p>Sumena nav tikai veikals \u2013 m\u0113s esam kust\u012bba. M\u016bsu m\u0113r\u0137is ir samazin\u0101t resursu iz\u0161\u0137\u0113rd\u0113\u0161anu, palielin\u0101t izpratni par p\u0101rtikas atkritumiem un rad\u012bt jaunas v\u0113rt\u012bbas \u0137\u0113des produktiem, kas cit\u0101di paliktu neizmantoti. Sadarb\u012bb\u0101 ar ra\u017eot\u0101jiem un pieg\u0101d\u0101t\u0101jiem m\u0113s dodam prec\u0113m otru iesp\u0113ju.<\/p>","protected":false},"excerpt":{"rendered":"<p>Sumena dibin\u0101ta 2021. gad\u0101. Ar saviem pakalpojumiem m\u0113s samazin\u0101m p\u0101rtikas atkritumus Igaunij\u0101 un vienlaikus pied\u0101v\u0101jam klientiem pla\u0161u pieejamu p\u0101rtikas un sadz\u012bves pre\u010du kl\u0101stu. M\u016bsu interneta veikala pied\u0101v\u0101jums galvenok\u0101rt sast\u0101v no boj\u0101\u0161an\u0101s br\u012b\u017eam pietuvoju\u0161os p\u0101rtikas pre\u010du, ko ieg\u0101d\u0101jamies no Igaunijas ra\u017eot\u0101jiem, izplat\u012bt\u0101jiem un vairumtirgot\u0101jiem. Sumena darbojas p\u0113c principa, ka kvalitat\u012bvai p\u0101rtikai nevajadz\u0113tu tikt iz\u0161\u0137iesta. Daudzas m\u016bsu preces ir tuvu savam &#8220;lab\u0101kais pirms&#8221; [&hellip;]<\/p>","protected":false},"author":5,"featured_media":0,"parent":0,"menu_order":0,"comment_status":"closed","ping_status":"closed","template":"templates\/article.php","meta":{"_acf_changed":false,"footnotes":""},"class_list":["post-290206","page","type-page","status-publish","hentry"],"acf":[],"_links":{"self":[{"href":"https:\/\/vbd.dev.sumena.ee\/lv\/wp-json\/wp\/v2\/pages\/290206","targetHints":{"allow":["GET"]}}],"collection":[{"href":"https:\/\/vbd.dev.sumena.ee\/lv\/wp-json\/wp\/v2\/pages"}],"about":[{"href":"https:\/\/vbd.dev.sumena.ee\/lv\/wp-json\/wp\/v2\/types\/page"}],"author":[{"embeddable":true,"href":"https:\/\/vbd.dev.sumena.ee\/lv\/wp-json\/wp\/v2\/users\/5"}],"replies":[{"embeddable":true,"href":"https:\/\/vbd.dev.sumena.ee\/lv\/wp-json\/wp\/v2\/comments?post=290206"}],"version-history":[{"count":5,"href":"https:\/\/vbd.dev.sumena.ee\/lv\/wp-json\/wp\/v2\/pages\/290206\/revisions"}],"predecessor-version":[{"id":291010,"href":"https:\/\/vbd.dev.sumena.ee\/lv\/wp-json\/wp\/v2\/pages\/290206\/revisions\/291010"}],"wp:attachment":[{"href":"https:\/\/vbd.dev.sumena.ee\/lv\/wp-json\/wp\/v2\/media?parent=290206"}],"curies":[{"name":"wp","href":"https:\/\/api.w.org\/{rel}","templated":true}]}}