{"id":237,"date":"2022-08-14T17:15:24","date_gmt":"2022-08-14T14:15:24","guid":{"rendered":"http:\/\/localhost\/wordpress\/?page_id=237"},"modified":"2026-01-10T12:50:02","modified_gmt":"2026-01-10T09:50:02","slug":"contacts","status":"publish","type":"page","link":"https:\/\/vbd.dev.sumena.ee\/lv\/contacts\/","title":{"rendered":"Kontakti"},"content":{"rendered":"<p>Kui otsid lahendust oma k\u00fcsimusele siis meie tiim aitab teid meiliaadressil: klienditugi@sumena.ee<\/p>\n\n\n\n<p><\/p>\n\n\n\n<p><\/p>\n\n\n\n<h3 class=\"wp-block-heading\">Tie\u0161saistes veikala noliktava (Taevav\u00e4rava tee 6b, Rae vald) Durvis Nr. 4<\/h3>\n\n\n\n<p>Ja ja izv\u0113l\u0113jies pieg\u0101des veidu \u201cTulen ise j\u00e4rgi\u201d, var\u0113si sa\u0146emt s\u016bt\u012bjumu m\u016bsu noliktav\u0101, ta\u010du, l\u016bdzu, uzgaidi e-pastu, ka pas\u016bt\u012bjums ir komplekt\u0113ts!<br>Darba laiks:<\/p>\n\n\n\n<p>Pk-Pk 8:30\u201317:00<br>P-S Sl\u0113gts<\/p>\n\n\n\n<h3 class=\"wp-block-heading\">Balti Jaama Tirdzniec\u012bbas vieta (Kopli 1, Tallinn)<\/h3>\n\n\n\n<p>N\u0101c apciemot m\u016bsu Balti Jaama Tirgus veikalu!<br>Darba laiks:<\/p>\n\n\n\n<p>Pr\u2013Pk 9:00\u201319:00<br>P 9:00\u201317:00<\/p>\n\n\n\n<h3 class=\"wp-block-heading\"><strong>Veeriku veikals (Vitamiini 1, Tartu)<\/strong><\/h3>\n\n\n\n<p>Asume Veeriku centra dzelzce\u013ca\/tenisa centra ieejas pus\u0113.<br>Darba laiks:<\/p>\n\n\n\n<p>Pr-Pk 10:00-22:00<br>P 10:00\u201320:00<\/p>\n\n\n\n<h3 class=\"wp-block-heading\"><strong>Veikals Vironia centr\u0101 (J\u00e4rvek\u00fcla tee 50, Kohtla-J\u00e4rve)<\/strong><\/h3>\n\n\n\n<p>Darba laiks:<\/p>\n\n\n\n<p>Pn\u2013Sv 10:00\u201320:00<br>P 10:00-19:00<\/p>\n\n\n\n<h3 class=\"wp-block-heading\"><strong>Vesse centra veikals (J. Smuuli tee 43, Tallinn)<\/strong><\/h3>\n\n\n\n<p>Darba laiks:<\/p>\n\n\n\n<p>Pn\u2013Sv 10:00\u201320:00<br>P 10:00-19:00<\/p>\n\n\n\n<h3 class=\"wp-block-heading\"><strong>Magistrali keskuse pood (S\u00f5pruse pst 201, Tallinn)<\/strong><\/h3>\n\n\n\n<p>Darba laiks:<\/p>\n\n\n\n<p>Pn\u2013Sv 10:00\u201320:00<br>P 10:00-19:00<\/p>\n\n\n\n<h3 class=\"wp-block-heading\"><strong>Kas m\u0113s esam<\/strong><\/h3>\n\n\n\n<p>Sumena s\u0101k\u0101s 2021. gad\u0101.<br>Ar m\u016bsu pakalpojumiem samazin\u0101m p\u0101rtikas atkritumus Igaunij\u0101 un Latvij\u0101. Vienlaikus pied\u0101v\u0101jam klientiem pla\u0161u pieejamu p\u0101rtikas un sadz\u012bves pre\u010du kl\u0101stu.<br>M\u016bsu interneta veikala sortiments galvenok\u0101rt sast\u0101v no pre\u010du ar der\u012bguma termi\u0146a beigu tuvo\u0161anos p\u0101rtikas produktiem, ko ieg\u0101d\u0101jamies no Igaunijas ra\u017eot\u0101jiem, importa veic\u0113jiem un vairumtirgot\u0101jiem.<\/p>\n\n\n\n<p>Kop\u0101 ce\u013c\u0101 uz lab\u0101ku pasauli!<\/p>\n\n\n\n<h3 class=\"wp-block-heading\"><strong>Izpilddirektors Joosep Kaljula<\/strong><\/h3>\n\n\n\n<p>joosep@sumena.ee<\/p>\n\n\n\n<h3 class=\"wp-block-heading\"><strong>Operat\u012bvais vad\u012bt\u0101js Oliver Sebastian Lamp<\/strong><\/h3>\n\n\n\n<p>sebastian@sumena.ee<\/p>\n\n\n\n<h3 class=\"wp-block-heading\"><strong>IT vad\u012bt\u0101js Ren\u00e9 Oruman<\/strong><\/h3>\n\n\n\n<p>sumena@sumena.ee<\/p>\n\n\n\n<p><\/p>","protected":false},"excerpt":{"rendered":"<p>Kui otsid lahendust oma k\u00fcsimusele siis meie tiim aitab teid meiliaadressil: klienditugi@sumena.ee E-poe ladu (Taevav\u00e4rava tee 6b, Rae vald) Uks nr 4 Kui valisid tarneviisiks &#8220;Tulen ise j\u00e4rgi&#8221; siis saad paki meie laost k\u00e4tte, kuid palun oota \u00e4ra e-kiri, et tellimus on komplekteeritud!Lahtiolekuajad: E-R 8:30-17:00L-P Suletud Balti Jaama Turu pood (Kopli 1, Tallinn) Tule k\u00fclasta [&hellip;]<\/p>","protected":false},"author":5,"featured_media":0,"parent":0,"menu_order":0,"comment_status":"closed","ping_status":"closed","template":"templates\/article.php","meta":{"_acf_changed":false,"footnotes":""},"class_list":["post-237","page","type-page","status-publish","hentry"],"acf":[],"_links":{"self":[{"href":"https:\/\/vbd.dev.sumena.ee\/lv\/wp-json\/wp\/v2\/pages\/237","targetHints":{"allow":["GET"]}}],"collection":[{"href":"https:\/\/vbd.dev.sumena.ee\/lv\/wp-json\/wp\/v2\/pages"}],"about":[{"href":"https:\/\/vbd.dev.sumena.ee\/lv\/wp-json\/wp\/v2\/types\/page"}],"author":[{"embeddable":true,"href":"https:\/\/vbd.dev.sumena.ee\/lv\/wp-json\/wp\/v2\/users\/5"}],"replies":[{"embeddable":true,"href":"https:\/\/vbd.dev.sumena.ee\/lv\/wp-json\/wp\/v2\/comments?post=237"}],"version-history":[{"count":5,"href":"https:\/\/vbd.dev.sumena.ee\/lv\/wp-json\/wp\/v2\/pages\/237\/revisions"}],"predecessor-version":[{"id":351349,"href":"https:\/\/vbd.dev.sumena.ee\/lv\/wp-json\/wp\/v2\/pages\/237\/revisions\/351349"}],"wp:attachment":[{"href":"https:\/\/vbd.dev.sumena.ee\/lv\/wp-json\/wp\/v2\/media?parent=237"}],"curies":[{"name":"wp","href":"https:\/\/api.w.org\/{rel}","templated":true}]}}