{"id":204,"date":"2022-08-12T14:46:59","date_gmt":"2022-08-12T14:46:59","guid":{"rendered":"http:\/\/localhost\/wordpress\/?page_id=204"},"modified":"2025-12-03T15:50:09","modified_gmt":"2025-12-03T12:50:09","slug":"tarne","status":"publish","type":"page","link":"https:\/\/vbd.dev.sumena.ee\/lv\/tarne\/","title":{"rendered":"Bie\u017ei uzdotie jaut\u0101jumi"},"content":{"rendered":"<h3 class=\"wp-block-heading\">Iepakojumu atgrie\u0161ana un p\u0101rstr\u0101de<\/h3>\n\n\n\n<p>M\u016bsu izmantot\u0101s iepakojuma m\u0113rvien\u012bbas (tostarp vi\u013c\u0146ot\u0101 kartona kastes, pap\u012bra maisi\u0146i un burbu\u013cpl\u0113ve) var atgriezt m\u016bsu noliktav\u0101: Taevav\u00e4rava tee 6b, Lehmja k\u00fcla, Rae vald 75306, kur t\u0101s tiks p\u0101rbaud\u012btas un, ja atbilst, nos\u016bt\u012btas jaunam aprit\u0113.<\/p>\n\n\n\n<p>M\u016bsu noliktava ir atv\u0113rta darba dien\u0101s (P\u2013Pk) no plkst. 8:30 l\u012bdz 17:00.<\/p>\n\n\n\n<p class=\" translation-block\">Info, kuhu tagastada eri liiki pakendeid leiad: <a href=\"https:\/\/kuhuviia.ee\/\" target=\"_self\">https:\/\/kuhuviia.ee\/<\/a><\/p>\n\n\n\n<h3 class=\"wp-block-heading\">Maks\u0101\u0161anas nosac\u012bjumi<\/h3>\n\n\n\n<p>M\u0113s izmantojam Montonio maks\u0101jumu pakalpojumu, kas padara maks\u0101jumu pieredzi p\u0113c iesp\u0113jas vienm\u0113r\u012bg\u0101ku un vienk\u0101r\u0161\u0101ku.<\/p>\n\n\n\n<ul class=\"wp-block-list\">\n<li>Bankas saites<\/li>\n\n\n\n<li>Bankas kartes<\/li>\n\n\n\n<li>Modena Pay Later<\/li>\n<\/ul>\n\n\n\n<h3 class=\"wp-block-heading\">Der\u012bguma termi\u0146\u0161 beidzies<\/h3>\n\n\n\n<p>M\u016bsu pre\u010du kl\u0101st\u0101 atrad\u012bsi produktus, kuru \u201clietot l\u012bdz\u201d termi\u0146\u0161 tuvojas vai jau ir pag\u0101jis, k\u0101 ar\u012b produktus, kuru minim\u0101lais der\u012bguma termi\u0146a beigas v\u0113l nav tuvu. Svar\u012bgi zin\u0101t, ka istabas temperat\u016br\u0101 uzglab\u0101jamiem produktiem \u201clietot l\u012bdz\u201d ir tikai ra\u017eot\u0101ja ieteikums.<\/p>\n\n\n\n<p>P\u0101rtika ir piln\u012bgi \u0113dama un parasti ar\u012b gar\u0161as zi\u0146\u0101 tikpat laba ilgi p\u0113c \u201clab\u0101kais l\u012bdz\u201d termi\u0146a. Daudzi sajauc \u201clab\u0101kais l\u012bdz\u201d ar \u201cuzglab\u0101jams l\u012bdz\u201d termi\u0146u. Ceram, ka arvien vair\u0101k pat\u0113r\u0113t\u0101ju saprat\u012bs atz\u012bmju at\u0161\u0137ir\u012bbas, lai samazin\u0101tu p\u0101rtikas iz\u0161\u0137\u0113rd\u0113\u0161anu.<\/p>\n\n\n\n<p>Par izbeig\u0161anos: tas ir ra\u017eot\u0101ja ieteikums, kas nor\u0101da, cik ilgi produkts saglab\u0101 tie\u0161i t\u0101du pa\u0161u gar\u0161u un kvalit\u0101ti k\u0101 ra\u017eo\u0161anas br\u012bd\u012b. Tom\u0113r bie\u017ei vien produkta kvalit\u0101te saglab\u0101jas v\u0113l gadus p\u0113c nor\u0101d\u012bt\u0101s datuma beig\u0101m. Der\u012bgs l\u012bdz: k\u0101 nosaukums liecina, t\u0101 ir datuma, l\u012bdz kuram produkts ir paredz\u0113ts lieto\u0161anai, un p\u0113c nor\u0101d\u012bt\u0101 datuma to vairs nedr\u012bkst p\u0101rdot vai lietot uztur\u0101. \u0160o mar\u0137\u0113jumu izmanto \u0101tri boj\u0101jamiem p\u0101rtikas produktiem, piem\u0113ram, piena un ga\u013cas izstr\u0101d\u0101jumiem. Sumena nep\u0101rdod \u201cder\u012bgs l\u012bdz\u201d produktus.<\/p>\n\n\n\n<h3 class=\"wp-block-heading\">Kur ir mana pas\u016bt\u012bjuma?<\/h3>\n\n\n\n<p>P\u0113c pas\u016bt\u012bjuma izpildes prece pieg\u0101d\u0101ta 1\u20133 darba dienu laik\u0101. \u012apa\u0161os gad\u012bjumos pieg\u0101de var ilgt l\u012bdz 5 darba dien\u0101m. <\/p>\n\n\n\n<h3 class=\"wp-block-heading\">Vai es varu main\u012bt savu pas\u016bt\u012bjumu?<\/h3>\n\n\n\n<p>Diem\u017e\u0113l n\u0113. Lai j\u016bs sa\u0146emtu savu paku iesp\u0113jami \u0101tri, m\u0113s to apstr\u0101d\u0101sim t\u016bl\u012bt p\u0113c apstiprin\u0101\u0161anas.<\/p>\n\n\n\n<h3 class=\"wp-block-heading\">Nekorekta pas\u016bt\u012bjuma<\/h3>\n\n\n\n<p>Ja jaunin\u0101ts prece\/-es non\u0101ca pie jums, sazinieties ar m\u016bsu klientu atbalstu: atbalsts@sumena.lv<br>Esiet gatavi atbild\u0113t:<\/p>\n\n\n\n<ul class=\"wp-block-list\">\n<li>Pas\u016bt\u012bjuma numurs<\/li>\n\n\n\n<li>Kurus produktus j\u016bs nevar\u0113j\u0101t ieg\u016bt<\/li>\n\n\n\n<li>Vai sa\u0146\u0113m\u0101t papildu preces, kuras nepas\u016bt\u012bj\u0101t?<\/li>\n\n\n\n<li>Nepareiza preces bilde<\/li>\n<\/ul>\n\n\n\n<h3 class=\"wp-block-heading\">K\u0101 es varu sa\u0146emt preci?<\/h3>\n\n\n\n<p>Pieg\u0101des iesp\u0113jas:<\/p>\n\n\n\n<ul class=\"wp-block-list\">\n<li>DPD pakom\u0101ts<\/li>\n\n\n\n<li>Itella Smartkuller<\/li>\n\n\n\n<li>Smartpost pakom\u0101ts<\/li>\n\n\n\n<li>Omniva pakom\u0101ts<\/li>\n\n\n\n<li>Venipak pakom\u0101ts<\/li>\n<\/ul>\n\n\n\n<h3 class=\"wp-block-heading\">Vai varat paku sa\u0146emt person\u012bgi?<\/h3>\n\n\n\n<p>Pas\u016bt\u012bjumus var sa\u0146emt darba dien\u0101s (P\u2011Pk) no plkst. 8:30\u201317:00. Taevav\u00e4rava tee 6b, Rae vald, Harjumaa 75306, boks nr. 4.&nbsp; NB! L\u016bdzu, gaidiet apstiprino\u0161u e\u2011pastu, ka pas\u016bt\u012bjums ir komplekt\u0113ts.<\/p>\n\n\n\n<h3 class=\"wp-block-heading\">Nevar sa\u0146emt apstiprin\u0101juma e-pastu<\/h3>\n\n\n\n<p>Ja ja gad\u012bjum\u0101, ja neveic\u0101t apstiprin\u0101jumu pa e-pastu, ka j\u016bsu pas\u016bt\u012bjums ir sa\u0146emts apstr\u0101dei vai ka pas\u016bt\u012bjums ir komplekt\u0113ts (l\u012bdz 3 darba dien\u0101m), p\u0101rbaudiet surog\u0101tpastu un, ja nepiecie\u0161ams, sazinieties ar m\u016bsu klientu atbalstu pa e-pastu atbalsts@sumena.lv<\/p>\n\n\n\n<h3 class=\"wp-block-heading\">Promo kods?<\/h3>\n\n\n\n<p>Promokodu kampa\u0146as r\u012bkojam reiz\u0113m soci\u0101lajos t\u012bklos un\/vai nos\u016bt\u0101m kop\u0101 ar jaunumu v\u0113stuli. Sekojiet l\u012bdzi! P.S. uz jaunumu v\u0113stuli varat pieteikties, izmantojot veidlapu lapas aug\u0161pus\u0113 vai pirms maks\u0101juma veik\u0161anas pas\u016bt\u012bjuma noform\u0113\u0161anas lap\u0101.<\/p>","protected":false},"excerpt":{"rendered":"<p>Iepakojumu atgrie\u0161ana un p\u0101rstr\u0101de M\u016bsu izmantot\u0101s iesai\u0146o\u0161anas materi\u0101lus (t.sk. kartona golfa kastes, pap\u012bra maisi\u0146us un burbu\u013cpl\u0113vi) var atgriezt m\u016bsu noliktav\u0101: Taevav\u00e4rava tee 6b, Lehmja k\u00fcla, Rae vald 75306, kur tos p\u0101rbaud\u012bs un, ja atbilst pras\u012bb\u0101m, nodos t\u0101l\u0101kai otrreiz\u0113jai izmanto\u0161anai. M\u016bsu noliktava ir atv\u0113rta darba dien\u0101s (P\u2013Pk) no 8:30 l\u012bdz 17:00. Inform\u0101ciju, kur nodot da\u017e\u0101du veidu iepakojumus, skatiet: https:\/\/kuhuviia.ee\/ Maks\u0101\u0161anas nosac\u012bjumi M\u0113s izmantojam [&hellip;]<\/p>","protected":false},"author":5,"featured_media":0,"parent":0,"menu_order":0,"comment_status":"closed","ping_status":"closed","template":"templates\/article.php","meta":{"_acf_changed":false,"footnotes":""},"class_list":["post-204","page","type-page","status-publish","hentry"],"acf":[],"_links":{"self":[{"href":"https:\/\/vbd.dev.sumena.ee\/lv\/wp-json\/wp\/v2\/pages\/204","targetHints":{"allow":["GET"]}}],"collection":[{"href":"https:\/\/vbd.dev.sumena.ee\/lv\/wp-json\/wp\/v2\/pages"}],"about":[{"href":"https:\/\/vbd.dev.sumena.ee\/lv\/wp-json\/wp\/v2\/types\/page"}],"author":[{"embeddable":true,"href":"https:\/\/vbd.dev.sumena.ee\/lv\/wp-json\/wp\/v2\/users\/5"}],"replies":[{"embeddable":true,"href":"https:\/\/vbd.dev.sumena.ee\/lv\/wp-json\/wp\/v2\/comments?post=204"}],"version-history":[{"count":4,"href":"https:\/\/vbd.dev.sumena.ee\/lv\/wp-json\/wp\/v2\/pages\/204\/revisions"}],"predecessor-version":[{"id":335412,"href":"https:\/\/vbd.dev.sumena.ee\/lv\/wp-json\/wp\/v2\/pages\/204\/revisions\/335412"}],"wp:attachment":[{"href":"https:\/\/vbd.dev.sumena.ee\/lv\/wp-json\/wp\/v2\/media?parent=204"}],"curies":[{"name":"wp","href":"https:\/\/api.w.org\/{rel}","templated":true}]}}