{"id":164628,"date":"2024-10-22T11:38:54","date_gmt":"2024-10-22T08:38:54","guid":{"rendered":"https:\/\/test.dev.sumena.ee\/?page_id=164628"},"modified":"2025-07-21T18:44:40","modified_gmt":"2025-07-21T15:44:40","slug":"kaupmeestele","status":"publish","type":"page","link":"https:\/\/vbd.dev.sumena.ee\/lv\/kaupmeestele\/","title":{"rendered":"Tirgot\u0101jiem"},"content":{"rendered":"<p>Sumena O\u00dc nodarbojas ar noliktavas atlikumu pirk\u0161anu-p\u0101rdo\u0161anu, tostarp p\u0101rtiku ar der\u012bguma termi\u0146u p\u0101ri, bet m\u016bsu m\u0113r\u0137is ir aptvert visda\u017e\u0101d\u0101kos pre\u010du veidus, kas cit\u0101di tiktu izmesti. M\u0113s p\u0113rkam preces no da\u017e\u0101diem tirgot\u0101jiem un pied\u0101v\u0101jam t\u0101s mazumtirdzniec\u012bb\u0101 m\u016bsu da\u017e\u0101dajos p\u0101rdo\u0161anas kan\u0101los. <span style=\"font-size: revert;\">Samazin\u0101m j\u016bsu atkritumu apsaimnieko\u0161anas izmaksas un atbr\u012bvojam j\u016bsu noliktavas telpu.<\/span><\/p>\n<section>\n<section>Sazinies ar mums un vienosimies!<\/p>\n<\/section>\n<h3>Joosep Kaljula<\/h3>\n<p>PARTNERIS<\/p>\n<p>joosep@sumena.ee<\/p>\n<h3>Oliver Sebastian Lamp<\/h3>\n<p>PARTNERIS<\/p>\n<p>sebastian@sumena.ee<\/p>\n<\/section>","protected":false},"excerpt":{"rendered":"<p>Sumena O\u00dc nodarbojas ar noliktavu atlikumu pirk\u0161anu un p\u0101rdo\u0161anu, tostarp p\u0101rtiku p\u0113c ieteicam\u0101 lieto\u0161anas termi\u0146a, ta\u010du m\u016bsu m\u0113r\u0137is ir r\u012bkoties ar visu veidu prec\u0113m, kas cit\u0101di tiktu izmestos. M\u0113s p\u0113rkam preces no da\u017e\u0101diem tirgot\u0101jiem un pied\u0101v\u0101jam t\u0101s mazumtirdzniec\u012bb\u0101 m\u016bsu da\u017e\u0101dos p\u0101rdo\u0161anas kan\u0101los. Samazin\u0101sim j\u016bsu atkritumu apsaimnieko\u0161anas izmaksas un atbr\u012bvosim j\u016bsu noliktavas telpas. Sazinieties ar mums un vienosimies! Joosep Kaljula PARTNER joosep@sumena.ee Oliver Sebastian Lamp PARTNER sebastian@sumena.ee<\/p>","protected":false},"author":5,"featured_media":0,"parent":0,"menu_order":0,"comment_status":"closed","ping_status":"closed","template":"templates\/article.php","meta":{"_acf_changed":false,"footnotes":""},"class_list":["post-164628","page","type-page","status-publish","hentry"],"acf":[],"_links":{"self":[{"href":"https:\/\/vbd.dev.sumena.ee\/lv\/wp-json\/wp\/v2\/pages\/164628","targetHints":{"allow":["GET"]}}],"collection":[{"href":"https:\/\/vbd.dev.sumena.ee\/lv\/wp-json\/wp\/v2\/pages"}],"about":[{"href":"https:\/\/vbd.dev.sumena.ee\/lv\/wp-json\/wp\/v2\/types\/page"}],"author":[{"embeddable":true,"href":"https:\/\/vbd.dev.sumena.ee\/lv\/wp-json\/wp\/v2\/users\/5"}],"replies":[{"embeddable":true,"href":"https:\/\/vbd.dev.sumena.ee\/lv\/wp-json\/wp\/v2\/comments?post=164628"}],"version-history":[{"count":1,"href":"https:\/\/vbd.dev.sumena.ee\/lv\/wp-json\/wp\/v2\/pages\/164628\/revisions"}],"predecessor-version":[{"id":290195,"href":"https:\/\/vbd.dev.sumena.ee\/lv\/wp-json\/wp\/v2\/pages\/164628\/revisions\/290195"}],"wp:attachment":[{"href":"https:\/\/vbd.dev.sumena.ee\/lv\/wp-json\/wp\/v2\/media?parent=164628"}],"curies":[{"name":"wp","href":"https:\/\/api.w.org\/{rel}","templated":true}]}}