{"id":93709,"date":"2026-01-08T10:51:52","date_gmt":"2026-01-08T07:51:52","guid":{"rendered":"https:\/\/vbd.dev.sumena.ee\/?post_type=product&#038;p=93709"},"modified":"2026-02-12T15:53:35","modified_gmt":"2026-02-12T12:53:35","slug":"energiajook-vaarika-maitseline-pandy-330ml","status":"publish","type":"product","link":"https:\/\/vbd.dev.sumena.ee\/en\/product-2\/energiajook-vaarika-maitseline-pandy-330ml\/","title":{"rendered":"Energiajook vaarika maitseline, P\u00c4NDY 330ml"},"content":{"rendered":"<p><strong>Koostisosad<\/strong>: Karboniseeritud vesi, happesuse regulaator (sidrunhape, naatriumtsitraadid), kofeiin (0,03%), magusained (ts\u00fcklamaadid, sukraloos), toiduv\u00e4rv (antots\u00fcaniin), l\u00f5hna-ja maitseaine.<\/p>\n<p>Soovitatav maksimaalne p\u00e4evane kogus 2-3 purki. Toode ei ole soovitatav lastele, rasedatele ega rinnaga toitvalenaistele. K\u00f5rge kofeiinisisaldus (30mg\/100ml)<\/p>","protected":false},"excerpt":{"rendered":"<p>Koostisosad: Karboniseeritud vesi, happesuse regulaator (sidrunhape, naatriumtsitraadid), kofeiin (0,03%), magusained (ts\u00fcklamaadid, sukraloos), toiduv\u00e4rv (antots\u00fcaniin), l\u00f5hna-ja maitseaine. Soovitatav maksimaalne p\u00e4evane kogus 2-3 purki. Toode ei ole soovitatav lastele, rasedatele ega rinnaga toitvalenaistele. K\u00f5rge kofeiinisisaldus (30mg\/100ml)<\/p>","protected":false},"featured_media":93711,"comment_status":"open","ping_status":"closed","template":"","meta":{"_acf_changed":false},"product_brand":[],"product_cat":[177,90,79],"product_tag":[],"class_list":{"0":"post-93709","1":"product","2":"type-product","3":"status-publish","4":"has-post-thumbnail","6":"product_cat-karastus-ja-energiajoogid-toonikud-muu","7":"product_cat-pant","8":"product_cat-joogid","10":"first","11":"instock","12":"sale","13":"taxable","14":"shipping-taxable","15":"purchasable","16":"product-type-simple"},"supplier_id":null,"supplier_sku":"","barcode":null,"atum_controlled":true,"out_stock_date":null,"out_stock_threshold":null,"inheritable":false,"inbound_stock":0,"stock_on_hold":2,"sold_today":2,"sales_last_days":111,"reserved_stock":0,"customer_returns":0,"warehouse_damage":0,"lost_in_post":0,"other_logs":0,"out_stock_days":0,"lost_sales":0,"has_location":false,"update_date":"2026-02-12T12:55:52","atum_locations":[],"atum_stock_status":"instock","restock_status":false,"low_stock_amount":"","sales_update_date":"2026-02-12T12:55:42","calc_backorders":null,"acf":[],"_links":{"self":[{"href":"https:\/\/vbd.dev.sumena.ee\/en\/wp-json\/wp\/v2\/product\/93709","targetHints":{"allow":["GET"]}}],"collection":[{"href":"https:\/\/vbd.dev.sumena.ee\/en\/wp-json\/wp\/v2\/product"}],"about":[{"href":"https:\/\/vbd.dev.sumena.ee\/en\/wp-json\/wp\/v2\/types\/product"}],"replies":[{"embeddable":true,"href":"https:\/\/vbd.dev.sumena.ee\/en\/wp-json\/wp\/v2\/comments?post=93709"}],"wp:featuredmedia":[{"embeddable":true,"href":"https:\/\/vbd.dev.sumena.ee\/en\/wp-json\/wp\/v2\/media\/93711"}],"wp:attachment":[{"href":"https:\/\/vbd.dev.sumena.ee\/en\/wp-json\/wp\/v2\/media?parent=93709"}],"wp:term":[{"taxonomy":"product_brand","embeddable":true,"href":"https:\/\/vbd.dev.sumena.ee\/en\/wp-json\/wp\/v2\/product_brand?post=93709"},{"taxonomy":"product_cat","embeddable":true,"href":"https:\/\/vbd.dev.sumena.ee\/en\/wp-json\/wp\/v2\/product_cat?post=93709"},{"taxonomy":"product_tag","embeddable":true,"href":"https:\/\/vbd.dev.sumena.ee\/en\/wp-json\/wp\/v2\/product_tag?post=93709"}],"curies":[{"name":"wp","href":"https:\/\/api.w.org\/{rel}","templated":true}]}}