{"id":90794,"date":"2026-01-16T15:37:18","date_gmt":"2026-01-16T12:37:18","guid":{"rendered":"https:\/\/vbd.dev.sumena.ee\/?post_type=product&#038;p=90794"},"modified":"2026-02-12T15:52:36","modified_gmt":"2026-02-12T12:52:36","slug":"sokolaadimuffinipulber-vilma-400-g","status":"publish","type":"product","link":"https:\/\/vbd.dev.sumena.ee\/en\/product-2\/sokolaadimuffinipulber-vilma-400-g\/","title":{"rendered":"\u0160okolaadimuffinipulber, VILMA, 400 g"},"content":{"rendered":"<div class=\"Accordion AttributeAccordion\" data-v-28ef612e=\"\">\n<div class=\"Accordion__content\">\n<div class=\"AttributeAccordion__content\" data-v-28ef612e=\"\">Vilma tumedate kakaomaitselisi \u0161okolaadipisaraid sisaldavate muffinite jahusegu, s\u00e4ilitusaineteta.<\/div>\n<\/div>\n<\/div>\n<div class=\"Accordion AttributeAccordion\" data-v-28ef612e=\"\">\n<div class=\"AttributeAccordion__heading\" data-v-28ef612e=\"\">Koostisosad<\/div>\n<div class=\"Accordion__content\">\n<div class=\"AttributeAccordion__content\" data-v-28ef612e=\"\">\n<p>NISUJAHU, suhkur, v\u00e4hendatud rasvasisaldusega kakaopulber, MUNAPULBER, \u0161okolaadin\u00f6\u00f6bid 5% (kakaomass, suhkur, gl\u00fckoos, emulgaator (SOJALETSITIIN)), kergitusaine (E450, E500), VADAKUPULBER(PIIM), sool, vanilliin. S\u00e4ilitusaineteta.<\/p>\n<p>* Toote koostisosade loetelu v\u00f5ib muutuda. Kontrollige enne toote tarbimist pakendil esitatud koostisosi.<\/p>\n<\/div>\n<\/div>\n<\/div>\n<div class=\"Accordion AttributeAccordion\" data-v-28ef612e=\"\">\n<div class=\"AttributeAccordion__heading\" data-v-28ef612e=\"\">Toitumisalane teave<\/div>\n<div class=\"Accordion__content\">\n<div class=\"AttributeAccordion__content\" data-v-28ef612e=\"\">\n<div data-v-33cd2938=\"\">\n<table class=\"ProductNutrition\" data-v-33cd2938=\"\">\n<tbody data-v-33cd2938=\"\">\n<tr data-v-33cd2938=\"\">\n<th class=\"ProductNutrition__title\" colspan=\"2\" data-v-33cd2938=\"\">100 grammi kohta<\/th>\n<\/tr>\n<tr data-v-33cd2938=\"\">\n<th class=\"ProductNutrition__label\" data-v-33cd2938=\"\">Energiasisaldus (KJ\/Kcal)<\/th>\n<td class=\"ProductNutrition__value\" data-v-33cd2938=\"\">1589,9kJ\/380kcal<\/td>\n<\/tr>\n<tr data-v-33cd2938=\"\">\n<th class=\"ProductNutrition__label\" data-v-33cd2938=\"\">Rasvad (g)<\/th>\n<td class=\"ProductNutrition__value\" data-v-33cd2938=\"\">5,60<\/td>\n<\/tr>\n<tr data-v-33cd2938=\"\">\n<th class=\"ProductNutrition__label\" data-v-33cd2938=\"\">Millest k\u00fcllastunud rasvhapped (g)<\/th>\n<td class=\"ProductNutrition__value\" data-v-33cd2938=\"\">2,20<\/td>\n<\/tr>\n<tr data-v-33cd2938=\"\">\n<th class=\"ProductNutrition__label\" data-v-33cd2938=\"\">S\u00fcsivesikud (g)<\/th>\n<td class=\"ProductNutrition__value\" data-v-33cd2938=\"\">70<\/td>\n<\/tr>\n<tr data-v-33cd2938=\"\">\n<th class=\"ProductNutrition__label\" data-v-33cd2938=\"\">Millest suhkrud (g)<\/th>\n<td class=\"ProductNutrition__value\" data-v-33cd2938=\"\">42<\/td>\n<\/tr>\n<tr data-v-33cd2938=\"\">\n<th class=\"ProductNutrition__label\" data-v-33cd2938=\"\">Valgud (g)<\/th>\n<td class=\"ProductNutrition__value\" data-v-33cd2938=\"\">10<\/td>\n<\/tr>\n<tr data-v-33cd2938=\"\">\n<th class=\"ProductNutrition__label\" data-v-33cd2938=\"\">Sool (g)<\/th>\n<td class=\"ProductNutrition__value\" data-v-33cd2938=\"\">1,60<\/td>\n<\/tr>\n<\/tbody>\n<\/table>\n<\/div>\n<\/div>\n<\/div>\n<\/div>","protected":false},"excerpt":{"rendered":"<p>Vilma tumedate kakaomaitselisi \u0161okolaadipisaraid sisaldavate muffinite jahusegu, s\u00e4ilitusaineteta. Koostisosad NISUJAHU, suhkur, v\u00e4hendatud rasvasisaldusega kakaopulber, MUNAPULBER, \u0161okolaadin\u00f6\u00f6bid 5% (kakaomass, suhkur, gl\u00fckoos, emulgaator (SOJALETSITIIN)), kergitusaine (E450, E500), VADAKUPULBER(PIIM), sool, vanilliin. S\u00e4ilitusaineteta. * Toote koostisosade loetelu v\u00f5ib muutuda. Kontrollige enne toote tarbimist pakendil esitatud koostisosi. Toitumisalane teave 100 grammi kohta Energiasisaldus (KJ\/Kcal) 1589,9kJ\/380kcal Rasvad (g) 5,60 Millest k\u00fcllastunud [&hellip;]<\/p>","protected":false},"featured_media":90795,"comment_status":"open","ping_status":"closed","template":"","meta":{"_acf_changed":false},"product_brand":[],"product_cat":[86],"product_tag":[],"class_list":{"0":"post-90794","1":"product","2":"type-product","3":"status-publish","4":"has-post-thumbnail","6":"product_cat-kuivained","8":"first","9":"instock","10":"sale","11":"taxable","12":"shipping-taxable","13":"purchasable","14":"product-type-simple"},"supplier_id":22786,"supplier_sku":"","barcode":null,"atum_controlled":true,"out_stock_date":null,"out_stock_threshold":null,"inheritable":false,"inbound_stock":0,"stock_on_hold":7,"sold_today":13,"sales_last_days":199,"reserved_stock":0,"customer_returns":0,"warehouse_damage":0,"lost_in_post":0,"other_logs":0,"out_stock_days":0,"lost_sales":0,"has_location":false,"update_date":"2026-02-12T14:56:08","atum_locations":[],"atum_stock_status":"instock","restock_status":false,"low_stock_amount":"","sales_update_date":"2026-02-12T14:55:59","calc_backorders":null,"acf":[],"_links":{"self":[{"href":"https:\/\/vbd.dev.sumena.ee\/en\/wp-json\/wp\/v2\/product\/90794","targetHints":{"allow":["GET"]}}],"collection":[{"href":"https:\/\/vbd.dev.sumena.ee\/en\/wp-json\/wp\/v2\/product"}],"about":[{"href":"https:\/\/vbd.dev.sumena.ee\/en\/wp-json\/wp\/v2\/types\/product"}],"replies":[{"embeddable":true,"href":"https:\/\/vbd.dev.sumena.ee\/en\/wp-json\/wp\/v2\/comments?post=90794"}],"wp:featuredmedia":[{"embeddable":true,"href":"https:\/\/vbd.dev.sumena.ee\/en\/wp-json\/wp\/v2\/media\/90795"}],"wp:attachment":[{"href":"https:\/\/vbd.dev.sumena.ee\/en\/wp-json\/wp\/v2\/media?parent=90794"}],"wp:term":[{"taxonomy":"product_brand","embeddable":true,"href":"https:\/\/vbd.dev.sumena.ee\/en\/wp-json\/wp\/v2\/product_brand?post=90794"},{"taxonomy":"product_cat","embeddable":true,"href":"https:\/\/vbd.dev.sumena.ee\/en\/wp-json\/wp\/v2\/product_cat?post=90794"},{"taxonomy":"product_tag","embeddable":true,"href":"https:\/\/vbd.dev.sumena.ee\/en\/wp-json\/wp\/v2\/product_tag?post=90794"}],"curies":[{"name":"wp","href":"https:\/\/api.w.org\/{rel}","templated":true}]}}