{"id":86139,"date":"2026-01-15T18:20:20","date_gmt":"2026-01-15T15:20:20","guid":{"rendered":"https:\/\/vbd.dev.sumena.ee\/?post_type=product&#038;p=86139"},"modified":"2026-02-12T10:41:59","modified_gmt":"2026-02-12T07:41:59","slug":"piimasokolaadikommid-marabou-74g","status":"publish","type":"product","link":"https:\/\/vbd.dev.sumena.ee\/en\/product-2\/piimasokolaadikommid-marabou-74g\/","title":{"rendered":"Piima\u0161okolaadikommid, Marabou, 74g"},"content":{"rendered":"<div class=\"product__list-wrapper\">\n<p class=\"heading\">Koostisosad<\/p>\n<ul class=\"list\">\n<li class=\"item\">suhkur, kakaov\u00f5i, kakaomass, VADAKUpulber (PIIMAST), L\u00d5SSIpulber, PIIMA rasv, VADAKU permeaat (PIIMAST), emulgaator (SOJAletsitiin), l\u00f5hna- ja maitseained<\/li>\n<\/ul>\n<\/div>\n<div class=\"product__list-wrapper -simple\">\n<p class=\"heading\">Lisainfo<\/p>\n<ul class=\"list\">\n<li class=\"item\">piima\u0161okolaadis kakao kuivainet v\u00e4hemalt 30%<\/li>\n<li class=\"item\">Min s\u00e4ilitustemperatuur.: 5\u00b0 C<\/li>\n<li class=\"item\">Max s\u00e4ilitustemperatuur.: 25\u00b0 C<\/li>\n<\/ul>\n<\/div>\n<div class=\"product__list-wrapper\">\n<p class=\"heading\">Toitumisalane teave<\/p>\n<ul class=\"list\">\n<li class=\"item\">Kogus 100 g\/ml kohta<\/li>\n<\/ul>\n<\/div>\n<div class=\"product__table\">\n<div>\n<table>\n<thead>\n<tr>\n<th>Toitev\u00e4\u00e4rtus<\/th>\n<th>Kogus 100 g\/ml kohta<\/th>\n<\/tr>\n<\/thead>\n<tbody>\n<tr>\n<td>energiasisaldus<\/td>\n<td>2290 kJ\/ 550 kcal<\/td>\n<\/tr>\n<tr>\n<td>rasvad<\/td>\n<td>32 g<\/td>\n<\/tr>\n<tr>\n<td class=\"indent\">millest k\u00fcllastunud rasvhapped<\/td>\n<td>19.5 g<\/td>\n<\/tr>\n<tr>\n<td>s\u00fcsivesikud<\/td>\n<td>59 g<\/td>\n<\/tr>\n<tr>\n<td class=\"indent\">millest suhkrud<\/td>\n<td>58.5 g<\/td>\n<\/tr>\n<tr>\n<td>valgud<\/td>\n<td>4.6 g<\/td>\n<\/tr>\n<tr>\n<td>sool<\/td>\n<td>0.3 g<\/td>\n<\/tr>\n<\/tbody>\n<\/table>\n<\/div>\n<\/div>\n<div class=\"price-wrapper\">\n<div class=\"price\"><\/div>\n<\/div>","protected":false},"excerpt":{"rendered":"<p>Koostisosad suhkur, kakaov\u00f5i, kakaomass, VADAKUpulber (PIIMAST), L\u00d5SSIpulber, PIIMA rasv, VADAKU permeaat (PIIMAST), emulgaator (SOJAletsitiin), l\u00f5hna- ja maitseained Lisainfo piima\u0161okolaadis kakao kuivainet v\u00e4hemalt 30% Min s\u00e4ilitustemperatuur.: 5\u00b0 C Max s\u00e4ilitustemperatuur.: 25\u00b0 C Toitumisalane teave Kogus 100 g\/ml kohta Toitev\u00e4\u00e4rtus Kogus 100 g\/ml kohta energiasisaldus 2290 kJ\/ 550 kcal rasvad 32 g millest k\u00fcllastunud rasvhapped 19.5 g [&hellip;]<\/p>","protected":false},"featured_media":86140,"comment_status":"closed","ping_status":"closed","template":"","meta":{"_acf_changed":false},"product_brand":[],"product_cat":[77,78],"product_tag":[],"class_list":{"0":"post-86139","1":"product","2":"type-product","3":"status-publish","4":"has-post-thumbnail","6":"product_cat-maiustused","7":"product_cat-kommid","9":"first","10":"instock","11":"sale","12":"taxable","13":"shipping-taxable","14":"purchasable","15":"product-type-simple"},"supplier_id":22780,"supplier_sku":"","barcode":null,"atum_controlled":true,"out_stock_date":null,"out_stock_threshold":null,"inheritable":false,"inbound_stock":0,"stock_on_hold":9,"sold_today":3,"sales_last_days":444,"reserved_stock":0,"customer_returns":0,"warehouse_damage":0,"lost_in_post":0,"other_logs":0,"out_stock_days":0,"lost_sales":0,"has_location":false,"update_date":"2026-02-12T14:58:10","atum_locations":[],"atum_stock_status":"instock","restock_status":false,"low_stock_amount":"","sales_update_date":"2026-02-12T14:58:01","calc_backorders":null,"acf":[],"_links":{"self":[{"href":"https:\/\/vbd.dev.sumena.ee\/en\/wp-json\/wp\/v2\/product\/86139","targetHints":{"allow":["GET"]}}],"collection":[{"href":"https:\/\/vbd.dev.sumena.ee\/en\/wp-json\/wp\/v2\/product"}],"about":[{"href":"https:\/\/vbd.dev.sumena.ee\/en\/wp-json\/wp\/v2\/types\/product"}],"replies":[{"embeddable":true,"href":"https:\/\/vbd.dev.sumena.ee\/en\/wp-json\/wp\/v2\/comments?post=86139"}],"wp:featuredmedia":[{"embeddable":true,"href":"https:\/\/vbd.dev.sumena.ee\/en\/wp-json\/wp\/v2\/media\/86140"}],"wp:attachment":[{"href":"https:\/\/vbd.dev.sumena.ee\/en\/wp-json\/wp\/v2\/media?parent=86139"}],"wp:term":[{"taxonomy":"product_brand","embeddable":true,"href":"https:\/\/vbd.dev.sumena.ee\/en\/wp-json\/wp\/v2\/product_brand?post=86139"},{"taxonomy":"product_cat","embeddable":true,"href":"https:\/\/vbd.dev.sumena.ee\/en\/wp-json\/wp\/v2\/product_cat?post=86139"},{"taxonomy":"product_tag","embeddable":true,"href":"https:\/\/vbd.dev.sumena.ee\/en\/wp-json\/wp\/v2\/product_tag?post=86139"}],"curies":[{"name":"wp","href":"https:\/\/api.w.org\/{rel}","templated":true}]}}