{"id":80729,"date":"2026-01-06T18:20:32","date_gmt":"2026-01-06T15:20:32","guid":{"rendered":"https:\/\/vbd.dev.sumena.ee\/?post_type=product&#038;p=80729"},"modified":"2026-02-12T14:46:15","modified_gmt":"2026-02-12T11:46:15","slug":"kalev-valik-martsipanikomme-300g","status":"publish","type":"product","link":"https:\/\/vbd.dev.sumena.ee\/en\/product-2\/kalev-valik-martsipanikomme-300g\/","title":{"rendered":"KALEV Valik martsipanikomme 300g"},"content":{"rendered":"<div class=\"infobox__item\">\n<div class=\"infobox__content\">Peamiselt\u00a0mandlitest\u00a0ning tuhksuhkrust\u00a0koosnev\u00a0martsipan\u00a0on \u00fcks\u00a0vanimaid\u00a0maiustusi,\u00a0mida\u00a0on Eestimaal\u00a0toodetud\u00a0juba\u00a0kaugest keskajast\u00a0peale.\u00a0Hea\u00a0ja\u00a0kvaliteetne martsipan\u00a0on\u00a0ka\u00a0t\u00e4nap\u00e4eval\u00a0k\u00f5rgelt hinnatud\u00a0maiustus\u00a0ning\u00a0just\u00a0sellist, parimat\u00a0ja\u00a0k\u00f5rgeima\u00a0kvaliteediga martsipani\u00a0Kalevi\u00a0kommivabrikus siiani\u00a0ka\u00a0toodetakse.\u00a0Siinses\u00a0karbis olevad\u00a0kolm\u00a0maitset\u00a0kuuluvad magusas\u00f5prade\u00a0traditsiooniliste lemmikute\u00a0hulka.\u00a0Vaarika martsipanikommile\u00a0lisavad\u00a0tekstuuri ja\u00a0huvitava\u00a0maitsen\u00fcansi\u00a0kr\u00f5mpsud kakaotuumat\u00fckid.<\/div>\n<\/div>\n<div class=\"infobox__item\">\n<h5 class=\"infobox__heading infobox__heading--is-open\">Koostisosad<i class=\"b-icon b-icon--arrow-down\"><\/i><\/h5>\n<div class=\"infobox__content\">Suhkur, MANDEL 19%, kakaomass, L\u00d5SSIPULBER (PIIM), kakaov\u00f5i, gl\u00fckoosisiirup, karamell (gl\u00fckoosi-fruktoosisiirup, magustatud KONDENSPIIM, soolane V\u00d5I (PIIM), suhkur, vesi, sool), kakaotuumat\u00fckid1, piiritus, k\u00fclmkuivatatud vaarikat\u00fckid, br\u00e4ndi, emulgaator (letsitiin), stabilisaator (invertaas), l\u00f5hna- ja maitseained. S\u00e4ilitusaineteta. V\u00f5ib sisaldada v\u00e4hesel m\u00e4\u00e4ral erinevaid p\u00e4hkleid, maap\u00e4hklit, gluteeni sisaldavaid teravilju, soja ja munatooteid. Allergeenid on toodud koostises l\u00e4biva suure t\u00e4hega.<\/div>\n<\/div>\n<div class=\"infobox__item\">\n<h5 class=\"infobox__heading infobox__heading--is-open\">Toitumisalane teave <i class=\"b-icon b-icon--arrow-down\"><\/i><\/h5>\n<div class=\"infobox__content\">\n<table class=\"nutrition-table\">\n<tbody>\n<tr>\n<th class=\"title\" colspan=\"2\">100 grammi kohta:<\/th>\n<\/tr>\n<tr>\n<th>Energiasisaldus (KJ\/Kcal)<\/th>\n<td>2001,4kJ\/478kcal<\/td>\n<\/tr>\n<tr>\n<th>Rasvad (g)<\/th>\n<td>23,00<\/td>\n<\/tr>\n<tr>\n<th>Millest k\u00fcllastunud rasvhapped (g)<\/th>\n<td>7,20<\/td>\n<\/tr>\n<tr>\n<th>S\u00fcsivesikud (g)<\/th>\n<td>55,00<\/td>\n<\/tr>\n<tr>\n<th>Millest suhkrud (g)<\/th>\n<td>52,00<\/td>\n<\/tr>\n<tr>\n<th>Valgud (g)<\/th>\n<td>8,90<\/td>\n<\/tr>\n<tr>\n<th>Sool (g)<\/th>\n<td>0,10<\/td>\n<\/tr>\n<\/tbody>\n<\/table>\n<\/div>\n<\/div>","protected":false},"excerpt":{"rendered":"<p>Peamiselt\u00a0mandlitest\u00a0ning tuhksuhkrust\u00a0koosnev\u00a0martsipan\u00a0on \u00fcks\u00a0vanimaid\u00a0maiustusi,\u00a0mida\u00a0on Eestimaal\u00a0toodetud\u00a0juba\u00a0kaugest keskajast\u00a0peale.\u00a0Hea\u00a0ja\u00a0kvaliteetne martsipan\u00a0on\u00a0ka\u00a0t\u00e4nap\u00e4eval\u00a0k\u00f5rgelt hinnatud\u00a0maiustus\u00a0ning\u00a0just\u00a0sellist, parimat\u00a0ja\u00a0k\u00f5rgeima\u00a0kvaliteediga martsipani\u00a0Kalevi\u00a0kommivabrikus siiani\u00a0ka\u00a0toodetakse.\u00a0Siinses\u00a0karbis olevad\u00a0kolm\u00a0maitset\u00a0kuuluvad magusas\u00f5prade\u00a0traditsiooniliste lemmikute\u00a0hulka.\u00a0Vaarika martsipanikommile\u00a0lisavad\u00a0tekstuuri ja\u00a0huvitava\u00a0maitsen\u00fcansi\u00a0kr\u00f5mpsud kakaotuumat\u00fckid. Koostisosad Suhkur, MANDEL 19%, kakaomass, L\u00d5SSIPULBER (PIIM), kakaov\u00f5i, gl\u00fckoosisiirup, karamell (gl\u00fckoosi-fruktoosisiirup, magustatud KONDENSPIIM, soolane V\u00d5I (PIIM), suhkur, vesi, sool), kakaotuumat\u00fckid1, piiritus, k\u00fclmkuivatatud vaarikat\u00fckid, br\u00e4ndi, emulgaator (letsitiin), stabilisaator (invertaas), l\u00f5hna- ja maitseained. S\u00e4ilitusaineteta. V\u00f5ib sisaldada v\u00e4hesel m\u00e4\u00e4ral erinevaid p\u00e4hkleid, maap\u00e4hklit, [&hellip;]<\/p>","protected":false},"featured_media":80730,"comment_status":"open","ping_status":"closed","template":"","meta":{"_acf_changed":false},"product_brand":[],"product_cat":[78],"product_tag":[],"class_list":{"0":"post-80729","1":"product","2":"type-product","3":"status-publish","4":"has-post-thumbnail","6":"product_cat-kommid","8":"first","9":"instock","10":"sale","11":"taxable","12":"shipping-taxable","13":"purchasable","14":"product-type-simple"},"supplier_id":22786,"supplier_sku":"","barcode":null,"atum_controlled":true,"out_stock_date":null,"out_stock_threshold":null,"inheritable":false,"inbound_stock":0,"stock_on_hold":1,"sold_today":1,"sales_last_days":46,"reserved_stock":0,"customer_returns":0,"warehouse_damage":0,"lost_in_post":0,"other_logs":0,"out_stock_days":0,"lost_sales":0,"has_location":true,"update_date":"2026-02-12T11:47:25","atum_locations":[{"id":97,"name":"G","slug":"g"}],"atum_stock_status":"instock","restock_status":false,"low_stock_amount":"","sales_update_date":"2026-02-12T11:47:16","calc_backorders":null,"acf":[],"_links":{"self":[{"href":"https:\/\/vbd.dev.sumena.ee\/en\/wp-json\/wp\/v2\/product\/80729","targetHints":{"allow":["GET"]}}],"collection":[{"href":"https:\/\/vbd.dev.sumena.ee\/en\/wp-json\/wp\/v2\/product"}],"about":[{"href":"https:\/\/vbd.dev.sumena.ee\/en\/wp-json\/wp\/v2\/types\/product"}],"replies":[{"embeddable":true,"href":"https:\/\/vbd.dev.sumena.ee\/en\/wp-json\/wp\/v2\/comments?post=80729"}],"wp:featuredmedia":[{"embeddable":true,"href":"https:\/\/vbd.dev.sumena.ee\/en\/wp-json\/wp\/v2\/media\/80730"}],"wp:attachment":[{"href":"https:\/\/vbd.dev.sumena.ee\/en\/wp-json\/wp\/v2\/media?parent=80729"}],"wp:term":[{"taxonomy":"product_brand","embeddable":true,"href":"https:\/\/vbd.dev.sumena.ee\/en\/wp-json\/wp\/v2\/product_brand?post=80729"},{"taxonomy":"product_cat","embeddable":true,"href":"https:\/\/vbd.dev.sumena.ee\/en\/wp-json\/wp\/v2\/product_cat?post=80729"},{"taxonomy":"product_tag","embeddable":true,"href":"https:\/\/vbd.dev.sumena.ee\/en\/wp-json\/wp\/v2\/product_tag?post=80729"}],"curies":[{"name":"wp","href":"https:\/\/api.w.org\/{rel}","templated":true}]}}