{"id":79829,"date":"2026-01-28T15:10:51","date_gmt":"2026-01-28T12:10:51","guid":{"rendered":"https:\/\/vbd.dev.sumena.ee\/?post_type=product&#038;p=79829"},"modified":"2026-02-12T18:23:21","modified_gmt":"2026-02-12T15:23:21","slug":"suitsune-tsillikaste-felix-270-g","status":"publish","type":"product","link":"https:\/\/vbd.dev.sumena.ee\/en\/product-2\/suitsune-tsillikaste-felix-270-g\/","title":{"rendered":"Suitsune t\u0161illikaste, FELIX, 270 g"},"content":{"rendered":"<div class=\"Accordion AttributeAccordion\" data-v-28ef612e=\"\">\n<div class=\"Accordion__content\">\n<div class=\"AttributeAccordion__content\" data-v-28ef612e=\"\">Felixi Suitsune t\u0161illikaste sobib lisandiks v\u00e4ga paljudele erinevatele toitudele (nt grilltoidud, liha, k\u00f6\u00f6giviljad, v\u00f5ileivad, burgerid, wrapid, munatoidud). S\u00e4rtsakuse saab kaste t\u0161illi- ja Cayenne\u00b4i pipardelt ning v\u00e4rvi ja maitset lisab kastmesse muu hulgas tomatipasta. Suitsune t\u0161illikaste sobib ka veganitele ning on kasulike Oomega 3 rasvhapete allikas.<\/div>\n<\/div>\n<\/div>\n<div class=\"Accordion AttributeAccordion\" data-v-28ef612e=\"\"><\/div>\n<div class=\"Accordion AttributeAccordion\" data-v-28ef612e=\"\">\n<div class=\"Accordion__content\">\n<div class=\"AttributeAccordion__content\" data-v-28ef612e=\"\">\n<p>rapsi\u00f5li, joogivesi, br\u00e4ndi\u00e4\u00e4dikas, suhkur, tomatipasta, SINEP (joogivesi, SINEPISEEMNED, suhkur, \u00e4\u00e4dikas, sool, v\u00fcrtsid), piiritus\u00e4\u00e4dikas, jodeeritud sool, stabilisaator (modifitseeritud kartuli- ja maisit\u00e4rklis, dekstroos), t\u0161illipipar (0,6%), kuivatatud k\u00fc\u00fcslauk, Cayenne`i pipar, suitsu l\u00f5hna- ja maitseained, sibulapulber, k\u00fc\u00fcslaugu l\u00f5hna- ja maitseaine, s\u00e4ilitusaine (E202), paksendajad (E415, E412), antioks\u00fcdant (E385). V\u00f5ib sisaldada v\u00e4hesel m\u00e4\u00e4ral maap\u00e4hklit.<\/p>\n<p>* Toote koostisosade loetelu v\u00f5ib muutuda. Kontrollige enne toote tarbimist pakendil esitatud koostisosi.<\/p>\n<\/div>\n<\/div>\n<\/div>\n<div class=\"Accordion AttributeAccordion\" data-v-28ef612e=\"\"><\/div>\n<div class=\"Accordion AttributeAccordion\" data-v-28ef612e=\"\">\n<div class=\"Accordion__content\">\n<div class=\"AttributeAccordion__content\" data-v-28ef612e=\"\">\n<div data-v-33cd2938=\"\">\n<table class=\"ProductNutrition\" data-v-33cd2938=\"\">\n<tbody data-v-33cd2938=\"\">\n<tr data-v-33cd2938=\"\">\n<th class=\"ProductNutrition__title\" colspan=\"2\" data-v-33cd2938=\"\">100 grammi kohta<\/th>\n<\/tr>\n<tr data-v-33cd2938=\"\">\n<th class=\"ProductNutrition__label\" data-v-33cd2938=\"\">Energiasisaldus (KJ\/Kcal)<\/th>\n<td class=\"ProductNutrition__value\" data-v-33cd2938=\"\">2506,2kJ\/599kcal<\/td>\n<\/tr>\n<tr data-v-33cd2938=\"\">\n<th class=\"ProductNutrition__label\" data-v-33cd2938=\"\">Rasvad (g)<\/th>\n<td class=\"ProductNutrition__value\" data-v-33cd2938=\"\">64<\/td>\n<\/tr>\n<tr data-v-33cd2938=\"\">\n<th class=\"ProductNutrition__label\" data-v-33cd2938=\"\">Millest k\u00fcllastunud rasvhapped (g)<\/th>\n<td class=\"ProductNutrition__value\" data-v-33cd2938=\"\">4,50<\/td>\n<\/tr>\n<tr data-v-33cd2938=\"\">\n<th class=\"ProductNutrition__label\" data-v-33cd2938=\"\">S\u00fcsivesikud (g)<\/th>\n<td class=\"ProductNutrition__value\" data-v-33cd2938=\"\">4,90<\/td>\n<\/tr>\n<tr data-v-33cd2938=\"\">\n<th class=\"ProductNutrition__label\" data-v-33cd2938=\"\">Millest suhkrud (g)<\/th>\n<td class=\"ProductNutrition__value\" data-v-33cd2938=\"\">3,50<\/td>\n<\/tr>\n<tr data-v-33cd2938=\"\">\n<th class=\"ProductNutrition__label\" data-v-33cd2938=\"\">Valgud (g)<\/th>\n<td class=\"ProductNutrition__value\" data-v-33cd2938=\"\">0,40<\/td>\n<\/tr>\n<tr data-v-33cd2938=\"\">\n<th class=\"ProductNutrition__label\" data-v-33cd2938=\"\">Sool (g)<\/th>\n<td class=\"ProductNutrition__value\" data-v-33cd2938=\"\">0,84<\/td>\n<\/tr>\n<\/tbody>\n<\/table>\n<\/div>\n<\/div>\n<\/div>\n<\/div>\n<div class=\"Accordion AttributeAccordion\" data-v-28ef612e=\"\"><\/div>\n<div class=\"Accordion__content\">\n<div class=\"AttributeAccordion__content\" data-v-28ef612e=\"\">S\u00e4ilitada temperatuuril +2&#8230;+20 \u00b0C , avatud pakendit hoida temperatuuril +2&#8230;+6 \u00b0C<\/div>\n<\/div>","protected":false},"excerpt":{"rendered":"<p>Felixi Suitsune t\u0161illikaste sobib lisandiks v\u00e4ga paljudele erinevatele toitudele (nt grilltoidud, liha, k\u00f6\u00f6giviljad, v\u00f5ileivad, burgerid, wrapid, munatoidud). S\u00e4rtsakuse saab kaste t\u0161illi- ja Cayenne\u00b4i pipardelt ning v\u00e4rvi ja maitset lisab kastmesse muu hulgas tomatipasta. Suitsune t\u0161illikaste sobib ka veganitele ning on kasulike Oomega 3 rasvhapete allikas. rapsi\u00f5li, joogivesi, br\u00e4ndi\u00e4\u00e4dikas, suhkur, tomatipasta, SINEP (joogivesi, SINEPISEEMNED, suhkur, \u00e4\u00e4dikas, [&hellip;]<\/p>","protected":false},"featured_media":79830,"comment_status":"open","ping_status":"closed","template":"","meta":{"_acf_changed":false},"product_brand":[],"product_cat":[83],"product_tag":[],"class_list":{"0":"post-79829","1":"product","2":"type-product","3":"status-publish","4":"has-post-thumbnail","6":"product_cat-kastmed-olid","8":"first","9":"instock","10":"sale","11":"taxable","12":"shipping-taxable","13":"purchasable","14":"product-type-simple"},"supplier_id":22786,"supplier_sku":"","barcode":null,"atum_controlled":true,"out_stock_date":null,"out_stock_threshold":null,"inheritable":false,"inbound_stock":0,"stock_on_hold":37,"sold_today":24,"sales_last_days":328,"reserved_stock":0,"customer_returns":0,"warehouse_damage":0,"lost_in_post":0,"other_logs":0,"out_stock_days":0,"lost_sales":0,"has_location":true,"update_date":"2026-02-12T15:50:11","atum_locations":[{"id":99,"name":"I","slug":"i"}],"atum_stock_status":"instock","restock_status":false,"low_stock_amount":"","sales_update_date":"2026-02-12T15:50:02","calc_backorders":null,"acf":[],"_links":{"self":[{"href":"https:\/\/vbd.dev.sumena.ee\/en\/wp-json\/wp\/v2\/product\/79829","targetHints":{"allow":["GET"]}}],"collection":[{"href":"https:\/\/vbd.dev.sumena.ee\/en\/wp-json\/wp\/v2\/product"}],"about":[{"href":"https:\/\/vbd.dev.sumena.ee\/en\/wp-json\/wp\/v2\/types\/product"}],"replies":[{"embeddable":true,"href":"https:\/\/vbd.dev.sumena.ee\/en\/wp-json\/wp\/v2\/comments?post=79829"}],"wp:featuredmedia":[{"embeddable":true,"href":"https:\/\/vbd.dev.sumena.ee\/en\/wp-json\/wp\/v2\/media\/79830"}],"wp:attachment":[{"href":"https:\/\/vbd.dev.sumena.ee\/en\/wp-json\/wp\/v2\/media?parent=79829"}],"wp:term":[{"taxonomy":"product_brand","embeddable":true,"href":"https:\/\/vbd.dev.sumena.ee\/en\/wp-json\/wp\/v2\/product_brand?post=79829"},{"taxonomy":"product_cat","embeddable":true,"href":"https:\/\/vbd.dev.sumena.ee\/en\/wp-json\/wp\/v2\/product_cat?post=79829"},{"taxonomy":"product_tag","embeddable":true,"href":"https:\/\/vbd.dev.sumena.ee\/en\/wp-json\/wp\/v2\/product_tag?post=79829"}],"curies":[{"name":"wp","href":"https:\/\/api.w.org\/{rel}","templated":true}]}}