{"id":62787,"date":"2026-01-28T15:47:13","date_gmt":"2026-01-28T12:47:13","guid":{"rendered":"https:\/\/vbd.dev.sumena.ee\/?post_type=product&#038;p=62787"},"modified":"2026-02-12T18:40:37","modified_gmt":"2026-02-12T15:40:37","slug":"taffel-soola-ja-karamelliseeritud-voi-maitselised-siledad-kartulilaastud-180g","status":"publish","type":"product","link":"https:\/\/vbd.dev.sumena.ee\/en\/product-2\/taffel-soola-ja-karamelliseeritud-voi-maitselised-siledad-kartulilaastud-180g\/","title":{"rendered":"Taffel soola ja karamelliseeritud v\u00f5i maitselised siledad kartulilaastud 180g"},"content":{"rendered":"<div id=\"info\" class=\"tab-pane active entry-info\">\n<h3>Tootekirjeldus<\/h3>\n<p>Taffel siledad ja \u00f5hukesed soola ja karamelliseeritud v\u00f5i maitselised kartulilaastud. Ilma maitsetugevdajateta! S\u00e4ilitada kuivas ja jahedas<\/p>\n<h3 id=\"product-ingredients-title\">Koostisosad<\/h3>\n<p id=\"product-ingredients\">kartulid (61%), taimsed \u00f5lid (p\u00e4evalille\u00f5li (S)* v\u00f5i palmi\u00f5li (P)* v\u00f5i rapsi\u00f5li (R)*), v\u00fcrtsisegu (7%) (<b>vadakupulber<\/b> (<b>piimast<\/b>), dekstroos, sool (14%), <b>koorepulber<\/b>, suhkur, meresool (7%), p\u00e4rmiekstrakt, sibulapulber, r\u00f6stitud k\u00fc\u00fcslaugu pulber, l\u00f5hna- ja maitseained, happesuse regulaator (piimhape), karamelliseeritud suhkur (0,5%), v\u00fcrtsiekstrakt (kurkum)). *Kasutatud \u00f5li t\u00e4hist vaata parim enne kuup\u00e4eva juurest.<\/p>\n<h3 class=\"m-top02\">P\u00e4ritolumaa<\/h3>\n<p>L\u00e4ti<\/p>\n<\/div>","protected":false},"excerpt":{"rendered":"<p>Tootekirjeldus Taffel siledad ja \u00f5hukesed soola ja karamelliseeritud v\u00f5i maitselised kartulilaastud. Ilma maitsetugevdajateta! S\u00e4ilitada kuivas ja jahedas Koostisosad kartulid (61%), taimsed \u00f5lid (p\u00e4evalille\u00f5li (S)* v\u00f5i palmi\u00f5li (P)* v\u00f5i rapsi\u00f5li (R)*), v\u00fcrtsisegu (7%) (vadakupulber (piimast), dekstroos, sool (14%), koorepulber, suhkur, meresool (7%), p\u00e4rmiekstrakt, sibulapulber, r\u00f6stitud k\u00fc\u00fcslaugu pulber, l\u00f5hna- ja maitseained, happesuse regulaator (piimhape), karamelliseeritud suhkur (0,5%), [&hellip;]<\/p>","protected":false},"featured_media":62788,"comment_status":"open","ping_status":"closed","template":"","meta":{"_acf_changed":false},"product_brand":[],"product_cat":[87,81],"product_tag":[],"class_list":{"0":"post-62787","1":"product","2":"type-product","3":"status-publish","4":"has-post-thumbnail","6":"product_cat-meie-lemmikud","7":"product_cat-kropsud","9":"first","10":"instock","11":"sale","12":"taxable","13":"shipping-taxable","14":"purchasable","15":"product-type-simple"},"supplier_id":22786,"supplier_sku":"","barcode":null,"atum_controlled":true,"out_stock_date":null,"out_stock_threshold":null,"inheritable":false,"inbound_stock":0,"stock_on_hold":98,"sold_today":90,"sales_last_days":1547,"reserved_stock":0,"customer_returns":0,"warehouse_damage":0,"lost_in_post":0,"other_logs":0,"out_stock_days":0,"lost_sales":0,"has_location":true,"update_date":"2026-02-12T15:48:17","atum_locations":[{"id":148,"name":"F2","slug":"f2"}],"atum_stock_status":"instock","restock_status":true,"low_stock_amount":"","sales_update_date":"2026-02-12T15:48:08","calc_backorders":null,"acf":[],"_links":{"self":[{"href":"https:\/\/vbd.dev.sumena.ee\/en\/wp-json\/wp\/v2\/product\/62787","targetHints":{"allow":["GET"]}}],"collection":[{"href":"https:\/\/vbd.dev.sumena.ee\/en\/wp-json\/wp\/v2\/product"}],"about":[{"href":"https:\/\/vbd.dev.sumena.ee\/en\/wp-json\/wp\/v2\/types\/product"}],"replies":[{"embeddable":true,"href":"https:\/\/vbd.dev.sumena.ee\/en\/wp-json\/wp\/v2\/comments?post=62787"}],"wp:featuredmedia":[{"embeddable":true,"href":"https:\/\/vbd.dev.sumena.ee\/en\/wp-json\/wp\/v2\/media\/62788"}],"wp:attachment":[{"href":"https:\/\/vbd.dev.sumena.ee\/en\/wp-json\/wp\/v2\/media?parent=62787"}],"wp:term":[{"taxonomy":"product_brand","embeddable":true,"href":"https:\/\/vbd.dev.sumena.ee\/en\/wp-json\/wp\/v2\/product_brand?post=62787"},{"taxonomy":"product_cat","embeddable":true,"href":"https:\/\/vbd.dev.sumena.ee\/en\/wp-json\/wp\/v2\/product_cat?post=62787"},{"taxonomy":"product_tag","embeddable":true,"href":"https:\/\/vbd.dev.sumena.ee\/en\/wp-json\/wp\/v2\/product_tag?post=62787"}],"curies":[{"name":"wp","href":"https:\/\/api.w.org\/{rel}","templated":true}]}}